{"id":4232,"date":"2022-03-04T11:24:54","date_gmt":"2022-03-04T11:24:54","guid":{"rendered":"https:\/\/multidimensionparis.com\/?page_id=4232"},"modified":"2022-06-09T10:22:43","modified_gmt":"2022-06-09T10:22:43","slug":"conjugation-present-tense","status":"publish","type":"page","link":"https:\/\/multidimensionparis.com\/bn\/conjugation-present-tense\/","title":{"rendered":"conjugation-present-tense"},"content":{"rendered":"<p>[et_pb_section fb_built=&#8221;1&#8243; fullwidth=&#8221;on&#8221; admin_label=&#8221;Header&#8221; _builder_version=&#8221;4.15&#8243; background_color=&#8221;#5a0c1c&#8221; background_image=&#8221;https:\/\/multidimensionparis.com\/wp-content\/uploads\/2020\/04\/day_care_bg_02.png&#8221; custom_padding=&#8221;0px||0px||false|false&#8221; bottom_divider_height=&#8221;2vw&#8221; bottom_divider_height_last_edited=&#8221;off|desktop&#8221; da_disable_devices=&#8221;off|off|off&#8221; global_colors_info=&#8221;{}&#8221; da_is_popup=&#8221;off&#8221; da_exit_intent=&#8221;off&#8221; da_has_close=&#8221;on&#8221; da_alt_close=&#8221;off&#8221; da_dark_close=&#8221;off&#8221; da_not_modal=&#8221;on&#8221; da_is_singular=&#8221;off&#8221; da_with_loader=&#8221;off&#8221; da_has_shadow=&#8221;on&#8221;][et_pb_fullwidth_header title=&#8221;LEARN FRENCH AT EASE&#8221; subhead=&#8221;Through animation videos&#8221; text_orientation=&#8221;center&#8221; button_one_text=&#8221;Join our language programme &#8221; button_one_url=&#8221;@ET-DC@eyJkeW5hbWljIjp0cnVlLCJjb250ZW50IjoicG9zdF9saW5rX3VybF9wYWdlIiwic2V0dGluZ3MiOnsicG9zdF9pZCI6IjQyNyJ9fQ==@&#8221; button_two_text=&#8221;thematic videos&#8221; button_two_url=&#8221;@ET-DC@eyJkeW5hbWljIjp0cnVlLCJjb250ZW50IjoicG9zdF9saW5rX3VybF9wYWdlIiwic2V0dGluZ3MiOnsicG9zdF9pZCI6IjM3NjMifX0=@&#8221; content_max_width=&#8221;650px&#8221; _builder_version=&#8221;4.15&#8243; _dynamic_attributes=&#8221;button_one_url,button_two_url&#8221; title_font=&#8221;|700|||||||&#8221; title_font_size=&#8221;44px&#8221; content_font=&#8221;Muli||||||||&#8221; content_font_size=&#8221;18px&#8221; content_line_height=&#8221;1.8em&#8221; subhead_font=&#8221;||||||||&#8221; subhead_font_size=&#8221;28px&#8221; subhead_line_height=&#8221;1.4em&#8221; background_color=&#8221;rgba(126,190,197,0)&#8221; custom_button_one=&#8221;on&#8221; button_one_text_size=&#8221;16px&#8221; button_one_text_color=&#8221;#000000&#8243; button_one_bg_color=&#8221;#1fd7e0&#8243; button_one_border_width=&#8221;9px&#8221; button_one_border_color=&#8221;rgba(0,0,0,0)&#8221; button_one_border_radius=&#8221;50px&#8221; button_one_letter_spacing=&#8221;4px&#8221; button_one_font=&#8221;|800||on|||||&#8221; button_one_use_icon=&#8221;off&#8221; custom_button_two=&#8221;on&#8221; button_two_text_size=&#8221;16px&#8221; button_two_text_color=&#8221;#000000&#8243; button_two_bg_color=&#8221;#d6d6d6&#8243; button_two_border_width=&#8221;5px&#8221; button_two_border_color=&#8221;#ffffff&#8221; button_two_border_radius=&#8221;48px&#8221; button_two_letter_spacing=&#8221;4px&#8221; button_two_font=&#8221;|900||on|||||&#8221; button_two_use_icon=&#8221;off&#8221; min_height=&#8221;468px&#8221; custom_margin=&#8221;||111px||false|false&#8221; custom_margin_tablet=&#8221;&#8221; custom_margin_phone=&#8221;&#8221; custom_margin_last_edited=&#8221;on|phone&#8221; custom_padding=&#8221;5vw||5vw||true|false&#8221; custom_padding_tablet=&#8221;||10vw||false|false&#8221; custom_padding_phone=&#8221;1vw||16vw||false|false&#8221; custom_padding_last_edited=&#8221;on|phone&#8221; animation_style=&#8221;zoom&#8221; animation_intensity_zoom=&#8221;5%&#8221; title_font_size_tablet=&#8221;60px&#8221; title_font_size_phone=&#8221;30px&#8221; title_font_size_last_edited=&#8221;on|phone&#8221; content_font_size_tablet=&#8221;&#8221; content_font_size_phone=&#8221;16px&#8221; content_font_size_last_edited=&#8221;on|phone&#8221; custom_css_header_container=&#8221;width: 100%;&#8221; title_text_shadow_style=&#8221;preset4&#8243; title_text_shadow_color=&#8221;rgba(0,0,0,0.12)&#8221; button_one_text_shadow_style=&#8221;preset4&#8243; button_one_text_shadow_vertical_length=&#8221;0.09em&#8221; box_shadow_style=&#8221;preset6&#8243; box_shadow_style_button_one=&#8221;preset6&#8243; box_shadow_horizontal_button_one=&#8221;-5px&#8221; box_shadow_blur_button_one=&#8221;24px&#8221; box_shadow_spread_button_one=&#8221;6px&#8221; box_shadow_color_button_one=&#8221;#ffffff&#8221; button_one_letter_spacing_hover=&#8221;4px&#8221; button_two_letter_spacing_hover=&#8221;4px&#8221; global_colors_info=&#8221;{}&#8221; button_one_text_size__hover_enabled=&#8221;off&#8221; button_two_text_size__hover_enabled=&#8221;off&#8221; button_one_text_color__hover_enabled=&#8221;off&#8221; button_two_text_color__hover_enabled=&#8221;off&#8221; button_one_border_width__hover_enabled=&#8221;off&#8221; button_two_border_width__hover_enabled=&#8221;off&#8221; button_one_border_color__hover_enabled=&#8221;off&#8221; button_two_border_color__hover_enabled=&#8221;off&#8221; button_one_border_radius__hover_enabled=&#8221;off&#8221; button_two_border_radius__hover_enabled=&#8221;off&#8221; button_one_letter_spacing__hover_enabled=&#8221;on&#8221; button_one_letter_spacing__hover=&#8221;4px&#8221; button_two_letter_spacing__hover_enabled=&#8221;on&#8221; button_two_letter_spacing__hover=&#8221;4px&#8221; button_one_bg_color__hover_enabled=&#8221;off&#8221; button_two_bg_color__hover_enabled=&#8221;off&#8221; background_color__hover=&#8221;#7EBEC5&#8243; background_color__hover_enabled=&#8221;#7EBEC5&#8243; use_background_color_gradient__hover=&#8221;off&#8221; use_background_color_gradient__hover_enabled=&#8221;off&#8221; background_color_gradient_start__hover=&#8221;#2b87da&#8221; background_color_gradient_start__hover_enabled=&#8221;#2b87da&#8221; background_color_gradient_end__hover=&#8221;#29c4a9&#8243; background_color_gradient_end__hover_enabled=&#8221;#29c4a9&#8243; background_color_gradient_type__hover=&#8221;linear&#8221; background_color_gradient_type__hover_enabled=&#8221;linear&#8221; background_color_gradient_direction__hover=&#8221;180deg&#8221; background_color_gradient_direction__hover_enabled=&#8221;180deg&#8221; background_color_gradient_direction_radial__hover=&#8221;center&#8221; background_color_gradient_direction_radial__hover_enabled=&#8221;center&#8221; background_color_gradient_start_position__hover=&#8221;0%&#8221; background_color_gradient_start_position__hover_enabled=&#8221;0%&#8221; background_color_gradient_end_position__hover=&#8221;100%&#8221; background_color_gradient_end_position__hover_enabled=&#8221;100%&#8221; background_color_gradient_overlays_image__hover=&#8221;off&#8221; background_color_gradient_overlays_image__hover_enabled=&#8221;off&#8221; parallax__hover=&#8221;off&#8221; parallax__hover_enabled=&#8221;off&#8221; parallax_method__hover=&#8221;off&#8221; parallax_method__hover_enabled=&#8221;off&#8221; background_size__hover=&#8221;cover&#8221; background_size__hover_enabled=&#8221;cover&#8221; background_position__hover=&#8221;center&#8221; background_position__hover_enabled=&#8221;center&#8221; background_repeat__hover=&#8221;no-repeat&#8221; background_repeat__hover_enabled=&#8221;no-repeat&#8221; background_blend__hover=&#8221;normal&#8221; background_blend__hover_enabled=&#8221;normal&#8221; allow_player_pause__hover=&#8221;off&#8221; allow_player_pause__hover_enabled=&#8221;off&#8221; background_video_pause_outside_viewport__hover=&#8221;on&#8221; background_video_pause_outside_viewport__hover_enabled=&#8221;on&#8221;][\/et_pb_fullwidth_header][\/et_pb_section][et_pb_section fb_built=&#8221;1&#8243; _builder_version=&#8221;4.15&#8243; background_color=&#8221;rgba(214,214,214,0.57)&#8221; custom_margin=&#8221;-112px||||false|false&#8221; custom_padding=&#8221;5px|||||&#8221; bottom_divider_color=&#8221;#ffffff&#8221; bottom_divider_height=&#8221;104px&#8221; da_disable_devices=&#8221;off|off|off&#8221; global_colors_info=&#8221;{}&#8221; da_is_popup=&#8221;off&#8221; da_exit_intent=&#8221;off&#8221; da_has_close=&#8221;on&#8221; da_alt_close=&#8221;off&#8221; da_dark_close=&#8221;off&#8221; da_not_modal=&#8221;on&#8221; da_is_singular=&#8221;off&#8221; da_with_loader=&#8221;off&#8221; da_has_shadow=&#8221;on&#8221;][et_pb_row _builder_version=&#8221;4.15&#8243; custom_padding=&#8221;0px|||||&#8221; global_colors_info=&#8221;{}&#8221;][et_pb_column type=&#8221;4_4&#8243; _builder_version=&#8221;4.15&#8243; global_colors_info=&#8221;{}&#8221;][et_pb_video src=&#8221;https:\/\/www.youtube.com\/watch?v=pNhSbkgoI6s&#8221; _builder_version=&#8221;4.15&#8243; global_colors_info=&#8221;{}&#8221;][\/et_pb_video][\/et_pb_column][\/et_pb_row][et_pb_row _builder_version=&#8221;4.15.1&#8243; _module_preset=&#8221;default&#8221; custom_padding=&#8221;0px||8px|||&#8221; global_colors_info=&#8221;{}&#8221; theme_builder_area=&#8221;post_content&#8221;][et_pb_column type=&#8221;4_4&#8243; _builder_version=&#8221;4.15.1&#8243; _module_preset=&#8221;default&#8221; global_colors_info=&#8221;{}&#8221; theme_builder_area=&#8221;post_content&#8221;][et_pb_button button_url=&#8221;https:\/\/multidimensionparis.com\/essential-videos\/&#8221; button_text=&#8221;Back &#8221; button_alignment=&#8221;center&#8221; _builder_version=&#8221;4.15.1&#8243; custom_button=&#8221;on&#8221; button_text_color=&#8221;#000000&#8243; button_icon=&#8221;&#x38;||divi||400&#8243; button_on_hover=&#8221;off&#8221; custom_margin=&#8221;||-11px||false|false&#8221; custom_padding=&#8221;0px|35px|0px|12px|true|false&#8221; global_colors_info=&#8221;{}&#8221; theme_builder_area=&#8221;post_content&#8221;][\/et_pb_button][\/et_pb_column][\/et_pb_row][et_pb_row column_structure=&#8221;1_2,1_2&#8243; _builder_version=&#8221;4.15&#8243; global_colors_info=&#8221;{}&#8221;][et_pb_column type=&#8221;1_2&#8243; _builder_version=&#8221;4.15&#8243; global_colors_info=&#8221;{}&#8221;][et_pb_accordion _builder_version=&#8221;4.15&#8243; toggle_text_align=&#8221;center&#8221; toggle_font_size=&#8221;20px&#8221; global_colors_info=&#8221;{}&#8221;][et_pb_accordion_item title=&#8221;TEXT IN FRENCH &#8221; open=&#8221;on&#8221; _builder_version=&#8221;4.15&#8243; body_font_size=&#8221;16px&#8221; background_enable_color=&#8221;off&#8221; text_orientation=&#8221;justified&#8221; border_width_all=&#8221;4px&#8221; border_color_all=&#8221;#ffffff&#8221; box_shadow_style=&#8221;preset6&#8243; global_colors_info=&#8221;{}&#8221; toggle_level=&#8221;h3&#8243; toggle_font=&#8221;|600|||||||&#8221; toggle_text_align=&#8221;center&#8221; toggle_font_size=&#8221;22px&#8221;]<\/p>\n<p><b>CONJUGAISON : PR\u00c9SENT<\/b><\/p>\n<p><b>PROFESSEUR:<\/b><br \/> <span style=\"font-weight: 400;\">Bonjour, dans cet \u00e9pisode de Learn French at ease nous allons parler du temps pr\u00e9sent. On commence!<br \/> <\/span><\/p>\n<p><b>TITRE : QUAND EMPLOYER LE PR\u00c9SENT?<br \/> <\/b><br \/> <b>PROFESSEUR:<\/b><br \/> En fran\u00e7ais, on utilise le pr\u00e9sent pour parler d\u2019une action ou situation qui se d\u00e9roule au moment o\u00f9 nous nous exprimons.<\/p>\n<p>Exemples :<br \/> Je pars \u00e0 l\u2019\u00e9cole.<br \/> il fait le m\u00e9nage.<\/p>\n<p>pour parler d\u2019une action qui se d\u00e9roule dans le pr\u00e9sent ou situation pr\u00e9sente.<br \/> Par exemple: Je m\u2019appelle Tim. J\u2019ai 24 ans.<\/p>\n<p>pour parler d\u2019une action ou situation en cours.<br \/> Par exemple: Je joue de la musique depuis 3 ans. C&#8217;est-\u00e0-dire, je continue \u00e0 le faire.<\/p>\n<p>On peut l&#8217;utiliser pour exprimer une v\u00e9rit\u00e9 scientifique ou un fait habituel.<br \/> Par exemple : L\u2019eau est la source de vie.<\/p>\n<p>Le pr\u00e9sent est aussi employ\u00e9 pour parler du futur.<br \/> Par exemple: La semaine prochaine, j\u2019ai un examen.<\/p>\n<p><b>TITRE : CONJUGAISON AU PR\u00c9SENT<\/b><\/p>\n<p><b>PROFESSEUR:<\/b><br \/> Pour conjuguer les verbes au pr\u00e9sent, on remplace la terminaison de l\u2019infinitif, selon le groupe du verbe, par les terminaisons suivantes :<\/p>\n<p>Les verbes du premier groupe sont tous r\u00e9guliers et leur infinitif se termine par -er (sauf pour le verbe aller qui est irr\u00e9gulier et appartient au troisi\u00e8me groupe). Ce groupe repr\u00e9sente pr\u00e8s de 90 % des verbes.<\/p>\n<p><b>Par exemple: parler<\/b><\/p>\n<p><center>Je parle (-e)<br \/> Tu parles (-es)<br \/> Il \/ Elle\/ On parle (-e)<br \/> Nous parlons (-ons)<br \/> Vous parlez (-ez)<br \/> Ils \/ Elles parlent (-ent)<\/center><\/p>\n<p>Les verbes du deuxi\u00e8me groupe se terminent par ir.<br \/> <b>Par exemple: finir<\/b><\/p>\n<p><center>Je finis (-is)<br \/> Tu finis (-is)<br \/> Il \/ Elle \/ On finit (-it)<br \/> Nous finissons (-issons)<br \/> Vous finissez (-issez)<br \/> Ils \/ Elles finissent (-issent)<\/center><\/p>\n<p>Attention : tous les verbes en<b> -ir<\/b> ne sont pas des verbes du deuxi\u00e8me groupe. Les verbes suivants appartiennent au troisi\u00e8me groupe :<br \/> mourir, partir, mentir, sortir, etc.<\/p>\n<p>Les verbes du troisi\u00e8me groupe sont tous irr\u00e9guliers. On peut cependant subdiviser ce groupe en trois sous-groupes :<br \/> 1. Les verbes termin\u00e9s en -IR (comme OUVRIR)<br \/> 2. Les verbes termin\u00e9s en -OIR (comme POUVOIR)<br \/> 3. Les verbes termin\u00e9s en -RE (comme METTRE)<\/p>\n<p><img decoding=\"async\" src=\"https:\/\/multidimensionparis.com\/wp-content\/uploads\/2022\/03\/fr.jpg\" \/><\/p>\n<p>[\/et_pb_accordion_item][\/et_pb_accordion][\/et_pb_column][et_pb_column type=&#8221;1_2&#8243; _builder_version=&#8221;4.15&#8243; global_colors_info=&#8221;{}&#8221;][et_pb_accordion _builder_version=&#8221;4.15&#8243; toggle_text_align=&#8221;center&#8221; toggle_font_size=&#8221;20px&#8221; body_text_align=&#8221;justify&#8221; global_colors_info=&#8221;{}&#8221;][et_pb_accordion_item title=&#8221;TEXT IN ENGLISH&#8221; open=&#8221;on&#8221; _builder_version=&#8221;4.15&#8243; body_font_size=&#8221;16px&#8221; border_width_all=&#8221;4px&#8221; border_color_all=&#8221;#ffffff&#8221; box_shadow_style=&#8221;preset6&#8243; global_colors_info=&#8221;{}&#8221; toggle_font=&#8221;|600|||||||&#8221; toggle_font_size=&#8221;22px&#8221;]<b>CONJUGATION : PRESENT TENSE<\/b><\/p>\n<p><b>TEACHER:<\/b><br \/>\n<span style=\"font-weight: 400;\">Hello, in this episode of Learn French at ease we are going to talk about the present tense. Let&#8217;s start!<\/span><\/p>\n<p><b>TITLE : WHEN TO USE THE PRESENT TENSE?<\/b><\/p>\n<p><b>TEACHER:<\/b><br \/>\nIn French, we use the present tense to talk about an action or situation that is happening at the moment we are speaking.<\/p>\n<p>Examples :<br \/>\nI&#8217;m going to school.<br \/>\nHe is cleaning the house.<\/p>\n<p>to talk about an action that is taking place in the present or present situation.<br \/>\nFor example: My name is Tim. I am 24 years old.<\/p>\n<p>to talk about an action or situation in the present.<br \/>\nFor example: I have been playing music for 3 years. That is, I&#8217;m still doing it.<\/p>\n<p>It can be used to express a scientific truth or a common fact.<br \/>\nFor example : Water is the source of life.<\/p>\n<p>The present tense is also used to talk about the future.<br \/>\nFor example: Next week I have an exam.<br \/>\n<\/br><br \/>\n<b>TITLE : FORMATION OF THE PRESENT TENSE<\/b><\/p>\n<p><b>TEACHER :<\/b><br \/>\nTo conjugate verbs in the present tense, we replace the infinitive ending, depending on the group of the verb, with the following endings:<br \/>\nThe verbs of the first group are all regular and their infinitive ends with -er (except for the verb to go which is irregular and belongs to the third group). This group represents almost 90% of verbs.<\/p>\n<p><b>For example: to speak (parler)<\/b><\/p>\n<p><center>I speak<br \/>\nYou speak<br \/>\nHe \/ She speaks<br \/>\nWe speak<br \/>\nYou speak<br \/>\nThey speak<\/center><\/p>\n<p>The second group of verbs end with ir.<br \/>\n<b>For example: to finish (finir)<\/b><\/p>\n<p><center>I finish<br \/>\nYou finish<br \/>\nHe \/ She finishes<br \/>\nWe finish<br \/>\nYou finish<br \/>\nThey finish<\/center><\/p>\n<p>Attention: not all verbs with -ir are from the second group. The following verbs belong to the third group:<br \/>\nTo die (mourir), To leave (partir), To lie (mentir), To go out (sortir), etc.<\/p>\n<p>The verbs in the third group are all irregular. However, this group can be divided into three subgroups:<br \/>\n1. Verbs ending with -IR (like OUVRIR \/ DORMIR) &#8211; to open\/ to sleep<br \/>\n2. Verbs ending with -OIR (such as POUVOIR) &#8211; can \/ to be able<br \/>\n3. Verbs ending with -RE (like METTRE) &#8211; to put<\/p>\n<p><img decoding=\"async\" src=\"https:\/\/multidimensionparis.com\/wp-content\/uploads\/2022\/03\/fr-eng.jpg\" \/>[\/et_pb_accordion_item][\/et_pb_accordion][\/et_pb_column][\/et_pb_row][\/et_pb_section][et_pb_section fb_built=&#8221;1&#8243; fullwidth=&#8221;on&#8221; _builder_version=&#8221;4.15&#8243; da_disable_devices=&#8221;off|off|off&#8221; global_colors_info=&#8221;{}&#8221; da_is_popup=&#8221;off&#8221; da_exit_intent=&#8221;off&#8221; da_has_close=&#8221;on&#8221; da_alt_close=&#8221;off&#8221; da_dark_close=&#8221;off&#8221; da_not_modal=&#8221;on&#8221; da_is_singular=&#8221;off&#8221; da_with_loader=&#8221;off&#8221; da_has_shadow=&#8221;on&#8221;][\/et_pb_section]<\/p>\n","protected":false},"excerpt":{"rendered":"<p>CONJUGAISON : PR\u00c9SENT PROFESSEUR: Bonjour, dans cet \u00e9pisode de Learn French at ease nous allons parler du temps pr\u00e9sent. On commence! TITRE : QUAND EMPLOYER LE PR\u00c9SENT? PROFESSEUR: En fran\u00e7ais, on utilise le pr\u00e9sent pour parler d\u2019une action ou situation qui se d\u00e9roule au moment o\u00f9 nous nous exprimons. Exemples : Je pars \u00e0 l\u2019\u00e9cole. [&hellip;]<\/p>\n","protected":false},"author":1,"featured_media":0,"parent":0,"menu_order":0,"comment_status":"closed","ping_status":"closed","template":"","meta":{"_et_pb_use_builder":"on","_et_pb_old_content":"","_et_gb_content_width":"","footnotes":""},"_links":{"self":[{"href":"https:\/\/multidimensionparis.com\/bn\/wp-json\/wp\/v2\/pages\/4232"}],"collection":[{"href":"https:\/\/multidimensionparis.com\/bn\/wp-json\/wp\/v2\/pages"}],"about":[{"href":"https:\/\/multidimensionparis.com\/bn\/wp-json\/wp\/v2\/types\/page"}],"author":[{"embeddable":true,"href":"https:\/\/multidimensionparis.com\/bn\/wp-json\/wp\/v2\/users\/1"}],"replies":[{"embeddable":true,"href":"https:\/\/multidimensionparis.com\/bn\/wp-json\/wp\/v2\/comments?post=4232"}],"version-history":[{"count":7,"href":"https:\/\/multidimensionparis.com\/bn\/wp-json\/wp\/v2\/pages\/4232\/revisions"}],"predecessor-version":[{"id":5027,"href":"https:\/\/multidimensionparis.com\/bn\/wp-json\/wp\/v2\/pages\/4232\/revisions\/5027"}],"wp:attachment":[{"href":"https:\/\/multidimensionparis.com\/bn\/wp-json\/wp\/v2\/media?parent=4232"}],"curies":[{"name":"wp","href":"https:\/\/api.w.org\/{rel}","templated":true}]}}