{"id":4282,"date":"2022-03-08T10:42:57","date_gmt":"2022-03-08T10:42:57","guid":{"rendered":"https:\/\/multidimensionparis.com\/?page_id=4282"},"modified":"2022-06-29T12:47:19","modified_gmt":"2022-06-29T12:47:19","slug":"days-month-and-seasons","status":"publish","type":"page","link":"https:\/\/multidimensionparis.com\/bn\/days-month-and-seasons\/","title":{"rendered":"Days-month-and-seasons"},"content":{"rendered":"<p>[et_pb_section fb_built=&#8221;1&#8243; fullwidth=&#8221;on&#8221; admin_label=&#8221;Header&#8221; _builder_version=&#8221;4.15&#8243; background_color=&#8221;#5a0c1c&#8221; background_image=&#8221;https:\/\/multidimensionparis.com\/wp-content\/uploads\/2020\/04\/day_care_bg_02.png&#8221; custom_padding=&#8221;0px||0px||false|false&#8221; bottom_divider_height=&#8221;2vw&#8221; bottom_divider_height_last_edited=&#8221;off|desktop&#8221; da_disable_devices=&#8221;off|off|off&#8221; global_colors_info=&#8221;{}&#8221; da_is_popup=&#8221;off&#8221; da_exit_intent=&#8221;off&#8221; da_has_close=&#8221;on&#8221; da_alt_close=&#8221;off&#8221; da_dark_close=&#8221;off&#8221; da_not_modal=&#8221;on&#8221; da_is_singular=&#8221;off&#8221; da_with_loader=&#8221;off&#8221; da_has_shadow=&#8221;on&#8221;][et_pb_fullwidth_header title=&#8221;LEARN FRENCH AT EASE&#8221; subhead=&#8221;Through animation videos&#8221; text_orientation=&#8221;center&#8221; button_one_text=&#8221;Join our language programme &#8221; button_one_url=&#8221;@ET-DC@eyJkeW5hbWljIjp0cnVlLCJjb250ZW50IjoicG9zdF9saW5rX3VybF9wYWdlIiwic2V0dGluZ3MiOnsicG9zdF9pZCI6IjQyNyJ9fQ==@&#8221; button_two_text=&#8221;thematic videos&#8221; button_two_url=&#8221;@ET-DC@eyJkeW5hbWljIjp0cnVlLCJjb250ZW50IjoicG9zdF9saW5rX3VybF9wYWdlIiwic2V0dGluZ3MiOnsicG9zdF9pZCI6IjM3NjMifX0=@&#8221; content_max_width=&#8221;650px&#8221; _builder_version=&#8221;4.15&#8243; _dynamic_attributes=&#8221;button_one_url,button_two_url&#8221; title_font=&#8221;|700|||||||&#8221; title_font_size=&#8221;44px&#8221; content_font=&#8221;Muli||||||||&#8221; content_font_size=&#8221;18px&#8221; content_line_height=&#8221;1.8em&#8221; subhead_font=&#8221;||||||||&#8221; subhead_font_size=&#8221;28px&#8221; subhead_line_height=&#8221;1.4em&#8221; background_color=&#8221;rgba(126,190,197,0)&#8221; custom_button_one=&#8221;on&#8221; button_one_text_size=&#8221;16px&#8221; button_one_text_color=&#8221;#000000&#8243; button_one_bg_color=&#8221;#1fd7e0&#8243; button_one_border_width=&#8221;9px&#8221; button_one_border_color=&#8221;rgba(0,0,0,0)&#8221; button_one_border_radius=&#8221;50px&#8221; button_one_letter_spacing=&#8221;4px&#8221; button_one_font=&#8221;|800||on|||||&#8221; button_one_use_icon=&#8221;off&#8221; custom_button_two=&#8221;on&#8221; button_two_text_size=&#8221;16px&#8221; button_two_text_color=&#8221;#000000&#8243; button_two_bg_color=&#8221;#d6d6d6&#8243; button_two_border_width=&#8221;5px&#8221; button_two_border_color=&#8221;#ffffff&#8221; button_two_border_radius=&#8221;48px&#8221; button_two_letter_spacing=&#8221;4px&#8221; button_two_font=&#8221;|900||on|||||&#8221; button_two_use_icon=&#8221;off&#8221; min_height=&#8221;468px&#8221; custom_margin=&#8221;||111px||false|false&#8221; custom_margin_tablet=&#8221;&#8221; custom_margin_phone=&#8221;&#8221; custom_margin_last_edited=&#8221;on|phone&#8221; custom_padding=&#8221;5vw||5vw||true|false&#8221; custom_padding_tablet=&#8221;||10vw||false|false&#8221; custom_padding_phone=&#8221;1vw||16vw||false|false&#8221; custom_padding_last_edited=&#8221;on|phone&#8221; animation_style=&#8221;zoom&#8221; animation_intensity_zoom=&#8221;5%&#8221; title_font_size_tablet=&#8221;60px&#8221; title_font_size_phone=&#8221;30px&#8221; title_font_size_last_edited=&#8221;on|phone&#8221; content_font_size_tablet=&#8221;&#8221; content_font_size_phone=&#8221;16px&#8221; content_font_size_last_edited=&#8221;on|phone&#8221; custom_css_header_container=&#8221;width: 100%;&#8221; title_text_shadow_style=&#8221;preset4&#8243; title_text_shadow_color=&#8221;rgba(0,0,0,0.12)&#8221; button_one_text_shadow_style=&#8221;preset4&#8243; button_one_text_shadow_vertical_length=&#8221;0.09em&#8221; box_shadow_style=&#8221;preset6&#8243; box_shadow_style_button_one=&#8221;preset6&#8243; box_shadow_horizontal_button_one=&#8221;-5px&#8221; box_shadow_blur_button_one=&#8221;24px&#8221; box_shadow_spread_button_one=&#8221;6px&#8221; box_shadow_color_button_one=&#8221;#ffffff&#8221; button_one_letter_spacing_hover=&#8221;4px&#8221; button_two_letter_spacing_hover=&#8221;4px&#8221; global_colors_info=&#8221;{}&#8221; button_one_text_size__hover_enabled=&#8221;off&#8221; button_two_text_size__hover_enabled=&#8221;off&#8221; button_one_text_color__hover_enabled=&#8221;off&#8221; button_two_text_color__hover_enabled=&#8221;off&#8221; button_one_border_width__hover_enabled=&#8221;off&#8221; button_two_border_width__hover_enabled=&#8221;off&#8221; button_one_border_color__hover_enabled=&#8221;off&#8221; button_two_border_color__hover_enabled=&#8221;off&#8221; button_one_border_radius__hover_enabled=&#8221;off&#8221; button_two_border_radius__hover_enabled=&#8221;off&#8221; button_one_letter_spacing__hover_enabled=&#8221;on&#8221; button_one_letter_spacing__hover=&#8221;4px&#8221; button_two_letter_spacing__hover_enabled=&#8221;on&#8221; button_two_letter_spacing__hover=&#8221;4px&#8221; button_one_bg_color__hover_enabled=&#8221;off&#8221; button_two_bg_color__hover_enabled=&#8221;off&#8221; background_color__hover=&#8221;#7EBEC5&#8243; background_color__hover_enabled=&#8221;#7EBEC5&#8243; use_background_color_gradient__hover=&#8221;off&#8221; use_background_color_gradient__hover_enabled=&#8221;off&#8221; background_color_gradient_start__hover=&#8221;#2b87da&#8221; background_color_gradient_start__hover_enabled=&#8221;#2b87da&#8221; background_color_gradient_end__hover=&#8221;#29c4a9&#8243; background_color_gradient_end__hover_enabled=&#8221;#29c4a9&#8243; background_color_gradient_type__hover=&#8221;linear&#8221; background_color_gradient_type__hover_enabled=&#8221;linear&#8221; background_color_gradient_direction__hover=&#8221;180deg&#8221; background_color_gradient_direction__hover_enabled=&#8221;180deg&#8221; background_color_gradient_direction_radial__hover=&#8221;center&#8221; background_color_gradient_direction_radial__hover_enabled=&#8221;center&#8221; background_color_gradient_start_position__hover=&#8221;0%&#8221; background_color_gradient_start_position__hover_enabled=&#8221;0%&#8221; background_color_gradient_end_position__hover=&#8221;100%&#8221; background_color_gradient_end_position__hover_enabled=&#8221;100%&#8221; background_color_gradient_overlays_image__hover=&#8221;off&#8221; background_color_gradient_overlays_image__hover_enabled=&#8221;off&#8221; parallax__hover=&#8221;off&#8221; parallax__hover_enabled=&#8221;off&#8221; parallax_method__hover=&#8221;off&#8221; parallax_method__hover_enabled=&#8221;off&#8221; background_size__hover=&#8221;cover&#8221; background_size__hover_enabled=&#8221;cover&#8221; background_position__hover=&#8221;center&#8221; background_position__hover_enabled=&#8221;center&#8221; background_repeat__hover=&#8221;no-repeat&#8221; background_repeat__hover_enabled=&#8221;no-repeat&#8221; background_blend__hover=&#8221;normal&#8221; background_blend__hover_enabled=&#8221;normal&#8221; allow_player_pause__hover=&#8221;off&#8221; allow_player_pause__hover_enabled=&#8221;off&#8221; background_video_pause_outside_viewport__hover=&#8221;on&#8221; background_video_pause_outside_viewport__hover_enabled=&#8221;on&#8221;][\/et_pb_fullwidth_header][\/et_pb_section][et_pb_section fb_built=&#8221;1&#8243; _builder_version=&#8221;4.15&#8243; background_color=&#8221;rgba(214,214,214,0.57)&#8221; custom_margin=&#8221;-112px||||false|false&#8221; custom_padding=&#8221;5px|||||&#8221; bottom_divider_color=&#8221;#ffffff&#8221; bottom_divider_height=&#8221;104px&#8221; da_disable_devices=&#8221;off|off|off&#8221; global_colors_info=&#8221;{}&#8221; da_is_popup=&#8221;off&#8221; da_exit_intent=&#8221;off&#8221; da_has_close=&#8221;on&#8221; da_alt_close=&#8221;off&#8221; da_dark_close=&#8221;off&#8221; da_not_modal=&#8221;on&#8221; da_is_singular=&#8221;off&#8221; da_with_loader=&#8221;off&#8221; da_has_shadow=&#8221;on&#8221;][et_pb_row _builder_version=&#8221;4.15&#8243; custom_padding=&#8221;0px|||||&#8221; global_colors_info=&#8221;{}&#8221;][et_pb_column type=&#8221;4_4&#8243; _builder_version=&#8221;4.15&#8243; global_colors_info=&#8221;{}&#8221;][et_pb_video src=&#8221;https:\/\/www.youtube.com\/watch?v=GGPaDDW5wk4&#8243; _builder_version=&#8221;4.15&#8243; global_colors_info=&#8221;{}&#8221;][\/et_pb_video][et_pb_video _builder_version=&#8221;4.15.1&#8243; _module_preset=&#8221;default&#8221; src=&#8221;https:\/\/www.youtube.com\/watch?v=bPTHFKr9m-A&#038;t=2s&#8221; hover_enabled=&#8221;0&#8243; sticky_enabled=&#8221;0&#8243;][\/et_pb_video][\/et_pb_column][\/et_pb_row][et_pb_row _builder_version=&#8221;4.15.1&#8243; _module_preset=&#8221;default&#8221; custom_padding=&#8221;0px||8px|||&#8221; global_colors_info=&#8221;{}&#8221;][et_pb_column type=&#8221;4_4&#8243; _builder_version=&#8221;4.15.1&#8243; _module_preset=&#8221;default&#8221; global_colors_info=&#8221;{}&#8221;][et_pb_button button_url=&#8221;https:\/\/multidimensionparis.com\/basic-videos\/&#8221; button_text=&#8221;Back &#8221; button_alignment=&#8221;center&#8221; _builder_version=&#8221;4.15.1&#8243; custom_button=&#8221;on&#8221; button_text_color=&#8221;#000000&#8243; button_icon=&#8221;&#x38;||divi||400&#8243; button_on_hover=&#8221;off&#8221; custom_padding=&#8221;0px|35px|0px|12px|true|false&#8221; global_colors_info=&#8221;{}&#8221;][\/et_pb_button][\/et_pb_column][\/et_pb_row][et_pb_row column_structure=&#8221;1_2,1_2&#8243; _builder_version=&#8221;4.15&#8243; custom_padding=&#8221;12px|||||&#8221; global_colors_info=&#8221;{}&#8221;][et_pb_column type=&#8221;1_2&#8243; _builder_version=&#8221;4.15&#8243; global_colors_info=&#8221;{}&#8221;][et_pb_accordion _builder_version=&#8221;4.15&#8243; toggle_text_align=&#8221;center&#8221; toggle_font_size=&#8221;20px&#8221; global_colors_info=&#8221;{}&#8221;][et_pb_accordion_item title=&#8221; FRENCH TO ENGLISH&#8221; open=&#8221;on&#8221; open_toggle_text_color=&#8221;#000000&#8243; _builder_version=&#8221;4.15&#8243; body_font=&#8221;Arial||||||||&#8221; body_text_color=&#8221;#000000&#8243; body_font_size=&#8221;16px&#8221; body_line_height=&#8221;1.4em&#8221; background_enable_color=&#8221;off&#8221; text_orientation=&#8221;justified&#8221; border_width_all=&#8221;4px&#8221; border_color_all=&#8221;#ffffff&#8221; box_shadow_style=&#8221;preset6&#8243; global_colors_info=&#8221;{}&#8221; toggle_level=&#8221;h3&#8243; toggle_font=&#8221;|600|||||||&#8221; toggle_text_align=&#8221;center&#8221; toggle_font_size=&#8221;22px&#8221;]<\/p>\n<p><b>JOURS, MOIS ET SAISONS<\/b><br \/> <span style=\"color: #1000ff;\"><b>DAYS, MONTHS AND SEASONS<\/b><\/span><\/p>\n<p><b>Enseignant :<\/b> Bonjour, comment \u00e7a va? \u00c7a va bien? G\u00e9nial!<br \/> Aujourd\u2019hui on va apprendre les jours de la semaine, les mois de l\u2019ann\u00e9e aussi les saisons et comment les utiliser.<br \/> <span style=\"color: #1000ff;\"><b>Teacher : <\/b>Good morning, how are you? Is everything alright? Great! Today we&#8217;re going to learn the days of the week, the months of the year, the seasons and how to use them.<br \/> <\/span><\/p>\n<p><b>Les jours de la semaine <\/b><br \/> <b style=\"color: #1000ff;\">Days of the week<\/b><\/p>\n<p>Le lundi &#8211; <span style=\"color: #1000ff;\">Monday<\/span><br \/> Le mardi &#8211; <span style=\"color: #1000ff;\">Tuesday<\/span><br \/> Le mercredi &#8211; <span style=\"color: #1000ff;\">Wednesday<\/span><br \/> Le jeudi &#8211; <span style=\"color: #1000ff;\">Thursday <\/span><br \/> Le vendredi &#8211; <span style=\"color: #1000ff;\">Friday<\/span><br \/> Le samedi &#8211; <span style=\"color: #1000ff;\">Saturday<\/span><br \/> Le dimanche &#8211; <span style=\"color: #1000ff;\">Sunday <\/span><\/p>\n<p><b>Les mois de l\u2019ann\u00e9e <\/b><br \/> <b style=\"color: #1000ff;\">Months of the year<\/b><\/p>\n<p>Janvier &#8211; <span style=\"color: #1000ff;\">January<\/span><br \/> F\u00e9vrier &#8211; <span style=\"color: #1000ff;\">February <\/span><br \/> Mars &#8211; <span style=\"color: #1000ff;\">March<\/span><br \/> Avril &#8211; <span style=\"color: #1000ff;\">April<\/span><br \/> Mai &#8211; <span style=\"color: #1000ff;\">May <\/span><br \/> Juin &#8211; <span style=\"color: #1000ff;\"> June <\/span><br \/> Juillet &#8211; <span style=\"color: #1000ff;\">July <\/span><br \/> Ao\u00fbt &#8211; <span style=\"color: #1000ff;\">August <\/span><br \/> Septembre &#8211; <span style=\"color: #1000ff;\">September<\/span><br \/> Octobre &#8211; <span style=\"color: #1000ff;\">October <\/span><br \/> Novembre &#8211; <span style=\"color: #1000ff;\">November<\/span><br \/> D\u00e9cembre &#8211; <span style=\"color: #1000ff;\"> December <\/span><\/p>\n<p><b>Les quatres saisons de l\u2019ann\u00e9e <\/b><br \/> <b style=\"color: #1000ff;\">Four seasons of the year<\/b><\/p>\n<p><span>Il y a quatre saisons en France. <\/span><br \/> <span style=\"color: #1000ff;\">There are four seasons in France.<\/span><\/p>\n<p>L\u2019\u00e9t\u00e9 &#8211;<span style=\"color: #1000ff;\"> Summer <\/span><br \/> L\u2019automne &#8211;<span style=\"color: #1000ff;\"> Autumn <\/span><br \/> L\u2019hiver &#8211;<span style=\"color: #1000ff;\"> Winter <\/span><br \/> Le printemps &#8211; <span style=\"color: #1000ff;\">Spring <\/span><\/p>\n<p><b>Enseignant:<\/b><br \/> Maintenant nous allons apprendre \u00e0 les utiliser.<br \/> <span style=\"color: #1000ff;\"><b>Teacher:<\/b><br \/> Now we will learn how to use those.<\/span><\/p>\n<p>Lundi prochain &#8211;<span style=\"color: #1000ff;\"> Next Monday<br \/> Lundi dernier &#8211;<span style=\"color: #1000ff;\"> Last Monday<\/span><\/span><\/p>\n<p>Mardi prochain\/ Mardi dernier &#8211;<span style=\"color: #1000ff;\"> Next Tuesday \/ Last Tuesday <\/span><br \/> Mars prochain &#8211; <span style=\"color: #1000ff;\">Next March <\/span><br \/> Mai dernier &#8211;<span style=\"color: #1000ff;\"> Last May <\/span><br \/> L&#8217;\u00e9t\u00e9 prochain &#8211;<span style=\"color: #1000ff;\"> Next Summer<\/span><br \/> Le printemps prochain &#8211;<span style=\"color: #1000ff;\"> Last Spring<\/span><\/p>\n<p>Aujourd\u2019hui, nous sommes le dimanche 10 mai.<br \/> Si nous parlons du dimanche dernier, cela signifie dimanche 3 mai.<br \/> <span style=\"color: #1000ff;\"> Today is Sunday 10 May.<br \/> If we talk about last Sunday, that means Sunday 3 May.<\/span><\/p>\n<p>Je te donne rendez-vous jeudi prochain.<br \/> <span style=\"color: #1000ff;\">I&#8217;ll see you next Thursday. <\/span><\/p>\n<p>Je vais partir en vacances la semaine prochaine.<br \/> <span style=\"color: #1000ff;\">I&#8217;m going on holiday next week. <\/span><\/p>\n<p>Le r\u00e9union se tiendra en juin prochain.<br \/> <span style=\"color: #1000ff;\">The meeting will be held next June. <\/span><\/p>\n<p>Le dossier doit \u00eatre d\u00e9pos\u00e9 au plus tard le 5 mai.<br \/> C\u2019est \u00e0 dire que le dossier doit \u00eatre d\u00e9pos\u00e9 avant le 5 mai.<br \/> <span style=\"color: #1000ff;\">The application must be submitted by 5 May at the latest.<br \/> That means that the application has to be submitted before the 5th of May.<\/span><\/p>\n<p>Ce printemps nous devons rester chez nous.<br \/> Nous aurons une vie normale l\u2019\u00e9t\u00e9 prochain.<br \/> <span style=\"color: #1000ff;\">This spring we have to stay at home.<br \/> We will have a normal life next summer.<\/span><\/p>\n<p>[\/et_pb_accordion_item][\/et_pb_accordion][\/et_pb_column][et_pb_column type=&#8221;1_2&#8243; _builder_version=&#8221;4.15&#8243; global_colors_info=&#8221;{}&#8221;][et_pb_accordion _builder_version=&#8221;4.15&#8243; toggle_text_align=&#8221;center&#8221; toggle_font_size=&#8221;20px&#8221; body_text_align=&#8221;justify&#8221; global_colors_info=&#8221;{}&#8221;][et_pb_accordion_item title=&#8221;\u09ab\u09b0\u09be\u09b8\u09bf \u09a5\u09c7\u0995\u09c7 \u09ac\u09be\u0982\u09b2\u09be&#8221; open=&#8221;on&#8221; _builder_version=&#8221;4.15&#8243; body_font_size=&#8221;16px&#8221; border_width_all=&#8221;4px&#8221; border_color_all=&#8221;#ffffff&#8221; box_shadow_style=&#8221;preset6&#8243; global_colors_info=&#8221;{}&#8221; toggle_font=&#8221;|600|||||||&#8221; toggle_font_size=&#8221;22px&#8221;]<\/p>\n<p><b>JOURS, MOIS ET SAISONS<\/b><br \/> <span style=\"color: #1000ff;\"><b>\u09a6\u09bf\u09a8, \u09ae\u09be\u09b8 \u098f\u09ac\u0982 \u098b\u09a4\u09c1<\/b><\/span><\/p>\n<p><b>Enseignant :<\/b> Bonjour, comment \u00e7a va? \u00c7a va bien? G\u00e9nial!<br \/> Aujourd\u2019hui on va apprendre les jours de la semaine, les mois de l\u2019ann\u00e9e aussi les saisons et comment les utiliser.<br \/> <span style=\"color: #1000ff;\"><b>\u09b6\u09bf\u0995\u09cd\u09b7\u0995 : <\/b>\u09b8\u09c1\u09aa\u09cd\u09b0\u09ad\u09be\u09a4, \u0986\u09aa\u09a8\u09be\u09b0\u09be \u0995\u09c7\u09ae\u09a8 \u0986\u099b\u09c7\u09a8? \u09b8\u09ac \u09ad\u09be\u09b2\u09ad\u09be\u09ac\u09c7 \u098f\u0997\u09cb\u099a\u09cd\u099b\u09c7? \u0985\u09b8\u09be\u09a7\u09be\u09b0\u09a3!<br \/> \u0986\u099c \u0986\u09ae\u09b0\u09be \u09b8\u09aa\u09cd\u09a4\u09be\u09b9\u09c7\u09b0 \u09a6\u09bf\u09a8, \u09ac\u099b\u09b0\u09c7\u09b0 \u09ae\u09be\u09b8, \u098b\u09a4\u09c1\u0997\u09c1\u09b2\u09cb \u0986\u09b0 \u0995\u09c0\u09ad\u09be\u09ac\u09c7 \u09b8\u09c7\u0997\u09c1\u09b2\u09bf \u09ac\u09cd\u09af\u09ac\u09b9\u09be\u09b0 \u0995\u09b0\u09a4\u09c7 \u09b9\u09ac\u09c7 \u09a4\u09be \u09b6\u09bf\u0996\u09a4\u09c7 \u09af\u09be\u099a\u09cd\u099b\u09bf\u0964<\/span><\/p>\n<p><b>Les jours de la semaine <\/b><br \/> <b style=\"color: #1000ff;\">\u09b8\u09aa\u09cd\u09a4\u09be\u09b9\u09c7\u09b0 \u09a6\u09bf\u09a8\u0997\u09c1\u09b2\u09cb<\/b><\/p>\n<p>Le lundi &#8211; <span style=\"color: #1000ff;\">\u09b8\u09cb\u09ae\u09ac\u09be\u09b0<\/span><br \/> Le mardi &#8211; <span style=\"color: #1000ff;\">\u09ae\u0999\u09cd\u0997\u09b2\u09ac\u09be\u09b0 <\/span><br \/> Le mercredi &#8211; <span style=\"color: #1000ff;\">\u09ac\u09c1\u09a7\u09ac\u09be\u09b0<\/span><br \/> Le jeudi &#8211; <span style=\"color: #1000ff;\">\u09ac\u09c3\u09b9\u09b8\u09cd\u09aa\u09a4\u09bf\u09ac\u09be\u09b0 <\/span><br \/> Le vendredi &#8211; <span style=\"color: #1000ff;\">\u09b6\u09c1\u0995\u09cd\u09b0\u09ac\u09be\u09b0 <\/span><br \/> Le samedi &#8211; <span style=\"color: #1000ff;\">\u09b6\u09a8\u09bf\u09ac\u09be\u09b0 <\/span><br \/> Le dimanche &#8211; <span style=\"color: #1000ff;\">\u09b0\u09ac\u09bf\u09ac\u09be\u09b0<\/span><\/p>\n<p><b>Les mois de l\u2019ann\u00e9e <\/b><br \/> <b style=\"color: #1000ff;\">\u09ac\u099b\u09b0\u09c7\u09b0 \u09ae\u09be\u09b8\u0997\u09c1\u09b2\u09cb <\/b><\/p>\n<p>Janvier &#8211; <span style=\"color: #1000ff;\">\u099c\u09be\u09a8\u09c1\u09af\u09bc\u09be\u09b0\u09c0 <\/span><br \/> F\u00e9vrier &#8211; <span style=\"color: #1000ff;\">\u09ab\u09c7\u09ac\u09cd\u09b0\u09c1\u09af\u09bc\u09be\u09b0\u09bf <\/span><br \/> Mars &#8211; <span style=\"color: #1000ff;\">\u09ae\u09be\u09b0\u09cd\u099a <\/span><br \/> Avril &#8211; <span style=\"color: #1000ff;\">\u098f\u09aa\u09cd\u09b0\u09bf\u09b2 <\/span><br \/> Mai &#8211; <span style=\"color: #1000ff;\">\u09ae\u09c7<\/span><br \/> Juin &#8211; <span style=\"color: #1000ff;\"> \u099c\u09c1\u09a8 <\/span><br \/> Juillet &#8211; <span style=\"color: #1000ff;\">\u099c\u09c1\u09b2\u09be\u0987<\/span><br \/> Ao\u00fbt &#8211; <span style=\"color: #1000ff;\">\u0986\u0997\u09b8\u09cd\u099f <\/span><br \/> Septembre &#8211; <span style=\"color: #1000ff;\">\u09b8\u09c7\u09aa\u09cd\u099f\u09c7\u09ae\u09cd\u09ac\u09b0 <\/span><br \/> Octobre &#8211; <span style=\"color: #1000ff;\">\u0985\u0995\u09cd\u099f\u09cb\u09ac\u09b0 <\/span><br \/> Novembre &#8211; <span style=\"color: #1000ff;\">\u09a8\u09ad\u09c7\u09ae\u09cd\u09ac\u09b0<\/span><br \/> D\u00e9cembre &#8211; <span style=\"color: #1000ff;\"> \u09a1\u09bf\u09b8\u09c7\u09ae\u09cd\u09ac\u09b0 <\/span><\/p>\n<p><b>Les quatres saisons de l\u2019ann\u00e9e <\/b><br \/> <b style=\"color: #1000ff;\">\u09ac\u099b\u09b0\u09c7\u09b0 \u099a\u09be\u09b0\u099f\u09bf \u098b\u09a4\u09c1<\/b><\/p>\n<p><span>Il y a quatre saisons en France. <\/span><br \/> <span style=\"color: #1000ff;\">\u09ab\u09cd\u09b0\u09be\u09a8\u09cd\u09b8\u09c7 \u099a\u09be\u09b0\u099f\u09bf \u098b\u09a4\u09c1 \u09b0\u09af\u09bc\u09c7\u099b\u09c7\u0964<br \/> <\/span><\/p>\n<p>L\u2019\u00e9t\u00e9 &#8211;<span style=\"color: #1000ff;\"> \u0997\u09cd\u09b0\u09c0\u09b7\u09cd\u09ae <\/span><br \/> L\u2019automne &#8211;<span style=\"color: #1000ff;\"> \u09b6\u09b0\u09ce<\/span><br \/> L\u2019hiver &#8211;<span style=\"color: #1000ff;\"> \u09b6\u09c0\u09a4 <\/span><br \/> Le printemps &#8211; <span style=\"color: #1000ff;\">\u09ac\u09b8\u09a8\u09cd\u09a4<\/span><\/p>\n<p><b>Enseignant:<\/b><br \/> Maintenant nous allons apprendre \u00e0 les utiliser.<br \/> <span style=\"color: #1000ff;\"><b>\u09b6\u09bf\u0995\u09cd\u09b7\u0995 :<\/b><br \/> \u098f\u0996\u09a8 \u0986\u09ae\u09b0\u09be \u09b6\u09bf\u0996\u09ac \u0995\u09bf\u09ad\u09be\u09ac\u09c7 \u098f\u0997\u09c1\u09b2\u09cb \u09ac\u09cd\u09af\u09ac\u09b9\u09be\u09b0 \u0995\u09b0\u09a4\u09c7 \u09b9\u09af\u09bc\u0964<\/span><\/p>\n<p>Lundi prochain &#8211;<span style=\"color: #1000ff;\">\u0986\u0997\u09be\u09ae\u09c0 \u09b8\u09cb\u09ae\u09ac\u09be\u09b0<br \/> Lundi dernier &#8211;<span style=\"color: #1000ff;\"> \u0997\u09a4 \u09b8\u09cb\u09ae\u09ac\u09be\u09b0<\/span><\/span><\/p>\n<p>Mardi prochain\/ Mardi dernier &#8211;<span style=\"color: #1000ff;\"> \u0986\u0997\u09be\u09ae\u09c0 \u09ae\u0999\u09cd\u0997\u09b2\u09ac\u09be\u09b0 \/ \u0997\u09a4 \u09ae\u0999\u09cd\u0997\u09b2\u09ac\u09be\u09b0<\/span><br \/> Mars prochain &#8211; <span style=\"color: #1000ff;\">\u0986\u0997\u09be\u09ae\u09c0 \u09ae\u09be\u09b0\u09cd\u099a <\/span><br \/> Mai dernier &#8211;<span style=\"color: #1000ff;\">\u0997\u09a4 \u09ae\u09c7 <\/span><br \/> L&#8217;\u00e9t\u00e9 prochain &#8211;<span style=\"color: #1000ff;\"> \u0986\u0997\u09be\u09ae\u09c0 \u0997\u09cd\u09b0\u09c0\u09b7\u09cd\u09ae<\/span><br \/> Le printemps prochain &#8211;<span style=\"color: #1000ff;\"> \u0986\u0997\u09be\u09ae\u09c0 \u09ac\u09b8\u09a8\u09cd\u09a4<\/span><\/p>\n<p>Aujourd\u2019hui, nous sommes le dimanche 10 mai.<br \/> Si nous parlons du dimanche dernier, cela signifie dimanche 3 mai.<br \/> <span style=\"color: #1000ff;\"> \u0986\u099c \u09b0\u09ac\u09bf\u09ac\u09be\u09b0 \u09e7\u09e6\u0987 \u09ae\u09c7\u0964<br \/> \u0986\u09ae\u09b0\u09be \u09af\u09a6\u09bf \u0997\u09a4 \u09b0\u09ac\u09bf\u09ac\u09be\u09b0\u09c7\u09b0 \u0995\u09a5\u09be \u09ac\u09b2\u09bf, \u09a4\u09be\u09b9\u09b2\u09c7 \u098f\u09b0 \u09ae\u09be\u09a8\u09c7 \u09b9\u09b2 \u09b0\u09ac\u09bf\u09ac\u09be\u09b0 \u09e9\u09b0\u09be \u09ae\u09c7 \u0964<br \/> <\/span><\/p>\n<p>Je te donne rendez-vous jeudi prochain.<br \/> <span style=\"color: #1000ff;\">\u0986\u09ae\u09bf \u09a4\u09cb\u09ae\u09be\u09b0 \u09b8\u09be\u09a5\u09c7 \u0986\u0997\u09be\u09ae\u09c0 \u09ac\u09c3\u09b9\u09b8\u09cd\u09aa\u09a4\u09bf\u09ac\u09be\u09b0 \u09a6\u09c7\u0996\u09be \u0995\u09b0\u09ac\u0964 <\/span><\/p>\n<p>Je vais partir en vacances la semaine prochaine.<br \/> <span style=\"color: #1000ff;\">\u0986\u09ae\u09bf \u0986\u0997\u09be\u09ae\u09c0 \u09b8\u09aa\u09cd\u09a4\u09be\u09b9\u09c7 \u099b\u09c1\u099f\u09bf\u09a4\u09c7 \u09af\u09be\u099a\u09cd\u099b\u09bf\u0964<\/span><\/p>\n<p>Le r\u00e9union se tiendra en juin prochain.<br \/> <span style=\"color: #1000ff;\">\u0986\u0997\u09be\u09ae\u09c0 \u099c\u09c1\u09a8\u09c7 \u098f \u09ac\u09c8\u09a0\u0995 \u0985\u09a8\u09c1\u09b7\u09cd\u09a0\u09bf\u09a4 \u09b9\u09ac\u09c7\u0964 <\/span><\/p>\n<p>Le dossier doit \u00eatre d\u00e9pos\u00e9 au plus tard le 5 mai.<br \/> C\u2019est \u00e0 dire que le dossier doit \u00eatre d\u00e9pos\u00e9 avant le 5 mai.<br \/> <span style=\"color: #1000ff;\">\u09eb \u09ae\u09c7 \u098f\u09b0 \u09ae\u09a7\u09cd\u09af\u09c7 \u0986\u09ac\u09c7\u09a6\u09a8 \u099c\u09ae\u09be \u09a6\u09bf\u09a4\u09c7 \u09b9\u09ac\u09c7\u0964<br \/> \u0985\u09b0\u09cd\u09a5\u09be\u09ce \u09eb \u09ae\u09c7 \u098f\u09b0 \u0986\u0997\u09c7 \u0986\u09ac\u09c7\u09a6\u09a8 \u099c\u09ae\u09be \u09a6\u09bf\u09a4\u09c7 \u09b9\u09ac\u09c7\u0964<br \/> <\/span><\/p>\n<p>Ce printemps nous devons rester chez nous.<br \/> Nous aurons une vie normale l\u2019\u00e9t\u00e9 prochain.<br \/> <span style=\"color: #1000ff;\">\u098f\u0987 \u09ac\u09b8\u09a8\u09cd\u09a4\u09c7 \u0986\u09ae\u09be\u09a6\u09c7\u09b0 \u09ac\u09be\u09dc\u09bf\u09a4\u09c7 \u09a5\u09be\u0995\u09a4\u09c7 \u09b9\u09ac\u09c7\u0964<br \/> \u0986\u0997\u09be\u09ae\u09c0 \u0997\u09cd\u09b0\u09c0\u09b7\u09cd\u09ae\u09c7 \u0986\u09ae\u09b0\u09be \u09b8\u09cd\u09ac\u09be\u09ad\u09be\u09ac\u09bf\u0995 \u099c\u09c0\u09ac\u09a8\u09af\u09be\u09aa\u09a8 \u0995\u09b0\u09ac\u0964<br \/> <\/span><\/p>\n<p>[\/et_pb_accordion_item][\/et_pb_accordion][\/et_pb_column][\/et_pb_row][et_pb_row _builder_version=&#8221;4.15&#8243; global_colors_info=&#8221;{}&#8221;][et_pb_column type=&#8221;4_4&#8243; _builder_version=&#8221;4.15&#8243; global_colors_info=&#8221;{}&#8221;][et_pb_text _builder_version=&#8221;4.15&#8243; header_2_font=&#8221;|700|||||||&#8221; header_2_text_align=&#8221;center&#8221; header_2_text_color=&#8221;#e02b20&#8243; custom_margin=&#8221;||6px|||&#8221; global_colors_info=&#8221;{}&#8221;]<\/p>\n<h2>Subscribe to our Youtube channel<\/h2>\n<p>[\/et_pb_text][et_pb_image src=&#8221;https:\/\/multidimensionparis.com\/wp-content\/uploads\/2022\/03\/our-youtube-chanel.png&#8221; url=&#8221;https:\/\/www.youtube.com\/channel\/UClHu8I71aoBENxo-4vvf2sw\/featured&#8221; url_new_window=&#8221;on&#8221; align=&#8221;center&#8221; _builder_version=&#8221;4.15&#8243; custom_margin=&#8221;-3px|||||&#8221; global_colors_info=&#8221;{}&#8221;][\/et_pb_image][\/et_pb_column][\/et_pb_row][\/et_pb_section]<\/p>\n","protected":false},"excerpt":{"rendered":"<p>JOURS, MOIS ET SAISONS DAYS, MONTHS AND SEASONS Enseignant : Bonjour, comment \u00e7a va? \u00c7a va bien? G\u00e9nial! Aujourd\u2019hui on va apprendre les jours de la semaine, les mois de l\u2019ann\u00e9e aussi les saisons et comment les utiliser. Teacher : Good morning, how are you? Is everything alright? Great! Today we&#8217;re going to learn the [&hellip;]<\/p>\n","protected":false},"author":1,"featured_media":0,"parent":0,"menu_order":0,"comment_status":"closed","ping_status":"closed","template":"","meta":{"_et_pb_use_builder":"on","_et_pb_old_content":"","_et_gb_content_width":"","footnotes":""},"_links":{"self":[{"href":"https:\/\/multidimensionparis.com\/bn\/wp-json\/wp\/v2\/pages\/4282"}],"collection":[{"href":"https:\/\/multidimensionparis.com\/bn\/wp-json\/wp\/v2\/pages"}],"about":[{"href":"https:\/\/multidimensionparis.com\/bn\/wp-json\/wp\/v2\/types\/page"}],"author":[{"embeddable":true,"href":"https:\/\/multidimensionparis.com\/bn\/wp-json\/wp\/v2\/users\/1"}],"replies":[{"embeddable":true,"href":"https:\/\/multidimensionparis.com\/bn\/wp-json\/wp\/v2\/comments?post=4282"}],"version-history":[{"count":7,"href":"https:\/\/multidimensionparis.com\/bn\/wp-json\/wp\/v2\/pages\/4282\/revisions"}],"predecessor-version":[{"id":5285,"href":"https:\/\/multidimensionparis.com\/bn\/wp-json\/wp\/v2\/pages\/4282\/revisions\/5285"}],"wp:attachment":[{"href":"https:\/\/multidimensionparis.com\/bn\/wp-json\/wp\/v2\/media?parent=4282"}],"curies":[{"name":"wp","href":"https:\/\/api.w.org\/{rel}","templated":true}]}}