{"id":4533,"date":"2022-04-12T16:53:10","date_gmt":"2022-04-12T16:53:10","guid":{"rendered":"https:\/\/multidimensionparis.com\/?page_id=4533"},"modified":"2022-06-09T10:24:24","modified_gmt":"2022-06-09T10:24:24","slug":"polite-expression-1","status":"publish","type":"page","link":"https:\/\/multidimensionparis.com\/bn\/polite-expression-1\/","title":{"rendered":"Polite expression 1"},"content":{"rendered":"<p>[et_pb_section fb_built=&#8221;1&#8243; fullwidth=&#8221;on&#8221; admin_label=&#8221;Header&#8221; _builder_version=&#8221;4.15&#8243; background_color=&#8221;#5a0c1c&#8221; background_image=&#8221;https:\/\/multidimensionparis.com\/wp-content\/uploads\/2020\/04\/day_care_bg_02.png&#8221; parallax=&#8221;on&#8221; parallax_method=&#8221;off&#8221; custom_margin=&#8221;||&#8221; custom_padding=&#8221;||0px||false|false&#8221; bottom_divider_height=&#8221;2vw&#8221; bottom_divider_height_last_edited=&#8221;off|desktop&#8221; da_disable_devices=&#8221;off|off|off&#8221; global_colors_info=&#8221;{}&#8221; da_is_popup=&#8221;off&#8221; da_exit_intent=&#8221;off&#8221; da_has_close=&#8221;on&#8221; da_alt_close=&#8221;off&#8221; da_dark_close=&#8221;off&#8221; da_not_modal=&#8221;on&#8221; da_is_singular=&#8221;off&#8221; da_with_loader=&#8221;off&#8221; da_has_shadow=&#8221;on&#8221;][et_pb_fullwidth_header title=&#8221;LEARN FRENCH AT EASE&#8221; subhead=&#8221;Through animation videos&#8221; text_orientation=&#8221;center&#8221; button_one_text=&#8221;Join our language programme &#8221; button_one_url=&#8221;@ET-DC@eyJkeW5hbWljIjp0cnVlLCJjb250ZW50IjoicG9zdF9saW5rX3VybF9wYWdlIiwic2V0dGluZ3MiOnsicG9zdF9pZCI6IjQyNyJ9fQ==@&#8221; button_two_text=&#8221;thematic videos&#8221; button_two_url=&#8221;@ET-DC@eyJkeW5hbWljIjp0cnVlLCJjb250ZW50IjoicG9zdF9saW5rX3VybF9wYWdlIiwic2V0dGluZ3MiOnsicG9zdF9pZCI6IjM3NjMifX0=@&#8221; content_max_width=&#8221;650px&#8221; _builder_version=&#8221;4.15&#8243; _dynamic_attributes=&#8221;button_one_url,button_two_url&#8221; title_font=&#8221;|700|||||||&#8221; title_font_size=&#8221;44px&#8221; content_font=&#8221;Muli||||||||&#8221; content_font_size=&#8221;18px&#8221; content_line_height=&#8221;1.8em&#8221; subhead_font=&#8221;||||||||&#8221; subhead_font_size=&#8221;28px&#8221; subhead_line_height=&#8221;1.4em&#8221; background_color=&#8221;rgba(126,190,197,0)&#8221; custom_button_one=&#8221;on&#8221; button_one_text_size=&#8221;16px&#8221; button_one_text_color=&#8221;#000000&#8243; button_one_bg_color=&#8221;#1fd7e0&#8243; button_one_border_width=&#8221;9px&#8221; button_one_border_color=&#8221;rgba(0,0,0,0)&#8221; button_one_border_radius=&#8221;50px&#8221; button_one_letter_spacing=&#8221;4px&#8221; button_one_font=&#8221;|800||on|||||&#8221; button_one_use_icon=&#8221;off&#8221; custom_button_two=&#8221;on&#8221; button_two_text_size=&#8221;16px&#8221; button_two_text_color=&#8221;#000000&#8243; button_two_bg_color=&#8221;#d6d6d6&#8243; button_two_border_width=&#8221;5px&#8221; button_two_border_color=&#8221;#ffffff&#8221; button_two_border_radius=&#8221;48px&#8221; button_two_letter_spacing=&#8221;4px&#8221; button_two_font=&#8221;|900||on|||||&#8221; button_two_use_icon=&#8221;off&#8221; min_height=&#8221;468px&#8221; custom_margin=&#8221;||-28px||false|false&#8221; custom_margin_tablet=&#8221;&#8221; custom_margin_phone=&#8221;&#8221; custom_margin_last_edited=&#8221;on|phone&#8221; custom_padding=&#8221;6vw||6vw||true|false&#8221; custom_padding_tablet=&#8221;||10vw||false|false&#8221; custom_padding_phone=&#8221;1vw||16vw||false|false&#8221; custom_padding_last_edited=&#8221;on|phone&#8221; animation_style=&#8221;zoom&#8221; animation_intensity_zoom=&#8221;5%&#8221; title_font_size_tablet=&#8221;60px&#8221; title_font_size_phone=&#8221;30px&#8221; title_font_size_last_edited=&#8221;on|phone&#8221; content_font_size_tablet=&#8221;&#8221; content_font_size_phone=&#8221;16px&#8221; content_font_size_last_edited=&#8221;on|phone&#8221; custom_css_header_container=&#8221;width: 100%;&#8221; title_text_shadow_style=&#8221;preset4&#8243; title_text_shadow_color=&#8221;rgba(0,0,0,0.12)&#8221; button_one_text_shadow_style=&#8221;preset4&#8243; button_one_text_shadow_vertical_length=&#8221;0.09em&#8221; box_shadow_style=&#8221;preset6&#8243; box_shadow_style_button_one=&#8221;preset6&#8243; box_shadow_horizontal_button_one=&#8221;-5px&#8221; box_shadow_blur_button_one=&#8221;24px&#8221; box_shadow_spread_button_one=&#8221;6px&#8221; box_shadow_color_button_one=&#8221;#ffffff&#8221; button_one_letter_spacing_hover=&#8221;4px&#8221; button_two_letter_spacing_hover=&#8221;4px&#8221; global_colors_info=&#8221;{}&#8221; button_one_text_size__hover_enabled=&#8221;off&#8221; button_two_text_size__hover_enabled=&#8221;off&#8221; button_one_text_color__hover_enabled=&#8221;off&#8221; button_two_text_color__hover_enabled=&#8221;off&#8221; button_one_border_width__hover_enabled=&#8221;off&#8221; button_two_border_width__hover_enabled=&#8221;off&#8221; button_one_border_color__hover_enabled=&#8221;off&#8221; button_two_border_color__hover_enabled=&#8221;off&#8221; button_one_border_radius__hover_enabled=&#8221;off&#8221; button_two_border_radius__hover_enabled=&#8221;off&#8221; button_one_letter_spacing__hover_enabled=&#8221;on&#8221; button_one_letter_spacing__hover=&#8221;4px&#8221; button_two_letter_spacing__hover_enabled=&#8221;on&#8221; button_two_letter_spacing__hover=&#8221;4px&#8221; button_one_bg_color__hover_enabled=&#8221;off&#8221; button_two_bg_color__hover_enabled=&#8221;off&#8221; background_color__hover=&#8221;#7EBEC5&#8243; background_color__hover_enabled=&#8221;#7EBEC5&#8243; use_background_color_gradient__hover=&#8221;off&#8221; use_background_color_gradient__hover_enabled=&#8221;off&#8221; background_color_gradient_start__hover=&#8221;#2b87da&#8221; background_color_gradient_start__hover_enabled=&#8221;#2b87da&#8221; background_color_gradient_end__hover=&#8221;#29c4a9&#8243; background_color_gradient_end__hover_enabled=&#8221;#29c4a9&#8243; background_color_gradient_type__hover=&#8221;linear&#8221; background_color_gradient_type__hover_enabled=&#8221;linear&#8221; background_color_gradient_direction__hover=&#8221;180deg&#8221; background_color_gradient_direction__hover_enabled=&#8221;180deg&#8221; background_color_gradient_direction_radial__hover=&#8221;center&#8221; background_color_gradient_direction_radial__hover_enabled=&#8221;center&#8221; background_color_gradient_start_position__hover=&#8221;0%&#8221; background_color_gradient_start_position__hover_enabled=&#8221;0%&#8221; background_color_gradient_end_position__hover=&#8221;100%&#8221; background_color_gradient_end_position__hover_enabled=&#8221;100%&#8221; background_color_gradient_overlays_image__hover=&#8221;off&#8221; background_color_gradient_overlays_image__hover_enabled=&#8221;off&#8221; parallax__hover=&#8221;off&#8221; parallax__hover_enabled=&#8221;off&#8221; parallax_method__hover=&#8221;off&#8221; parallax_method__hover_enabled=&#8221;off&#8221; background_size__hover=&#8221;cover&#8221; background_size__hover_enabled=&#8221;cover&#8221; background_position__hover=&#8221;center&#8221; background_position__hover_enabled=&#8221;center&#8221; background_repeat__hover=&#8221;no-repeat&#8221; background_repeat__hover_enabled=&#8221;no-repeat&#8221; background_blend__hover=&#8221;normal&#8221; background_blend__hover_enabled=&#8221;normal&#8221; allow_player_pause__hover=&#8221;off&#8221; allow_player_pause__hover_enabled=&#8221;off&#8221; background_video_pause_outside_viewport__hover=&#8221;on&#8221; background_video_pause_outside_viewport__hover_enabled=&#8221;on&#8221;][\/et_pb_fullwidth_header][\/et_pb_section][et_pb_section fb_built=&#8221;1&#8243; _builder_version=&#8221;4.15&#8243; background_enable_color=&#8221;off&#8221; custom_padding=&#8221;0px||0px||false|false&#8221; bottom_divider_color=&#8221;#ffffff&#8221; bottom_divider_height=&#8221;104px&#8221; da_disable_devices=&#8221;off|off|off&#8221; global_colors_info=&#8221;{}&#8221; da_is_popup=&#8221;off&#8221; da_exit_intent=&#8221;off&#8221; da_has_close=&#8221;on&#8221; da_alt_close=&#8221;off&#8221; da_dark_close=&#8221;off&#8221; da_not_modal=&#8221;on&#8221; da_is_singular=&#8221;off&#8221; da_with_loader=&#8221;off&#8221; da_has_shadow=&#8221;on&#8221;][et_pb_row _builder_version=&#8221;4.15&#8243; custom_margin=&#8221;27px|auto||auto||&#8221; custom_padding=&#8221;0px|||||&#8221; global_colors_info=&#8221;{}&#8221;][et_pb_column type=&#8221;4_4&#8243; _builder_version=&#8221;4.15&#8243; global_colors_info=&#8221;{}&#8221;][et_pb_video src=&#8221;https:\/\/www.youtube.com\/watch?v=nKdPWcrVavs&#8221; _builder_version=&#8221;4.15.1&#8243; global_colors_info=&#8221;{}&#8221;][\/et_pb_video][\/et_pb_column][\/et_pb_row][et_pb_row _builder_version=&#8221;4.15.1&#8243; _module_preset=&#8221;default&#8221; custom_padding=&#8221;0px||8px|||&#8221; global_colors_info=&#8221;{}&#8221; theme_builder_area=&#8221;post_content&#8221;][et_pb_column type=&#8221;4_4&#8243; _builder_version=&#8221;4.15.1&#8243; _module_preset=&#8221;default&#8221; global_colors_info=&#8221;{}&#8221; theme_builder_area=&#8221;post_content&#8221;][et_pb_button button_url=&#8221;https:\/\/multidimensionparis.com\/essential-videos\/&#8221; button_text=&#8221;Back &#8221; button_alignment=&#8221;center&#8221; _builder_version=&#8221;4.15.1&#8243; custom_button=&#8221;on&#8221; button_text_color=&#8221;#000000&#8243; button_icon=&#8221;&#x38;||divi||400&#8243; button_on_hover=&#8221;off&#8221; custom_margin=&#8221;||-11px||false|false&#8221; custom_padding=&#8221;0px|35px|0px|12px|true|false&#8221; global_colors_info=&#8221;{}&#8221; theme_builder_area=&#8221;post_content&#8221;][\/et_pb_button][\/et_pb_column][\/et_pb_row][et_pb_row column_structure=&#8221;1_2,1_2&#8243; _builder_version=&#8221;4.15&#8243; global_colors_info=&#8221;{}&#8221;][et_pb_column type=&#8221;1_2&#8243; _builder_version=&#8221;4.15&#8243; global_colors_info=&#8221;{}&#8221;][et_pb_accordion _builder_version=&#8221;4.15.1&#8243; toggle_text_align=&#8221;center&#8221; toggle_font_size=&#8221;20px&#8221; global_colors_info=&#8221;{}&#8221;][et_pb_accordion_item title=&#8221;TEXT IN FRENCH &#8221; open=&#8221;on&#8221; _builder_version=&#8221;4.15.1&#8243; body_font_size=&#8221;16px&#8221; background_enable_color=&#8221;off&#8221; text_orientation=&#8221;justified&#8221; border_width_all=&#8221;4px&#8221; border_color_all=&#8221;#ffffff&#8221; box_shadow_style=&#8221;preset6&#8243; global_colors_info=&#8221;{}&#8221; toggle_level=&#8221;h3&#8243; toggle_font=&#8221;|600|||||||&#8221; toggle_text_align=&#8221;center&#8221; toggle_font_size=&#8221;22px&#8221;]<\/p>\n<p><strong>PROFESSEUR:<\/strong><br \/>Bonjour, dans cet \u00e9pisode de \u2018Learn French at ease\u2019 nous allons parler des expressions de politesse pour saluer une autre personne. On commence!<\/p>\n<p><strong>TITRE : Expressions lorsque l\u2019on rencontre quelqu\u2019un<\/strong><\/p>\n<p><strong>PROFESSEUR:<\/strong><br \/>Les expressions de politesse sont utilis\u00e9es pour montrer du respect<br \/>envers la personne \u00e0 laquelle on s\u2019adresse.<\/p>\n<p>\u00ab Bonjour \u00bb ou \u00ab Bonsoir \u00bb en fonction de l&#8217;heure de la journ\u00e9e.<\/p>\n<p>Avant 19h on utilise \u201cBonjour\u201d et apr\u00e8s 19h il faut dire \u201cBonsoir\u201d.<\/p>\n<p>Bonjour est une salutation en g\u00e9n\u00e9ral dit au d\u00e9but d&#8217;une conversation.<\/p>\n<p>Bonne journ\u00e9e se place \u00e0 la fin d&#8217;une conversation et se porte le sens<br \/>de &#8220;j&#8217;esp\u00e8re que vous passerez une bonne journ\u00e9e\u201d<\/p>\n<p>On dit \u201c bon apr\u00e8s-midi\u201d avant 17h et \u201cbonne fin de l\u2019apr\u00e8s-midi\u201d ou \u201cbon d\u00e9but de soir\u00e9e\u201d \u00e0 compter de 17h.<\/p>\n<p>Bonsoir on ne l&#8217;utilise que le soir comme \u201cHello\u201d.<\/p>\n<p>Bonne soir\u00e9e on le dit pour terminer une conversation le soir.<\/p>\n<p>Bonne fin de soir\u00e9e se place \u00e0 la fin d&#8217;une conversation et se porte lesens de &#8220;j&#8217;esp\u00e8re que vous passerez une bonne soir\u00e9e&#8221;.<\/p>\n<p>Bonne nuit est utilis\u00e9 lorsqu\u2019on sait que la personne va se coucher tout de suite ou tr\u00e8s bient\u00f4t.<\/p>\n<p>Quand on se s\u00e9pare apr\u00e8s une rencontre que l&#8217;on retrouvera t\u00f4t ou tard, g\u00e9n\u00e9ralement on utilise l\u2019expression de politesse \u201cAu revoir\u201d ou \u201c\u00c0 bient\u00f4t\u201d.<\/p>\n<p>D\u2019autres expressions plus pr\u00e9cises peuvent \u00eatre utilis\u00e9es. Si vous allez rencontrer la personne plus tard (dans quelques minutes ou quelques heures), utilisez \u201c\u00c0 toute \u00e0 l\u2019heure\u201d ou \u201c\u00c0 plus tard\u201d.<\/p>\n<p>Castro marche dans la rue et croise quelqu\u2019un pendant la journ\u00e9e.<\/p>\n<p><strong>Castro :<\/strong> Bonjour Madame Claudel, vous allez bien?<\/p>\n<p><strong>Claudel : <\/strong>Bonjour Monsieur Castro, merci, je vais bien. Et vous ?<\/p>\n<p><strong>Castro : <\/strong> Tr\u00e8s bien. En pleine forme.<\/p>\n<p><strong>Claudel : <\/strong> O\u00f9 allez-vous?<\/p>\n<p><strong>Castro : <\/strong> Je vais faire un tour dans le village voisin.<\/p>\n<p><strong>Claudel :<\/strong> Passez une bonne journ\u00e9e. Au revoir.<\/p>\n<p><strong>Castro :<\/strong> Vous aussi, Madame. Au revoir.<\/p>\n<p><strong>EXT\u00c9RIEUR, RUE &#8211; AFTERNOON<\/strong><\/p>\n<p>Sarah marche dans la rue et croise Alain.<\/p>\n<p><strong>Sarah: <\/strong>Bonjour Alain, comment \u00e7a va ?<\/p>\n<p><strong>Alain : <\/strong>je vais bien. Et toi?<\/p>\n<p><strong>Sarah :<\/strong> Bien, mais rien de sp\u00e9cial.<\/p>\n<p><strong>Alain : <\/strong>Que fais-tu cet apr\u00e8s-midi ?<\/p>\n<p><strong>Sarah : <\/strong>Je vais voir un film.<\/p>\n<p><strong>Alain : <\/strong>Bon, je te souhaite un bon apr\u00e8s-midi.<\/p>\n<p><strong>Sarah :<\/strong> Si tu veux en voir, viens chez moi.<\/p>\n<p><strong>Alain :<\/strong> D\u2019accord. A toute \u00e0 l\u2019heure.<\/p>\n<p><strong>EXT\u00c9RIEUR, RUE &#8211; NIGHT<\/strong><\/p>\n<p><strong>Sarah : <\/strong>Bonsoir Simon, comment vas-tu?<\/p>\n<p><strong>Simon : <\/strong>Bonsoir, Sarah. Tout va bien.<\/p>\n<p><strong>Sarah : <\/strong>Tu sembles \u00eatre press\u00e9?<\/p>\n<p><strong>Simon : <\/strong>Je vais d\u00eener avec mon ex-femme.<\/p>\n<p><strong>Sarah :<\/strong> Alors je te souhaite une bonne soir\u00e9e.<\/p>\n<p><strong>Simon :<\/strong> Merci bien. A bient\u00f4t.<\/p>\n<p>[\/et_pb_accordion_item][\/et_pb_accordion][\/et_pb_column][et_pb_column type=&#8221;1_2&#8243; _builder_version=&#8221;4.15&#8243; global_colors_info=&#8221;{}&#8221;][et_pb_accordion _builder_version=&#8221;4.15.1&#8243; toggle_text_align=&#8221;center&#8221; toggle_font_size=&#8221;20px&#8221; body_text_align=&#8221;justify&#8221; global_colors_info=&#8221;{}&#8221;][et_pb_accordion_item title=&#8221;TEXT IN ENGLISH&#8221; open=&#8221;on&#8221; _builder_version=&#8221;4.15.1&#8243; body_font_size=&#8221;16px&#8221; border_width_all=&#8221;4px&#8221; border_color_all=&#8221;#ffffff&#8221; box_shadow_style=&#8221;preset6&#8243; global_colors_info=&#8221;{}&#8221; toggle_font=&#8221;|600|||||||&#8221; toggle_font_size=&#8221;22px&#8221;]<\/p>\n<p><strong>PROFESSEUR:<\/strong><br \/><spanp style=\"color: #004eff;\">Hello, In this episode of &#8216;Learn French at ease&#8217; we&#8217;re going to talk about polite ways of greeting another person. Let&#8217;s get started!<\/spanp><\/p>\n<p><strong><spanp style=\"color: #004eff;\">TITLE : Expressions when meeting someone<\/spanp><\/strong><\/p>\n<p><spanp style=\"color: #004eff;\"><strong>TEACHER:<\/strong><br \/>Expressions of courtesy are used to show respect to the person being<br \/>addressed.<\/spanp><\/p>\n<p><spanp style=\"color: #004eff;\">It can be &#8220;Bonjour&#8221; or &#8220;Bonsoir&#8221; depending on the time of day.<\/spanp><\/p>\n<p><spanp style=\"color: #004eff;\">Before 7 pm, we say &#8220;Bonjour&#8221; and after 7 pm, we should say &#8220;Bonsoir&#8221;.<\/spanp><\/p>\n<p><spanp style=\"color: #004eff;\">\u201cBonjour\u201d is a greeting usually said at the beginning of a conversation.<\/spanp><\/p>\n<p><spanp style=\"color: #004eff;\">Bonne journ\u00e9e is said at the end of a conversation, which means &#8220;I<br \/>hope you have a good day&#8221;.<\/spanp><\/p>\n<p><spanp style=\"color: #004eff;\">We say \u201cBonne apr\u00e8s-midi&#8221; before 5 pm and &#8220;bonne fin de<br \/>l\u2019apr\u00e8s-midi or bon d\u00e9but de soir\u00e9e&#8221; past 5 pm.<\/spanp><\/p>\n<p><spanp style=\"color: #004eff;\">Bonsoir is only used in the evening as &#8220;Hello\u201d.<\/spanp><\/p>\n<p><spanp style=\"color: #004eff;\">Bonne soir\u00e9e is used to end a conversation in the evening.<\/spanp><\/p>\n<p><spanp style=\"color: #004eff;\">Bonne fin de soir\u00e9e is used at the end of a conversation and carries the meaning of &#8220;I hope you have a good evening&#8221;.<\/spanp><\/p>\n<p><spanp style=\"color: #004eff;\">Bonne nuit is used when you know that the person is going to bed right away or very soon.<\/spanp><\/p>\n<p>&nbsp;<\/p>\n<p><spanp style=\"color: #004eff;\">When we part after meeting someone that we will meet again sooner or later, we usually use &#8220;Au revoir&#8221; or &#8220;A bient\u00f4t&#8221;.<\/spanp><\/p>\n<p><spanp style=\"color: #004eff;\">Other more specific expressions can be used. If you are going to meet the person later (in a few minutes or hours), use &#8220;\u00c0 toute \u00e0 l\u2019heure\u201d or &#8220;\u00c0 plus tard&#8221;.<\/spanp><\/p>\n<p>&nbsp;<\/p>\n<p><spanp style=\"color: #004eff;\">Castro walks down the street and meets someone during the day.<\/spanp><\/p>\n<p><spanp style=\"color: #004eff;\"><strong>Castro: <\/strong>Good morning Mrs Claudel, how are you?<\/spanp><\/p>\n<p><spanp style=\"color: #004eff;\"><strong>Claudel: <\/strong>Good morning Mr Castro, thank you, I am fine. How are you?<\/spanp><\/p>\n<p><strong style=\"color: #004eff; font-size: 16px;\">Castro: <\/strong><span style=\"color: #004eff; font-size: 16px;\">Very well. In great shape.<\/span><\/p>\n<p><spanp style=\"color: #004eff;\"><strong>Claudel:<\/strong> Where are you going?<\/spanp><\/p>\n<p><spanp style=\"color: #004eff;\"><strong>Castro:<\/strong> I&#8217;m going for a walk in the next village.<\/spanp><\/p>\n<p><spanp style=\"color: #004eff;\"><strong>Claudel: <\/strong>Have a good day. Goodbye.<\/spanp><\/p>\n<p><spanp style=\"color: #004eff;\"><strong>Castro:<\/strong> You too, Madam. Goodbye.<\/spanp><\/p>\n<p><spanp style=\"color: #004eff;\"><strong>OUTSIDE, STREET &#8211; AFTERNOON<\/strong><\/spanp><\/p>\n<p><spanp style=\"color: #004eff;\">Sarah is walking down the street and passes Alain.<\/spanp><\/p>\n<p><spanp style=\"color: #004eff;\"><strong>Sarah: <\/strong>Hello Alain, how are you?<\/spanp><\/p>\n<p><spanp style=\"color: #004eff;\"><strong>Alain:<\/strong> I&#8217;m fine. How are you?<\/spanp><\/p>\n<p><spanp style=\"color: #004eff;\"><strong>Sarah: <\/strong>Fine, but nothing special.<\/spanp><\/p>\n<p><spanp style=\"color: #004eff;\"><strong>Alain:<\/strong> What are you doing this afternoon?<\/spanp><\/p>\n<p><spanp style=\"color: #004eff;\"><strong>Sarah: <\/strong>I&#8217;m going to watch a movie.<\/spanp><\/p>\n<p><spanp style=\"color: #004eff;\"><strong>Alain: <\/strong>Well, I wish you a good afternoon.<\/spanp><\/p>\n<p><spanp style=\"color: #004eff;\"><strong>Sarah:<\/strong> If you want to watch some, come to my place.<\/spanp><\/p>\n<p><spanp style=\"color: #004eff;\"><strong>Alain: <\/strong>Okay. See you later.<\/spanp><\/p>\n<p><spanp style=\"color: #004eff;\"><strong>OUTSIDE, STREET &#8211; NIGHT<\/strong><\/spanp><\/p>\n<p><spanp style=\"color: #004eff;\"><strong>Sarah: <\/strong>Good evening Simon, how are you?<\/spanp><\/p>\n<p><spanp style=\"color: #004eff;\"><strong>Simon: <\/strong>Good evening, Sarah. Everything is fine.<\/spanp><\/p>\n<p><spanp style=\"color: #004eff;\"><strong>Sarah:<\/strong> You seem to be in a hurry?<\/spanp><\/p>\n<p><spanp style=\"color: #004eff;\"><strong>Simon: <\/strong>I am going to dinner with my ex-wife.<\/spanp><\/p>\n<p><spanp style=\"color: #004eff;\"><strong>Sarah:<\/strong> I wish you a good evening then.<\/spanp><\/p>\n<p><spanp style=\"color: #004eff;\"><strong>Simon: <\/strong>Thank you. See you soon.<\/spanp><\/p>\n<p>[\/et_pb_accordion_item][\/et_pb_accordion][\/et_pb_column][\/et_pb_row][et_pb_row _builder_version=&#8221;4.15&#8243; global_colors_info=&#8221;{}&#8221;][et_pb_column type=&#8221;4_4&#8243; _builder_version=&#8221;4.15&#8243; global_colors_info=&#8221;{}&#8221;][et_pb_button button_url=&#8221;https:\/\/drive.google.com\/file\/d\/1HAKYCIGFZEaNYmivNrkvQHBPP4RQ5hZX\/view&#8221; url_new_window=&#8221;on&#8221; button_text=&#8221;Download PDF file&#8221; button_alignment=&#8221;center&#8221; _builder_version=&#8221;4.15.1&#8243; custom_button=&#8221;on&#8221; button_text_color=&#8221;#000000&#8243; button_icon=&#8221;&#xe048;||divi||400&#8243; button_on_hover=&#8221;off&#8221; custom_padding=&#8221;|35px||12px|false|false&#8221; global_colors_info=&#8221;{}&#8221;][\/et_pb_button][\/et_pb_column][\/et_pb_row][\/et_pb_section][et_pb_section fb_built=&#8221;1&#8243; fullwidth=&#8221;on&#8221; _builder_version=&#8221;4.15&#8243; da_disable_devices=&#8221;off|off|off&#8221; global_colors_info=&#8221;{}&#8221; da_is_popup=&#8221;off&#8221; da_exit_intent=&#8221;off&#8221; da_has_close=&#8221;on&#8221; da_alt_close=&#8221;off&#8221; da_dark_close=&#8221;off&#8221; da_not_modal=&#8221;on&#8221; da_is_singular=&#8221;off&#8221; da_with_loader=&#8221;off&#8221; da_has_shadow=&#8221;on&#8221;][\/et_pb_section]<\/p>\n","protected":false},"excerpt":{"rendered":"<p>PROFESSEUR:Bonjour, dans cet \u00e9pisode de \u2018Learn French at ease\u2019 nous allons parler des expressions de politesse pour saluer une autre personne. On commence! TITRE : Expressions lorsque l\u2019on rencontre quelqu\u2019un PROFESSEUR:Les expressions de politesse sont utilis\u00e9es pour montrer du respectenvers la personne \u00e0 laquelle on s\u2019adresse. \u00ab Bonjour \u00bb ou \u00ab Bonsoir \u00bb en fonction [&hellip;]<\/p>\n","protected":false},"author":1,"featured_media":0,"parent":0,"menu_order":0,"comment_status":"closed","ping_status":"closed","template":"","meta":{"_et_pb_use_builder":"on","_et_pb_old_content":"","_et_gb_content_width":"","footnotes":""},"_links":{"self":[{"href":"https:\/\/multidimensionparis.com\/bn\/wp-json\/wp\/v2\/pages\/4533"}],"collection":[{"href":"https:\/\/multidimensionparis.com\/bn\/wp-json\/wp\/v2\/pages"}],"about":[{"href":"https:\/\/multidimensionparis.com\/bn\/wp-json\/wp\/v2\/types\/page"}],"author":[{"embeddable":true,"href":"https:\/\/multidimensionparis.com\/bn\/wp-json\/wp\/v2\/users\/1"}],"replies":[{"embeddable":true,"href":"https:\/\/multidimensionparis.com\/bn\/wp-json\/wp\/v2\/comments?post=4533"}],"version-history":[{"count":6,"href":"https:\/\/multidimensionparis.com\/bn\/wp-json\/wp\/v2\/pages\/4533\/revisions"}],"predecessor-version":[{"id":5032,"href":"https:\/\/multidimensionparis.com\/bn\/wp-json\/wp\/v2\/pages\/4533\/revisions\/5032"}],"wp:attachment":[{"href":"https:\/\/multidimensionparis.com\/bn\/wp-json\/wp\/v2\/media?parent=4533"}],"curies":[{"name":"wp","href":"https:\/\/api.w.org\/{rel}","templated":true}]}}