{"id":4546,"date":"2022-04-12T17:44:36","date_gmt":"2022-04-12T17:44:36","guid":{"rendered":"https:\/\/multidimensionparis.com\/?page_id=4546"},"modified":"2022-06-09T10:15:44","modified_gmt":"2022-06-09T10:15:44","slug":"to-have","status":"publish","type":"page","link":"https:\/\/multidimensionparis.com\/bn\/to-have\/","title":{"rendered":"To have"},"content":{"rendered":"<p>[et_pb_section fb_built=&#8221;1&#8243; fullwidth=&#8221;on&#8221; admin_label=&#8221;Header&#8221; _builder_version=&#8221;4.15&#8243; background_color=&#8221;#5a0c1c&#8221; background_image=&#8221;https:\/\/multidimensionparis.com\/wp-content\/uploads\/2020\/04\/day_care_bg_02.png&#8221; parallax=&#8221;on&#8221; parallax_method=&#8221;off&#8221; custom_margin=&#8221;||&#8221; custom_padding=&#8221;||0px||false|false&#8221; bottom_divider_height=&#8221;2vw&#8221; bottom_divider_height_last_edited=&#8221;off|desktop&#8221; da_disable_devices=&#8221;off|off|off&#8221; global_colors_info=&#8221;{}&#8221; da_is_popup=&#8221;off&#8221; da_exit_intent=&#8221;off&#8221; da_has_close=&#8221;on&#8221; da_alt_close=&#8221;off&#8221; da_dark_close=&#8221;off&#8221; da_not_modal=&#8221;on&#8221; da_is_singular=&#8221;off&#8221; da_with_loader=&#8221;off&#8221; da_has_shadow=&#8221;on&#8221;][et_pb_fullwidth_header title=&#8221;LEARN FRENCH AT EASE&#8221; subhead=&#8221;Through animation videos&#8221; text_orientation=&#8221;center&#8221; button_one_text=&#8221;Join our language programme &#8221; button_one_url=&#8221;@ET-DC@eyJkeW5hbWljIjp0cnVlLCJjb250ZW50IjoicG9zdF9saW5rX3VybF9wYWdlIiwic2V0dGluZ3MiOnsicG9zdF9pZCI6IjQyNyJ9fQ==@&#8221; button_two_text=&#8221;thematic videos&#8221; button_two_url=&#8221;@ET-DC@eyJkeW5hbWljIjp0cnVlLCJjb250ZW50IjoicG9zdF9saW5rX3VybF9wYWdlIiwic2V0dGluZ3MiOnsicG9zdF9pZCI6IjM3NjMifX0=@&#8221; content_max_width=&#8221;650px&#8221; _builder_version=&#8221;4.15.1&#8243; _dynamic_attributes=&#8221;button_one_url,button_two_url&#8221; title_font=&#8221;|700|||||||&#8221; title_font_size=&#8221;44px&#8221; content_font=&#8221;Muli||||||||&#8221; content_font_size=&#8221;18px&#8221; content_line_height=&#8221;1.8em&#8221; subhead_font=&#8221;||||||||&#8221; subhead_font_size=&#8221;28px&#8221; subhead_line_height=&#8221;1.4em&#8221; background_color=&#8221;rgba(126,190,197,0)&#8221; custom_button_one=&#8221;on&#8221; button_one_text_size=&#8221;16px&#8221; button_one_text_color=&#8221;#000000&#8243; button_one_bg_color=&#8221;#1fd7e0&#8243; button_one_border_width=&#8221;9px&#8221; button_one_border_color=&#8221;rgba(0,0,0,0)&#8221; button_one_border_radius=&#8221;50px&#8221; button_one_letter_spacing=&#8221;4px&#8221; button_one_font=&#8221;|800||on|||||&#8221; button_one_use_icon=&#8221;off&#8221; custom_button_two=&#8221;on&#8221; button_two_text_size=&#8221;16px&#8221; button_two_text_color=&#8221;#000000&#8243; button_two_bg_color=&#8221;#d6d6d6&#8243; button_two_border_width=&#8221;5px&#8221; button_two_border_color=&#8221;#ffffff&#8221; button_two_border_radius=&#8221;48px&#8221; button_two_letter_spacing=&#8221;4px&#8221; button_two_font=&#8221;|900||on|||||&#8221; button_two_use_icon=&#8221;off&#8221; min_height=&#8221;468px&#8221; custom_margin=&#8221;||-79px||false|false&#8221; custom_margin_tablet=&#8221;&#8221; custom_margin_phone=&#8221;&#8221; custom_margin_last_edited=&#8221;on|phone&#8221; custom_padding=&#8221;6vw||6vw||true|false&#8221; custom_padding_tablet=&#8221;||10vw||false|false&#8221; custom_padding_phone=&#8221;1vw||16vw||false|false&#8221; custom_padding_last_edited=&#8221;on|phone&#8221; animation_style=&#8221;zoom&#8221; animation_intensity_zoom=&#8221;5%&#8221; title_font_size_tablet=&#8221;60px&#8221; title_font_size_phone=&#8221;30px&#8221; title_font_size_last_edited=&#8221;on|phone&#8221; content_font_size_tablet=&#8221;&#8221; content_font_size_phone=&#8221;16px&#8221; content_font_size_last_edited=&#8221;on|phone&#8221; custom_css_header_container=&#8221;width: 100%;&#8221; title_text_shadow_style=&#8221;preset4&#8243; title_text_shadow_color=&#8221;rgba(0,0,0,0.12)&#8221; button_one_text_shadow_style=&#8221;preset4&#8243; button_one_text_shadow_vertical_length=&#8221;0.09em&#8221; box_shadow_style=&#8221;preset6&#8243; box_shadow_style_button_one=&#8221;preset6&#8243; box_shadow_horizontal_button_one=&#8221;-5px&#8221; box_shadow_blur_button_one=&#8221;24px&#8221; box_shadow_spread_button_one=&#8221;6px&#8221; box_shadow_color_button_one=&#8221;#ffffff&#8221; button_one_letter_spacing_hover=&#8221;4px&#8221; button_two_letter_spacing_hover=&#8221;4px&#8221; global_colors_info=&#8221;{}&#8221; button_one_text_size__hover_enabled=&#8221;off&#8221; button_two_text_size__hover_enabled=&#8221;off&#8221; button_one_text_color__hover_enabled=&#8221;off&#8221; button_two_text_color__hover_enabled=&#8221;off&#8221; button_one_border_width__hover_enabled=&#8221;off&#8221; button_two_border_width__hover_enabled=&#8221;off&#8221; button_one_border_color__hover_enabled=&#8221;off&#8221; button_two_border_color__hover_enabled=&#8221;off&#8221; button_one_border_radius__hover_enabled=&#8221;off&#8221; button_two_border_radius__hover_enabled=&#8221;off&#8221; button_one_letter_spacing__hover_enabled=&#8221;on&#8221; button_one_letter_spacing__hover=&#8221;4px&#8221; button_two_letter_spacing__hover_enabled=&#8221;on&#8221; button_two_letter_spacing__hover=&#8221;4px&#8221; button_one_bg_color__hover_enabled=&#8221;off&#8221; button_two_bg_color__hover_enabled=&#8221;off&#8221; background_color__hover=&#8221;#7EBEC5&#8243; background_color__hover_enabled=&#8221;#7EBEC5&#8243; use_background_color_gradient__hover=&#8221;off&#8221; use_background_color_gradient__hover_enabled=&#8221;off&#8221; background_color_gradient_start__hover=&#8221;#2b87da&#8221; background_color_gradient_start__hover_enabled=&#8221;#2b87da&#8221; background_color_gradient_end__hover=&#8221;#29c4a9&#8243; background_color_gradient_end__hover_enabled=&#8221;#29c4a9&#8243; background_color_gradient_type__hover=&#8221;linear&#8221; background_color_gradient_type__hover_enabled=&#8221;linear&#8221; background_color_gradient_direction__hover=&#8221;180deg&#8221; background_color_gradient_direction__hover_enabled=&#8221;180deg&#8221; background_color_gradient_direction_radial__hover=&#8221;center&#8221; background_color_gradient_direction_radial__hover_enabled=&#8221;center&#8221; background_color_gradient_start_position__hover=&#8221;0%&#8221; background_color_gradient_start_position__hover_enabled=&#8221;0%&#8221; background_color_gradient_end_position__hover=&#8221;100%&#8221; background_color_gradient_end_position__hover_enabled=&#8221;100%&#8221; background_color_gradient_overlays_image__hover=&#8221;off&#8221; background_color_gradient_overlays_image__hover_enabled=&#8221;off&#8221; parallax__hover=&#8221;off&#8221; parallax__hover_enabled=&#8221;off&#8221; parallax_method__hover=&#8221;off&#8221; parallax_method__hover_enabled=&#8221;off&#8221; background_size__hover=&#8221;cover&#8221; background_size__hover_enabled=&#8221;cover&#8221; background_position__hover=&#8221;center&#8221; background_position__hover_enabled=&#8221;center&#8221; background_repeat__hover=&#8221;no-repeat&#8221; background_repeat__hover_enabled=&#8221;no-repeat&#8221; background_blend__hover=&#8221;normal&#8221; background_blend__hover_enabled=&#8221;normal&#8221; allow_player_pause__hover=&#8221;off&#8221; allow_player_pause__hover_enabled=&#8221;off&#8221; background_video_pause_outside_viewport__hover=&#8221;on&#8221; background_video_pause_outside_viewport__hover_enabled=&#8221;on&#8221;][\/et_pb_fullwidth_header][\/et_pb_section][et_pb_section fb_built=&#8221;1&#8243; _builder_version=&#8221;4.15&#8243; background_enable_color=&#8221;off&#8221; custom_padding=&#8221;0px||0px||false|false&#8221; bottom_divider_color=&#8221;#ffffff&#8221; bottom_divider_height=&#8221;104px&#8221; da_disable_devices=&#8221;off|off|off&#8221; global_colors_info=&#8221;{}&#8221; da_is_popup=&#8221;off&#8221; da_exit_intent=&#8221;off&#8221; da_has_close=&#8221;on&#8221; da_alt_close=&#8221;off&#8221; da_dark_close=&#8221;off&#8221; da_not_modal=&#8221;on&#8221; da_is_singular=&#8221;off&#8221; da_with_loader=&#8221;off&#8221; da_has_shadow=&#8221;on&#8221;][et_pb_row _builder_version=&#8221;4.15&#8243; custom_margin=&#8221;27px|auto||auto||&#8221; custom_padding=&#8221;0px|||||&#8221; global_colors_info=&#8221;{}&#8221;][et_pb_column type=&#8221;4_4&#8243; _builder_version=&#8221;4.15&#8243; global_colors_info=&#8221;{}&#8221;][et_pb_video src=&#8221;https:\/\/www.youtube.com\/watch?v=JqNURPqL-og&#8221; _builder_version=&#8221;4.15.1&#8243; global_colors_info=&#8221;{}&#8221;][\/et_pb_video][\/et_pb_column][\/et_pb_row][et_pb_row _builder_version=&#8221;4.15.1&#8243; _module_preset=&#8221;default&#8221; custom_padding=&#8221;0px||8px|||&#8221; global_colors_info=&#8221;{}&#8221; theme_builder_area=&#8221;post_content&#8221;][et_pb_column type=&#8221;4_4&#8243; _builder_version=&#8221;4.15.1&#8243; _module_preset=&#8221;default&#8221; global_colors_info=&#8221;{}&#8221; theme_builder_area=&#8221;post_content&#8221;][et_pb_button button_url=&#8221;https:\/\/multidimensionparis.com\/essential-videos\/&#8221; button_text=&#8221;Back &#8221; button_alignment=&#8221;center&#8221; _builder_version=&#8221;4.15.1&#8243; custom_button=&#8221;on&#8221; button_text_color=&#8221;#000000&#8243; button_icon=&#8221;&#x38;||divi||400&#8243; button_on_hover=&#8221;off&#8221; custom_margin=&#8221;||-11px||false|false&#8221; custom_padding=&#8221;0px|35px|0px|12px|true|false&#8221; global_colors_info=&#8221;{}&#8221; theme_builder_area=&#8221;post_content&#8221;][\/et_pb_button][\/et_pb_column][\/et_pb_row][et_pb_row column_structure=&#8221;1_2,1_2&#8243; _builder_version=&#8221;4.15&#8243; global_colors_info=&#8221;{}&#8221;][et_pb_column type=&#8221;1_2&#8243; _builder_version=&#8221;4.15&#8243; global_colors_info=&#8221;{}&#8221;][et_pb_accordion _builder_version=&#8221;4.15.1&#8243; toggle_text_align=&#8221;center&#8221; toggle_font_size=&#8221;20px&#8221; global_colors_info=&#8221;{}&#8221;][et_pb_accordion_item title=&#8221;TEXT IN FRENCH TO ENGLISH&#8221; open=&#8221;on&#8221; _builder_version=&#8221;4.15.1&#8243; body_font_size=&#8221;17px&#8221; body_line_height=&#8221;2.2em&#8221; background_enable_color=&#8221;off&#8221; text_orientation=&#8221;justified&#8221; border_width_all=&#8221;4px&#8221; border_color_all=&#8221;#ffffff&#8221; box_shadow_style=&#8221;preset6&#8243; global_colors_info=&#8221;{}&#8221; toggle_level=&#8221;h3&#8243; toggle_font=&#8221;|600|||||||&#8221; toggle_text_align=&#8221;center&#8221; toggle_font_size=&#8221;22px&#8221;]J\u2019ai &#8211; <span style=\"color: #004eff;\"> I have<\/span><br \/>\nTu as &#8211; <span style=\"color: #004eff;\">You have<\/span><br \/>\nVous avez (singulier- politesse) &#8211; <span style=\"color: #004eff;\">You have (singular &#8211; with<br \/>\npoliteness\/ respect)<\/span><br \/>\nIl a &#8211; <span style=\"color: #004eff;\">He has<\/span><br \/>\nElle a &#8211; <span style=\"color: #004eff;\">She Has<\/span><br \/>\nNous avons &#8211;<span style=\"color: #004eff;\"> We have<\/span><br \/>\nVous avez (pluriel) &#8211; <span style=\"color: #004eff;\">You have (plural)<\/span><br \/>\nIls ont (masculin &#8211; pluriel) &#8211;<span style=\"color: #004eff;\"> They are (masculine &#8211; plural)<\/span><br \/>\nElles ont (f\u00e9minin -pluriel) &#8211; <span style=\"color: #004eff;\">They are (feminine &#8211; plural)<\/span><\/p>\n<p><strong>Monsieur:<\/strong><br \/>\nJ\u2019ai un fr\u00e8re et une s\u0153ur. Et toi, as-tu des fr\u00e8res et s\u0153urs?<br \/>\n<span style=\"color: #004eff;\"><strong>Gentleman:<\/strong><br \/>\nI have a brother and a sister. And you, do you have brothers and sisters?<\/span><\/p>\n<p><strong>Madame :<\/strong><br \/>\nJ\u2019ai deux fr\u00e8res, mais je n\u2019ai pas de s\u0153ur.<br \/>\n<span style=\"color: #004eff;\"><strong>Madam:<\/strong><br \/>\nI have two brothers, but I have no sister.<\/span><\/p>\n<p><strong>Monsieur:<\/strong><br \/>\nAvez-vous des fr\u00e8res et s\u0153urs? (singulier\/politesse)<br \/>\n<span style=\"color: #004eff;\"><strong>Gentleman :<\/strong><br \/>\nDo you have brothers and sisters? (singular\/with politeness)<\/span><br \/>\n<strong>Madame :<\/strong><br \/>\nJ\u2019ai deux fr\u00e8res, mais je n\u2019ai pas de s\u0153ur.<br \/>\n<span style=\"color: #004eff;\"><strong>Madam:<\/strong><br \/>\nI have two brothers, but I have no sister.<\/span><br \/>\n<strong>Monsieur :<\/strong><br \/>\nCombien de fr\u00e8res et s\u0153urs avez-vous ? (pluriel)<br \/>\n<span style=\"color: #004eff;\"><strong>Gentleman:<\/strong><br \/>\nHow many brothers and sisters do you have? (plural)<\/span><\/p>\n<p><strong>Madame :<\/strong><br \/>\nJe n\u2019ai pas de fr\u00e8res et s\u0153urs. Mais Romain a une s\u0153ur.<br \/>\n<span style=\"color: #004eff;\"><strong>Madam:<\/strong><br \/>\nI have no brothers and sisters. But Romain has a sister.<\/span><\/p>\n<p><strong>Monsieur:<\/strong><br \/>\nTu as quel \u00e2ge?<br \/>\n<span style=\"color: #004eff;\"><strong>Gentleman :<\/strong><br \/>\nHow old are you?<\/span><br \/>\n<strong>Madame:<\/strong><br \/>\nJ\u2019ai 20 ans.<br \/>\n<span style=\"color: #004eff;\"><strong>Madam:<\/strong><br \/>\nI am 20 years old.<\/span><\/p>\n<p><strong>Monsieur :<\/strong><br \/>\nQuel \u00e2ge as-tu?<br \/>\n<span style=\"color: #004eff;\"><strong>Gentleman :<\/strong><br \/>\nHow old are you?<\/span><\/p>\n<p><strong>Madame :<\/strong><br \/>\nJ\u2019ai 30 ans.<br \/>\n<span style=\"color: #004eff;\"><strong>Madam:<\/strong><br \/>\nI&#8217;m 30 years old.<\/span><\/p>\n<p><strong>Monsieur :<\/strong><br \/>\nNous avons le m\u00eame \u00e2ge.<br \/>\n<span style=\"color: #004eff;\"><strong>Gentleman :<\/strong><br \/>\nWe are the same age.<\/span><\/p>\n<p><strong>Monsieur:<\/strong><br \/>\nQuel \u00e2ge a-t-il?<br \/>\n<span style=\"color: #004eff;\"><strong>Gentleman:<\/strong><br \/>\nHow old is he?<\/span><\/p>\n<p><strong>Madame:<\/strong><br \/>\nIl a dix-neuf ans.<br \/>\n<span style=\"color: #004eff;\"><strong>Madam:<\/strong><br \/>\nHe is nineteen years old.<\/span><\/p>\n<p><strong>Monsieur:<\/strong><br \/>\nQuel \u00e2ge avez-vous? (singulier\/politesse)<br \/>\n<span style=\"color: #004eff;\"><strong>Gentleman:<\/strong><br \/>\nHow old are you? (singular\/with politeness)<\/span><\/p>\n<p><strong>Madame :<\/strong><br \/>\nJ\u2019ai vingt-cinq ans.<br \/>\n<span style=\"color: #004eff;\"><strong>Madam:<\/strong><br \/>\nI am twenty-five years old.<\/span><\/p>\n<p><strong>Monsieur :<\/strong><br \/>\nQuel \u00e2ge avez-vous? (pluriel)<br \/>\n<span style=\"color: #004eff;\"><strong>Gentleman:<\/strong><br \/>\nHow old are you? (plural)<\/span><br \/>\n<strong>Madame :<\/strong><br \/>\nJ\u2019ai vingt-cinq ans, et mon fr\u00e8re a seize ans.<br \/>\n<span style=\"color: #004eff;\"><strong>Madam:<\/strong><br \/>\nI&#8217;m twenty-five, and my brother is sixteen.<\/span><\/p>\n<p><strong>Monsieur:<\/strong><br \/>\nCombien d&#8217;enfants as-tu?<br \/>\n<span style=\"color: #004eff;\"><strong>Gentleman:<\/strong><br \/>\nHow many children do you have?<\/span><\/p>\n<p><strong>Madame :<\/strong><br \/>\nJ\u2019ai trois enfants.<br \/>\n<span style=\"color: #004eff;\"><strong>Madam:<\/strong><br \/>\nI have three children.<\/span><\/p>\n<p><strong>Monsieur :<\/strong><br \/>\nOnt-ils des enfants?<br \/>\n<span style=\"color: #004eff;\"><strong>Gentleman:<\/strong><br \/>\nDo they have children?<\/span><\/p>\n<p><strong>Madame :<\/strong><br \/>\nIls ont deux enfants.<br \/>\n<span style=\"color: #004eff;\"><strong>Madam:<\/strong><br \/>\nThey have two children.<\/span><\/p>\n<p><strong>Monsieur :<\/strong><br \/>\nA-t-elle des enfants ?<br \/>\n<span style=\"color: #004eff;\"><strong>Gentleman:<\/strong><br \/>\nDoes she have children?<\/span><\/p>\n<p><strong>Madame :<\/strong><br \/>\nElle n\u2019a pas d\u2019enfants.<br \/>\n<span style=\"color: #004eff;\"><strong>Madam:<\/strong><br \/>\nShe has no children.<\/span><\/p>\n<p><strong>Monsieur :<\/strong><br \/>\nAvez-vous des enfants ? (pluriel)<br \/>\n<span style=\"color: #004eff;\"><strong>Gentleman:<\/strong><br \/>\nDo you have children? (plural)<\/span><\/p>\n<p><strong>Madame :<\/strong><br \/>\nNous avons des enfants.<br \/>\n<span style=\"color: #004eff;\"><strong>Madam:<\/strong><br \/>\nWe have got children.<\/span><\/p>\n<p><strong>Monsieur:<\/strong><br \/>\nAvez-vous des chats ? (singulier &#8211; politesse)<br \/>\n<span style=\"color: #004eff;\"><strong>Gentleman:<\/strong><br \/>\nDo you have cats? (singulier &#8211; politeness)<\/span><\/p>\n<p><strong>Madame :<\/strong><br \/>\nJ\u2019ai deux chats.<br \/>\n<span style=\"color: #004eff;\"><strong>Madam:<\/strong><br \/>\nI have two cats.<\/span><\/p>\n<p><strong>Madame <\/strong>:<br \/>\nJ\u2019ai les yeux noirs.<br \/>\n<span style=\"color: #004eff;\"><strong>Madam:<\/strong><br \/>\nI have black eyes.<\/span><\/p>\n<p>Elle a les yeux bleus.<br \/>\n<span style=\"color: #004eff;\">She has blue eyes.<\/span><\/p>\n<p>Vous avez les yeux noirs. (politesse)<br \/>\n<span style=\"color: #004eff;\">You have black eyes. (politeness)<\/span><\/p>\n<p><strong>Madame\/ <span style=\"color: #004eff;\">Madam :<\/span><\/strong><\/p>\n<p>J\u2019ai faim. &#8211; <span style=\"color: #004eff;\">I&#8217;m hungry.<\/span><br \/>\nTu as faim. &#8211; <span style=\"color: #004eff;\">You are hungry.<\/span><br \/>\nVous avez faim. (singulier-politesse) &#8211; <span style=\"color: #004eff;\">You are hungry (singular<br \/>\n-politeness)<\/span><br \/>\nElle a faim. &#8211;<span style=\"color: #004eff;\"> She is hungry.<\/span><br \/>\nIl a faim. &#8211; <span style=\"color: #004eff;\">He is hungry.<\/span><br \/>\nNous avons faim. &#8211; <span style=\"color: #004eff;\">We are hungry.<\/span><br \/>\nVous avez faim. (pluriel) &#8211; <span style=\"color: #004eff;\">You are hungry. (plural)<\/span><br \/>\nIls ont faim. &#8211;<span style=\"color: #004eff;\"> They are hungry.<\/span><\/p>\n<p>Avoir : Usage g\u00e9n\u00e9ral<br \/>\n<span style=\"color: #004eff;\">To have: General usage<\/span><\/p>\n<p><strong>Madame\/ <span style=\"color: #004eff;\">Madam :<\/span><\/strong><\/p>\n<p>J\u2019ai une grande maison.<br \/>\n<span style=\"color: #004eff;\">I have a large house.<\/span><br \/>\nTu as un gros bleu sur la jambe.<br \/>\n<span style=\"color: #004eff;\">You have a big bruise on your leg.<\/span><br \/>\nElle a mal \u00e0 la t\u00eate.<br \/>\n<span style=\"color: #004eff;\">She has a headache.<\/span><br \/>\nNous avons besoin d&#8217;argent.<br \/>\n<span style=\"color: #004eff;\">We need money.<\/span><br \/>\nVous avez des probl\u00e8mes.<br \/>\n<span style=\"color: #004eff;\">You have problems.<\/span><\/p>\n<p>Ils ont envie de voyager.<br \/>\n<span style=\"color: #004eff;\">They want to travel.<\/span><\/p>\n<p><strong>MOTS IMPORTANTS \/<span style=\"color: #004eff;\"> IMPORTANT WORDS :<\/span><\/strong><\/p>\n<p>Avoir &#8211; <span style=\"color: #004eff;\">To have<\/span><br \/>\nFr\u00e8re &#8211; <span style=\"color: #004eff;\">Brother<\/span><br \/>\nS\u0153ur &#8211; <span style=\"color: #004eff;\">Sister<\/span><br \/>\n\u00c2ge &#8211; <span style=\"color: #004eff;\">Age<\/span><br \/>\nCombien &#8211; <span style=\"color: #004eff;\">How much<\/span><\/p>\n<p>Enfant &#8211; <span style=\"color: #004eff;\">Child<\/span><br \/>\nEnfants &#8211; <span style=\"color: #004eff;\">Children<\/span><br \/>\nChat &#8211;<span style=\"color: #004eff;\"> Cat<\/span><br \/>\nYeux &#8211; <span style=\"color: #004eff;\">Eyes<\/span><br \/>\nFaim &#8211; <span style=\"color: #004eff;\">Hunger<\/span><br \/>\nMaison &#8211; <span style=\"color: #004eff;\">House<\/span><br \/>\nBlue sur la jambe &#8211; <span style=\"color: #004eff;\">Leg bruises<\/span><br \/>\nT\u00eate &#8211; <span style=\"color: #004eff;\">Head<\/span><br \/>\nArgent &#8211;<span style=\"color: #004eff;\"> Money<\/span><br \/>\nProbl\u00e8me &#8211; <span style=\"color: #004eff;\">Problem<\/span><br \/>\nVoyager &#8211;<span style=\"color: #004eff;\"> To travel<\/span><br \/>\nFr\u00e8res et s\u0153urs &#8211; <span style=\"color: #004eff;\">Siblings<\/span>[\/et_pb_accordion_item][\/et_pb_accordion][\/et_pb_column][et_pb_column type=&#8221;1_2&#8243; _builder_version=&#8221;4.15&#8243; global_colors_info=&#8221;{}&#8221;][\/et_pb_column][\/et_pb_row][et_pb_row _builder_version=&#8221;4.15&#8243; global_colors_info=&#8221;{}&#8221;][et_pb_column type=&#8221;4_4&#8243; _builder_version=&#8221;4.15&#8243; global_colors_info=&#8221;{}&#8221;][et_pb_button button_url=&#8221;https:\/\/drive.google.com\/file\/d\/1mXUbHI8Lb9ehTc06npIDz79M_j6oeiDl\/view&#8221; url_new_window=&#8221;on&#8221; button_text=&#8221;Download PDF file&#8221; button_alignment=&#8221;center&#8221; _builder_version=&#8221;4.15.1&#8243; custom_button=&#8221;on&#8221; button_text_color=&#8221;#000000&#8243; button_icon=&#8221;&#xe048;||divi||400&#8243; button_on_hover=&#8221;off&#8221; custom_padding=&#8221;|35px||12px|false|false&#8221; global_colors_info=&#8221;{}&#8221;][\/et_pb_button][\/et_pb_column][\/et_pb_row][\/et_pb_section][et_pb_section fb_built=&#8221;1&#8243; fullwidth=&#8221;on&#8221; _builder_version=&#8221;4.15&#8243; da_disable_devices=&#8221;off|off|off&#8221; global_colors_info=&#8221;{}&#8221; da_is_popup=&#8221;off&#8221; da_exit_intent=&#8221;off&#8221; da_has_close=&#8221;on&#8221; da_alt_close=&#8221;off&#8221; da_dark_close=&#8221;off&#8221; da_not_modal=&#8221;on&#8221; da_is_singular=&#8221;off&#8221; da_with_loader=&#8221;off&#8221; da_has_shadow=&#8221;on&#8221;][\/et_pb_section]<\/p>\n","protected":false},"excerpt":{"rendered":"<p>J\u2019ai &#8211; I have Tu as &#8211; You have Vous avez (singulier- politesse) &#8211; You have (singular &#8211; with politeness\/ respect) Il a &#8211; He has Elle a &#8211; She Has Nous avons &#8211; We have Vous avez (pluriel) &#8211; You have (plural) Ils ont (masculin &#8211; pluriel) &#8211; They are (masculine &#8211; plural) Elles [&hellip;]<\/p>\n","protected":false},"author":1,"featured_media":0,"parent":0,"menu_order":0,"comment_status":"closed","ping_status":"closed","template":"","meta":{"_et_pb_use_builder":"on","_et_pb_old_content":"","_et_gb_content_width":"","footnotes":""},"_links":{"self":[{"href":"https:\/\/multidimensionparis.com\/bn\/wp-json\/wp\/v2\/pages\/4546"}],"collection":[{"href":"https:\/\/multidimensionparis.com\/bn\/wp-json\/wp\/v2\/pages"}],"about":[{"href":"https:\/\/multidimensionparis.com\/bn\/wp-json\/wp\/v2\/types\/page"}],"author":[{"embeddable":true,"href":"https:\/\/multidimensionparis.com\/bn\/wp-json\/wp\/v2\/users\/1"}],"replies":[{"embeddable":true,"href":"https:\/\/multidimensionparis.com\/bn\/wp-json\/wp\/v2\/comments?post=4546"}],"version-history":[{"count":5,"href":"https:\/\/multidimensionparis.com\/bn\/wp-json\/wp\/v2\/pages\/4546\/revisions"}],"predecessor-version":[{"id":5010,"href":"https:\/\/multidimensionparis.com\/bn\/wp-json\/wp\/v2\/pages\/4546\/revisions\/5010"}],"wp:attachment":[{"href":"https:\/\/multidimensionparis.com\/bn\/wp-json\/wp\/v2\/media?parent=4546"}],"curies":[{"name":"wp","href":"https:\/\/api.w.org\/{rel}","templated":true}]}}