{"id":4595,"date":"2022-04-13T13:24:25","date_gmt":"2022-04-13T13:24:25","guid":{"rendered":"https:\/\/multidimensionparis.com\/?page_id=4595"},"modified":"2023-04-07T06:53:17","modified_gmt":"2023-04-07T06:53:17","slug":"introduction-to-articles","status":"publish","type":"page","link":"https:\/\/multidimensionparis.com\/bn\/introduction-to-articles\/","title":{"rendered":"Introduction to articles"},"content":{"rendered":"<p>[et_pb_section fb_built=&#8221;1&#8243; fullwidth=&#8221;on&#8221; admin_label=&#8221;Header&#8221; _builder_version=&#8221;4.16&#8243; background_color=&#8221;#5a0c1c&#8221; background_image=&#8221;https:\/\/multidimensionparis.com\/wp-content\/uploads\/2020\/04\/day_care_bg_02.png&#8221; parallax=&#8221;on&#8221; parallax_method=&#8221;off&#8221; custom_margin=&#8221;||&#8221; custom_padding=&#8221;||0px||false|false&#8221; bottom_divider_height=&#8221;2vw&#8221; bottom_divider_height_last_edited=&#8221;off|desktop&#8221; da_disable_devices=&#8221;off|off|off&#8221; global_colors_info=&#8221;{}&#8221; da_is_popup=&#8221;off&#8221; da_exit_intent=&#8221;off&#8221; da_has_close=&#8221;on&#8221; da_alt_close=&#8221;off&#8221; da_dark_close=&#8221;off&#8221; da_not_modal=&#8221;on&#8221; da_is_singular=&#8221;off&#8221; da_with_loader=&#8221;off&#8221; da_has_shadow=&#8221;on&#8221;][et_pb_fullwidth_header title=&#8221;LEARN FRENCH AT EASE&#8221; subhead=&#8221;Through animation videos&#8221; text_orientation=&#8221;center&#8221; button_one_text=&#8221;Join our language programme &#8221; button_one_url=&#8221;@ET-DC@eyJkeW5hbWljIjp0cnVlLCJjb250ZW50IjoicG9zdF9saW5rX3VybF9wYWdlIiwic2V0dGluZ3MiOnsicG9zdF9pZCI6IjQyNyJ9fQ==@&#8221; button_two_text=&#8221;thematic videos&#8221; button_two_url=&#8221;@ET-DC@eyJkeW5hbWljIjp0cnVlLCJjb250ZW50IjoicG9zdF9saW5rX3VybF9wYWdlIiwic2V0dGluZ3MiOnsicG9zdF9pZCI6IjM3NjMifX0=@&#8221; content_max_width=&#8221;650px&#8221; _builder_version=&#8221;4.16&#8243; _dynamic_attributes=&#8221;button_one_url,button_two_url&#8221; title_font=&#8221;|700|||||||&#8221; title_font_size=&#8221;44px&#8221; content_font=&#8221;Muli||||||||&#8221; content_font_size=&#8221;18px&#8221; content_line_height=&#8221;1.8em&#8221; subhead_font=&#8221;||||||||&#8221; subhead_font_size=&#8221;28px&#8221; subhead_line_height=&#8221;1.4em&#8221; background_color=&#8221;rgba(126,190,197,0)&#8221; custom_button_one=&#8221;on&#8221; button_one_text_size=&#8221;16px&#8221; button_one_text_color=&#8221;#000000&#8243; button_one_bg_color=&#8221;#1fd7e0&#8243; button_one_border_width=&#8221;9px&#8221; button_one_border_color=&#8221;rgba(0,0,0,0)&#8221; button_one_border_radius=&#8221;50px&#8221; button_one_letter_spacing=&#8221;4px&#8221; button_one_font=&#8221;|800||on|||||&#8221; button_one_use_icon=&#8221;off&#8221; custom_button_two=&#8221;on&#8221; button_two_text_size=&#8221;16px&#8221; button_two_text_color=&#8221;#000000&#8243; button_two_bg_color=&#8221;#d6d6d6&#8243; button_two_border_width=&#8221;5px&#8221; button_two_border_color=&#8221;#ffffff&#8221; button_two_border_radius=&#8221;48px&#8221; button_two_letter_spacing=&#8221;4px&#8221; button_two_font=&#8221;|900||on|||||&#8221; button_two_use_icon=&#8221;off&#8221; min_height=&#8221;468px&#8221; custom_margin=&#8221;||-79px||false|false&#8221; custom_margin_tablet=&#8221;&#8221; custom_margin_phone=&#8221;&#8221; custom_margin_last_edited=&#8221;on|phone&#8221; custom_padding=&#8221;6vw||6vw||true|false&#8221; custom_padding_tablet=&#8221;||10vw||false|false&#8221; custom_padding_phone=&#8221;1vw||16vw||false|false&#8221; custom_padding_last_edited=&#8221;on|phone&#8221; animation_style=&#8221;zoom&#8221; animation_intensity_zoom=&#8221;5%&#8221; title_font_size_tablet=&#8221;60px&#8221; title_font_size_phone=&#8221;30px&#8221; title_font_size_last_edited=&#8221;on|phone&#8221; content_font_size_tablet=&#8221;&#8221; content_font_size_phone=&#8221;16px&#8221; content_font_size_last_edited=&#8221;on|phone&#8221; custom_css_header_container=&#8221;width: 100%;&#8221; title_text_shadow_style=&#8221;preset4&#8243; title_text_shadow_color=&#8221;rgba(0,0,0,0.12)&#8221; button_one_text_shadow_style=&#8221;preset4&#8243; button_one_text_shadow_vertical_length=&#8221;0.09em&#8221; box_shadow_style=&#8221;preset6&#8243; box_shadow_style_button_one=&#8221;preset6&#8243; box_shadow_horizontal_button_one=&#8221;-5px&#8221; box_shadow_blur_button_one=&#8221;24px&#8221; box_shadow_spread_button_one=&#8221;6px&#8221; box_shadow_color_button_one=&#8221;#ffffff&#8221; button_one_letter_spacing_hover=&#8221;4px&#8221; button_two_letter_spacing_hover=&#8221;4px&#8221; global_colors_info=&#8221;{}&#8221; button_one_text_size__hover_enabled=&#8221;off&#8221; button_two_text_size__hover_enabled=&#8221;off&#8221; button_one_text_color__hover_enabled=&#8221;off&#8221; button_two_text_color__hover_enabled=&#8221;off&#8221; button_one_border_width__hover_enabled=&#8221;off&#8221; button_two_border_width__hover_enabled=&#8221;off&#8221; button_one_border_color__hover_enabled=&#8221;off&#8221; button_two_border_color__hover_enabled=&#8221;off&#8221; button_one_border_radius__hover_enabled=&#8221;off&#8221; button_two_border_radius__hover_enabled=&#8221;off&#8221; button_one_letter_spacing__hover_enabled=&#8221;on&#8221; button_one_letter_spacing__hover=&#8221;4px&#8221; button_two_letter_spacing__hover_enabled=&#8221;on&#8221; button_two_letter_spacing__hover=&#8221;4px&#8221; button_one_bg_color__hover_enabled=&#8221;off&#8221; button_two_bg_color__hover_enabled=&#8221;off&#8221; background_color__hover=&#8221;#7EBEC5&#8243; background_color__hover_enabled=&#8221;#7EBEC5&#8243; use_background_color_gradient__hover=&#8221;off&#8221; use_background_color_gradient__hover_enabled=&#8221;off&#8221; background_color_gradient_start__hover=&#8221;#2b87da&#8221; background_color_gradient_start__hover_enabled=&#8221;#2b87da&#8221; background_color_gradient_end__hover=&#8221;#29c4a9&#8243; background_color_gradient_end__hover_enabled=&#8221;#29c4a9&#8243; background_color_gradient_type__hover=&#8221;linear&#8221; background_color_gradient_type__hover_enabled=&#8221;linear&#8221; background_color_gradient_direction__hover=&#8221;180deg&#8221; background_color_gradient_direction__hover_enabled=&#8221;180deg&#8221; background_color_gradient_direction_radial__hover=&#8221;center&#8221; background_color_gradient_direction_radial__hover_enabled=&#8221;center&#8221; background_color_gradient_start_position__hover=&#8221;0%&#8221; background_color_gradient_start_position__hover_enabled=&#8221;0%&#8221; background_color_gradient_end_position__hover=&#8221;100%&#8221; background_color_gradient_end_position__hover_enabled=&#8221;100%&#8221; background_color_gradient_overlays_image__hover=&#8221;off&#8221; background_color_gradient_overlays_image__hover_enabled=&#8221;off&#8221; parallax__hover=&#8221;off&#8221; parallax__hover_enabled=&#8221;off&#8221; parallax_method__hover=&#8221;off&#8221; parallax_method__hover_enabled=&#8221;off&#8221; background_size__hover=&#8221;cover&#8221; background_size__hover_enabled=&#8221;cover&#8221; background_position__hover=&#8221;center&#8221; background_position__hover_enabled=&#8221;center&#8221; background_repeat__hover=&#8221;no-repeat&#8221; background_repeat__hover_enabled=&#8221;no-repeat&#8221; background_blend__hover=&#8221;normal&#8221; background_blend__hover_enabled=&#8221;normal&#8221; allow_player_pause__hover=&#8221;off&#8221; allow_player_pause__hover_enabled=&#8221;off&#8221; background_video_pause_outside_viewport__hover=&#8221;on&#8221; background_video_pause_outside_viewport__hover_enabled=&#8221;on&#8221; background_color_gradient_stops__hover=&#8221;#2b87da 0%|#29c4a9 100%&#8221;][\/et_pb_fullwidth_header][\/et_pb_section][et_pb_section fb_built=&#8221;1&#8243; _builder_version=&#8221;4.16&#8243; background_enable_color=&#8221;off&#8221; custom_padding=&#8221;0px||0px||false|false&#8221; bottom_divider_color=&#8221;#ffffff&#8221; bottom_divider_height=&#8221;104px&#8221; da_disable_devices=&#8221;off|off|off&#8221; global_colors_info=&#8221;{}&#8221; da_is_popup=&#8221;off&#8221; da_exit_intent=&#8221;off&#8221; da_has_close=&#8221;on&#8221; da_alt_close=&#8221;off&#8221; da_dark_close=&#8221;off&#8221; da_not_modal=&#8221;on&#8221; da_is_singular=&#8221;off&#8221; da_with_loader=&#8221;off&#8221; da_has_shadow=&#8221;on&#8221;][et_pb_row _builder_version=&#8221;4.16&#8243; custom_margin=&#8221;27px|auto||auto||&#8221; custom_padding=&#8221;0px|||||&#8221; global_colors_info=&#8221;{}&#8221;][et_pb_column type=&#8221;4_4&#8243; _builder_version=&#8221;4.16&#8243; global_colors_info=&#8221;{}&#8221;][et_pb_video src=&#8221;https:\/\/www.youtube.com\/watch?v=uBbGO4w7c9A&#8221; _builder_version=&#8221;4.20.4&#8243; hover_enabled=&#8221;0&#8243; global_colors_info=&#8221;{}&#8221; sticky_enabled=&#8221;0&#8243;][\/et_pb_video][\/et_pb_column][\/et_pb_row][et_pb_row _builder_version=&#8221;4.16&#8243; _module_preset=&#8221;default&#8221; custom_padding=&#8221;0px||8px|||&#8221; global_colors_info=&#8221;{}&#8221;][et_pb_column type=&#8221;4_4&#8243; _builder_version=&#8221;4.16&#8243; _module_preset=&#8221;default&#8221; global_colors_info=&#8221;{}&#8221;][et_pb_button button_url=&#8221;https:\/\/multidimensionparis.com\/essential-videos\/&#8221; button_text=&#8221;Back &#8221; button_alignment=&#8221;center&#8221; _builder_version=&#8221;4.16&#8243; custom_button=&#8221;on&#8221; button_text_color=&#8221;#000000&#8243; button_icon=&#8221;&#x38;||divi||400&#8243; button_on_hover=&#8221;off&#8221; custom_margin=&#8221;||-11px||false|false&#8221; custom_padding=&#8221;0px|35px|0px|12px|true|false&#8221; global_colors_info=&#8221;{}&#8221;][\/et_pb_button][\/et_pb_column][\/et_pb_row][et_pb_row column_structure=&#8221;1_2,1_2&#8243; _builder_version=&#8221;4.16&#8243; global_colors_info=&#8221;{}&#8221;][et_pb_column type=&#8221;1_2&#8243; _builder_version=&#8221;4.16&#8243; global_colors_info=&#8221;{}&#8221;][et_pb_accordion _builder_version=&#8221;4.16&#8243; toggle_text_align=&#8221;center&#8221; toggle_font_size=&#8221;20px&#8221; global_colors_info=&#8221;{}&#8221;][et_pb_accordion_item title=&#8221;TEXT IN FRENCH TO ENGLISH&#8221; open=&#8221;on&#8221; _builder_version=&#8221;4.16&#8243; body_font_size=&#8221;17px&#8221; body_line_height=&#8221;2.2em&#8221; background_enable_color=&#8221;off&#8221; text_orientation=&#8221;justified&#8221; border_width_all=&#8221;4px&#8221; border_color_all=&#8221;#ffffff&#8221; box_shadow_style=&#8221;preset6&#8243; global_colors_info=&#8221;{}&#8221; toggle_level=&#8221;h3&#8243; toggle_font=&#8221;|600|||||||&#8221; toggle_text_align=&#8221;center&#8221; toggle_font_size=&#8221;22px&#8221;]<strong>MADAME (MADAM)<\/strong><\/p>\n<p>Je suis &#8211; <span style=\"color: #004eff;\">I am<\/span><br \/>\nTu es &#8211; <span style=\"color: #004eff;\">You are<\/span><br \/>\nVous \u00eates (singulier avec politesse) &#8211; <span style=\"color: #004eff;\">You are (singular with<br \/>\npoliteness\/ respect)<\/span><br \/>\nIl est &#8211; <span style=\"color: #004eff;\">He is<\/span><br \/>\nElle est &#8211; <span style=\"color: #004eff;\">She is<\/span><br \/>\nNous sommes &#8211; <span style=\"color: #004eff;\">We are<\/span><br \/>\nVous \u00eates (pluriel) &#8211; <span style=\"color: #004eff;\">You are (plural)<\/span><br \/>\nIls sont (masculin &#8211; pluriel) &#8211; <span style=\"color: #004eff;\">They are (masculine &#8211; plural)<\/span><br \/>\nElles sont (f\u00e9minin &#8211; pluriel) &#8211;<span style=\"color: #004eff;\"> They are (feminine &#8211; plural)<\/span><\/p>\n<p><strong>Monsieur (Sir)<\/strong><br \/>\nJe suis un homme. Je suis un gar\u00e7on. (Masculin)<br \/>\n<span style=\"color: #004eff;\">I am a man. I am a boy. (Masculine)<\/span><\/p>\n<p><strong>Madame<span style=\"color: #004eff;\"> (Madam)<\/span><\/strong><br \/>\nJe suis une femme. Je suis une fille. (F\u00e9minin)<br \/>\n<span style=\"color: #004eff;\">I am a woman. I am a girl. (Feminine)<\/span><\/p>\n<p><strong>Monsieur :<\/strong><br \/>\nTu es une femme.<br \/>\n<span style=\"color: #004eff;\">You are a woman.<\/span><\/p>\n<p><strong>Madame :<\/strong><br \/>\nTu es un homme.<br \/>\n<span style=\"color: #004eff;\">You are a man.<\/span><\/p>\n<p><strong>Madame :<\/strong><br \/>\nNous sommes des \u00eatres humains.<br \/>\n<span style=\"color: #004eff;\">We are human beings.<\/span><\/p>\n<p><strong>Monsieur:<\/strong><br \/>\nJe suis infirmier.<br \/>\n<span style=\"color: #004eff;\">I am a nurse.<\/span><\/p>\n<p><strong>Madame:<\/strong><br \/>\nJe suis infirmi\u00e8re.<br \/>\n<span style=\"color: #004eff;\">I am a nurse.<\/span><\/p>\n<p><strong>Monsieur :<\/strong><br \/>\nTu es infirmi\u00e8re.<br \/>\n<span style=\"color: #004eff;\">You are a nurse.<\/span><\/p>\n<p><strong>Madame :<\/strong><br \/>\nVous \u00eates infirmier.<br \/>\n<span style=\"color: #004eff;\">You are a nurse.<\/span><\/p>\n<p><strong>Monsieur, Madame:<\/strong><br \/>\nVous \u00eates infirmiers. (pluriel)<br \/>\n<span style=\"color: #004eff;\">You are nurses. (plural)<\/span><br \/>\n<strong>Monsieur:<\/strong><br \/>\nJe suis m\u00e9decin.<br \/>\n<span style=\"color: #004eff;\">I am a doctor.<\/span><\/p>\n<p><strong>Madame:<\/strong><br \/>\nJe suis m\u00e9decin.<br \/>\n<span style=\"color: #004eff;\">I am a doctor.<\/span><\/p>\n<p><strong>Monsieur, Madame<\/strong><br \/>\nNous sommes m\u00e9decins.<br \/>\n<span style=\"color: #004eff;\">We are doctors.<\/span><\/p>\n<p><strong>Monsieur:<\/strong><br \/>\nIl est notre \u00e9l\u00e8ve.<br \/>\n<span style=\"color: #004eff;\">He is our student.<\/span><\/p>\n<p><strong>Madame:<\/strong><br \/>\nElle est notre \u00e9l\u00e8ve.<br \/>\n<span>She is our student.<\/span><\/p>\n<p><strong>Madame:<\/strong><br \/>\nIls sont nos \u00e9l\u00e8ves. &#8211; <span style=\"color: #004eff;\">They are our students.<\/span><br \/>\n(Ou: Ce sont nos \u00e9l\u00e8ves.)<\/p>\n<p><strong>Madame :<\/strong><br \/>\nIl est gentil. &#8211;<span style=\"color: #004eff;\"> He is nice.<\/span><br \/>\nElle est gentille. &#8211;<span style=\"color: #004eff;\">She is nice.<\/span><br \/>\nIls sont gentils. &#8211;<span style=\"color: #004eff;\"> They are nice.<\/span><br \/>\nIls sont sinc\u00e8res dans leurs \u00e9tudes. &#8211;<span style=\"color: #004eff;\"> They are sincere in their studies.<\/span><br \/>\nCe sont de bons \u00e9l\u00e8ves. &#8211;<span style=\"color: #004eff;\"> They are good students.<\/span><br \/>\nVous \u00eates de bons \u00e9l\u00e8ves. &#8211; <span style=\"color: #004eff;\">You are good students.<\/span><br \/>\nNous sommes vraiment contents d\u2019eux. &#8211; <span style=\"color: #004eff;\">We are really happy with them.<\/span><\/p>\n<p><strong>S\u00e9ance de questions et r\u00e9ponses<br \/>\n<span style=\"color: #004eff;\">Question and answer session<\/span><\/strong><\/p>\n<p><strong>Monsieur :<\/strong><br \/>\nQui es-tu? &#8211; <span style=\"color: #004eff;\">Who are you?<\/span><\/p>\n<p><strong>Madame:<\/strong><br \/>\nJe suis ta voisine. &#8211;<span style=\"color: #004eff;\"> I am your neighbour.<\/span><\/p>\n<p><strong>Monsieur :<\/strong><br \/>\nQui \u00eates-vous? &#8211; <span style=\"color: #004eff;\">Who are you?<\/span><\/p>\n<p><strong>Madame:<\/strong><br \/>\nNous sommes tes voisins. &#8211; <span style=\"color: #004eff;\">We are your neighbours.<\/span><\/p>\n<p><strong>Monsieur:<\/strong><br \/>\nQui \u00eates-vous? &#8211; <span style=\"color: #004eff;\">Who are you?<\/span><\/p>\n<p><strong>Madame:<br \/>\nJe suis votre cliente. &#8211; <span style=\"color: #004eff;\">I am your customer.<\/span><\/strong><\/p>\n<p><strong>Monsieur :<\/strong><br \/>\nQui \u00eates-vous? &#8211;<span style=\"color: #004eff;\"> Who are you?<\/span><\/p>\n<p><strong>Madame:<\/strong><br \/>\nNous sommes vos clients. &#8211; <span style=\"color: #004eff;\">We are your customers.<\/span><\/p>\n<p><strong>Monsieur :<\/strong><br \/>\nQui est-il? &#8211; <span style=\"color: #004eff;\">Who is he?<\/span><\/p>\n<p><strong>Madame:<\/strong><br \/>\nIl est l\u2019\u00e9picier du coin. &#8211;<span style=\"color: #004eff;\"> He is the grocer next door\/ he is the local grocery store owner.<\/span><\/p>\n<p><strong>Monsieur:<\/strong><br \/>\nQui est-elle? &#8211;<span style=\"color: #004eff;\"> Who is she?<\/span><\/p>\n<p><strong>Madame:<\/strong><br \/>\nElle est notre voisine. &#8211; <span style=\"color: #004eff;\">She is our neighbour.<\/span><\/p>\n<p><strong>Monsieur:<\/strong><br \/>\nQui sont-elles? &#8211;<span style=\"color: #004eff;\"> Who are they?<\/span><\/p>\n<p><strong>Madame:<\/strong><br \/>\nElles sont nos voisines. &#8211;<span style=\"color: #004eff;\"> They are our neighbours.<\/span><\/p>\n<p><strong>Monsieur:<br \/>\nQui sont-ils? &#8211;<span style=\"color: #004eff;\"> Who are they?<\/span><\/strong><\/p>\n<p><strong>Madame:<\/strong><br \/>\nIls sont tes clients. &#8211;<span style=\"color: #004eff;\"> They are your customers.<br \/>\n(Ou : Ce sont tes clients).<\/span><\/p>\n<p><strong>Monsieur:<\/strong><br \/>\nQui sont-ils? &#8211;<span style=\"color: #004eff;\"> Who are they?<\/span><\/p>\n<p><strong>Madame:<\/strong><br \/>\nCe sont vos amis. &#8211; <span style=\"color: #004eff;\">They are your friends.<\/span><\/p>\n<p><strong>Monsieur:<\/strong><br \/>\nQui suis-je? &#8211;<span style=\"color: #004eff;\"> Who am I?<\/span><\/p>\n<p><strong>Madame:<\/strong><br \/>\nTu es un imb\u00e9cile. &#8211; <span style=\"color: #004eff;\">You are a fool.<\/span><\/p>\n<p><strong>Monsieur:<\/strong><br \/>\nO\u00f9 est-il? &#8211;<span style=\"color: #004eff;\"> Where is he ?<\/span><\/p>\n<p><strong>Madame:<\/strong><br \/>\nIl est chez son cousin. &#8211;<span style=\"color: #004eff;\"> He is at his cousin&#8217;s house.<\/span><br \/>\n<strong>Monsieur:<\/strong><br \/>\nO\u00f9 sont-ils? &#8211;<span style=\"color: #004eff;\"> Where are they ?<\/span><\/p>\n<p><strong>Madame:<\/strong><br \/>\nIls sont chez leur cousin. &#8211; <span style=\"color: #004eff;\">They are at their cousin&#8217;s house.<\/span><\/p>\n<p><strong>Monsieur:<\/strong><br \/>\nO\u00f9 es-tu? &#8211; <span style=\"color: #004eff;\">Where are you ?<\/span><\/p>\n<p><strong>Madame:<\/strong><br \/>\nJe suis \u00e0 la maison. &#8211;<span style=\"color: #004eff;\"> I am at home.<\/span><\/p>\n<p><strong>Monsieur:<\/strong><br \/>\nO\u00f9 \u00eates-vous? &#8211;<span style=\"color: #004eff;\"> Where are you?<\/span><\/p>\n<p><strong>Madame:<\/strong><br \/>\nJe suis chez moi. &#8211; <span style=\"color: #004eff;\">I am at home.<\/span><\/p>\n<p><strong>Monsieur:<\/strong><br \/>\nO\u00f9 \u00eates-vous ? &#8211; <span style=\"color: #004eff;\">Where are you?<\/span><\/p>\n<p><strong>Madame:<\/strong><br \/>\nNous sommes chez nous. &#8211; <span style=\"color: #004eff;\">We are at home.<\/span><\/p>\n<p><strong>Monsieur:<\/strong><br \/>\nO\u00f9 suis-je? &#8211; <span style=\"color: #004eff;\">Where am I?<\/span><\/p>\n<p><strong>Madame :<\/strong><br \/>\nTu es \u00e0 l\u2019h\u00f4pital. &#8211; <span style=\"color: #004eff;\">You\u2019re in a hospital.<\/span><\/p>\n<p><strong>Monsieur, Madame<\/strong><br \/>\nO\u00f9 sommes-nous? &#8211;<span style=\"color: #004eff;\"> Where are we?<\/span><\/p>\n<p><strong>Monsieur:<\/strong><br \/>\nVous \u00eates chez vous. &#8211; <span style=\"color: #004eff;\">You are at home.<\/span>[\/et_pb_accordion_item][\/et_pb_accordion][\/et_pb_column][et_pb_column type=&#8221;1_2&#8243; _builder_version=&#8221;4.16&#8243; global_colors_info=&#8221;{}&#8221;][\/et_pb_column][\/et_pb_row][et_pb_row _builder_version=&#8221;4.16&#8243; global_colors_info=&#8221;{}&#8221;][et_pb_column type=&#8221;4_4&#8243; _builder_version=&#8221;4.16&#8243; global_colors_info=&#8221;{}&#8221;][et_pb_button button_url=&#8221;https:\/\/drive.google.com\/file\/d\/1WRZgfyhldHHs87BFqs_M04rvEH6QkOdh\/view&#8221; url_new_window=&#8221;on&#8221; button_text=&#8221;Download PDF file&#8221; button_alignment=&#8221;center&#8221; _builder_version=&#8221;4.16&#8243; custom_button=&#8221;on&#8221; button_text_color=&#8221;#000000&#8243; button_icon=&#8221;&#xe048;||divi||400&#8243; button_on_hover=&#8221;off&#8221; custom_padding=&#8221;|35px||12px|false|false&#8221; global_colors_info=&#8221;{}&#8221;][\/et_pb_button][\/et_pb_column][\/et_pb_row][\/et_pb_section][et_pb_section fb_built=&#8221;1&#8243; fullwidth=&#8221;on&#8221; _builder_version=&#8221;4.16&#8243; da_disable_devices=&#8221;off|off|off&#8221; global_colors_info=&#8221;{}&#8221; da_is_popup=&#8221;off&#8221; da_exit_intent=&#8221;off&#8221; da_has_close=&#8221;on&#8221; da_alt_close=&#8221;off&#8221; da_dark_close=&#8221;off&#8221; da_not_modal=&#8221;on&#8221; da_is_singular=&#8221;off&#8221; da_with_loader=&#8221;off&#8221; da_has_shadow=&#8221;on&#8221;][\/et_pb_section]<\/p>\n","protected":false},"excerpt":{"rendered":"<p>MADAME (MADAM) Je suis &#8211; I am Tu es &#8211; You are Vous \u00eates (singulier avec politesse) &#8211; You are (singular with politeness\/ respect) Il est &#8211; He is Elle est &#8211; She is Nous sommes &#8211; We are Vous \u00eates (pluriel) &#8211; You are (plural) Ils sont (masculin &#8211; pluriel) &#8211; They are (masculine [&hellip;]<\/p>\n","protected":false},"author":1,"featured_media":0,"parent":0,"menu_order":0,"comment_status":"closed","ping_status":"closed","template":"","meta":{"_et_pb_use_builder":"on","_et_pb_old_content":"","_et_gb_content_width":"","footnotes":""},"_links":{"self":[{"href":"https:\/\/multidimensionparis.com\/bn\/wp-json\/wp\/v2\/pages\/4595"}],"collection":[{"href":"https:\/\/multidimensionparis.com\/bn\/wp-json\/wp\/v2\/pages"}],"about":[{"href":"https:\/\/multidimensionparis.com\/bn\/wp-json\/wp\/v2\/types\/page"}],"author":[{"embeddable":true,"href":"https:\/\/multidimensionparis.com\/bn\/wp-json\/wp\/v2\/users\/1"}],"replies":[{"embeddable":true,"href":"https:\/\/multidimensionparis.com\/bn\/wp-json\/wp\/v2\/comments?post=4595"}],"version-history":[{"count":6,"href":"https:\/\/multidimensionparis.com\/bn\/wp-json\/wp\/v2\/pages\/4595\/revisions"}],"predecessor-version":[{"id":8297,"href":"https:\/\/multidimensionparis.com\/bn\/wp-json\/wp\/v2\/pages\/4595\/revisions\/8297"}],"wp:attachment":[{"href":"https:\/\/multidimensionparis.com\/bn\/wp-json\/wp\/v2\/media?parent=4595"}],"curies":[{"name":"wp","href":"https:\/\/api.w.org\/{rel}","templated":true}]}}