{"id":4622,"date":"2022-04-13T14:42:34","date_gmt":"2022-04-13T14:42:34","guid":{"rendered":"https:\/\/multidimensionparis.com\/?page_id=4622"},"modified":"2022-06-09T10:20:22","modified_gmt":"2022-06-09T10:20:22","slug":"notion-of-time","status":"publish","type":"page","link":"https:\/\/multidimensionparis.com\/bn\/notion-of-time\/","title":{"rendered":"Notion of time"},"content":{"rendered":"<p>[et_pb_section fb_built=&#8221;1&#8243; fullwidth=&#8221;on&#8221; admin_label=&#8221;Header&#8221; _builder_version=&#8221;4.15&#8243; background_color=&#8221;#5a0c1c&#8221; background_image=&#8221;https:\/\/multidimensionparis.com\/wp-content\/uploads\/2020\/04\/day_care_bg_02.png&#8221; parallax=&#8221;on&#8221; parallax_method=&#8221;off&#8221; custom_margin=&#8221;||&#8221; custom_padding=&#8221;||0px||false|false&#8221; bottom_divider_height=&#8221;2vw&#8221; bottom_divider_height_last_edited=&#8221;off|desktop&#8221; da_disable_devices=&#8221;off|off|off&#8221; global_colors_info=&#8221;{}&#8221; da_is_popup=&#8221;off&#8221; da_exit_intent=&#8221;off&#8221; da_has_close=&#8221;on&#8221; da_alt_close=&#8221;off&#8221; da_dark_close=&#8221;off&#8221; da_not_modal=&#8221;on&#8221; da_is_singular=&#8221;off&#8221; da_with_loader=&#8221;off&#8221; da_has_shadow=&#8221;on&#8221;][et_pb_fullwidth_header title=&#8221;LEARN FRENCH AT EASE&#8221; subhead=&#8221;Through animation videos&#8221; text_orientation=&#8221;center&#8221; button_one_text=&#8221;Join our language programme &#8221; button_one_url=&#8221;@ET-DC@eyJkeW5hbWljIjp0cnVlLCJjb250ZW50IjoicG9zdF9saW5rX3VybF9wYWdlIiwic2V0dGluZ3MiOnsicG9zdF9pZCI6IjQyNyJ9fQ==@&#8221; button_two_text=&#8221;thematic videos&#8221; button_two_url=&#8221;@ET-DC@eyJkeW5hbWljIjp0cnVlLCJjb250ZW50IjoicG9zdF9saW5rX3VybF9wYWdlIiwic2V0dGluZ3MiOnsicG9zdF9pZCI6IjM3NjMifX0=@&#8221; content_max_width=&#8221;650px&#8221; _builder_version=&#8221;4.15.1&#8243; _dynamic_attributes=&#8221;button_one_url,button_two_url&#8221; title_font=&#8221;|700|||||||&#8221; title_font_size=&#8221;44px&#8221; content_font=&#8221;Muli||||||||&#8221; content_font_size=&#8221;18px&#8221; content_line_height=&#8221;1.8em&#8221; subhead_font=&#8221;||||||||&#8221; subhead_font_size=&#8221;28px&#8221; subhead_line_height=&#8221;1.4em&#8221; background_color=&#8221;rgba(126,190,197,0)&#8221; custom_button_one=&#8221;on&#8221; button_one_text_size=&#8221;16px&#8221; button_one_text_color=&#8221;#000000&#8243; button_one_bg_color=&#8221;#1fd7e0&#8243; button_one_border_width=&#8221;9px&#8221; button_one_border_color=&#8221;rgba(0,0,0,0)&#8221; button_one_border_radius=&#8221;50px&#8221; button_one_letter_spacing=&#8221;4px&#8221; button_one_font=&#8221;|800||on|||||&#8221; button_one_use_icon=&#8221;off&#8221; custom_button_two=&#8221;on&#8221; button_two_text_size=&#8221;16px&#8221; button_two_text_color=&#8221;#000000&#8243; button_two_bg_color=&#8221;#d6d6d6&#8243; button_two_border_width=&#8221;5px&#8221; button_two_border_color=&#8221;#ffffff&#8221; button_two_border_radius=&#8221;48px&#8221; button_two_letter_spacing=&#8221;4px&#8221; button_two_font=&#8221;|900||on|||||&#8221; button_two_use_icon=&#8221;off&#8221; min_height=&#8221;468px&#8221; custom_margin=&#8221;||-79px||false|false&#8221; custom_margin_tablet=&#8221;&#8221; custom_margin_phone=&#8221;&#8221; custom_margin_last_edited=&#8221;on|phone&#8221; custom_padding=&#8221;6vw||6vw||true|false&#8221; custom_padding_tablet=&#8221;||10vw||false|false&#8221; custom_padding_phone=&#8221;1vw||16vw||false|false&#8221; custom_padding_last_edited=&#8221;on|phone&#8221; animation_style=&#8221;zoom&#8221; animation_intensity_zoom=&#8221;5%&#8221; title_font_size_tablet=&#8221;60px&#8221; title_font_size_phone=&#8221;30px&#8221; title_font_size_last_edited=&#8221;on|phone&#8221; content_font_size_tablet=&#8221;&#8221; content_font_size_phone=&#8221;16px&#8221; content_font_size_last_edited=&#8221;on|phone&#8221; custom_css_header_container=&#8221;width: 100%;&#8221; title_text_shadow_style=&#8221;preset4&#8243; title_text_shadow_color=&#8221;rgba(0,0,0,0.12)&#8221; button_one_text_shadow_style=&#8221;preset4&#8243; button_one_text_shadow_vertical_length=&#8221;0.09em&#8221; box_shadow_style=&#8221;preset6&#8243; box_shadow_style_button_one=&#8221;preset6&#8243; box_shadow_horizontal_button_one=&#8221;-5px&#8221; box_shadow_blur_button_one=&#8221;24px&#8221; box_shadow_spread_button_one=&#8221;6px&#8221; box_shadow_color_button_one=&#8221;#ffffff&#8221; button_one_letter_spacing_hover=&#8221;4px&#8221; button_two_letter_spacing_hover=&#8221;4px&#8221; global_colors_info=&#8221;{}&#8221; button_one_text_size__hover_enabled=&#8221;off&#8221; button_two_text_size__hover_enabled=&#8221;off&#8221; button_one_text_color__hover_enabled=&#8221;off&#8221; button_two_text_color__hover_enabled=&#8221;off&#8221; button_one_border_width__hover_enabled=&#8221;off&#8221; button_two_border_width__hover_enabled=&#8221;off&#8221; button_one_border_color__hover_enabled=&#8221;off&#8221; button_two_border_color__hover_enabled=&#8221;off&#8221; button_one_border_radius__hover_enabled=&#8221;off&#8221; button_two_border_radius__hover_enabled=&#8221;off&#8221; button_one_letter_spacing__hover_enabled=&#8221;on&#8221; button_one_letter_spacing__hover=&#8221;4px&#8221; button_two_letter_spacing__hover_enabled=&#8221;on&#8221; button_two_letter_spacing__hover=&#8221;4px&#8221; button_one_bg_color__hover_enabled=&#8221;off&#8221; button_two_bg_color__hover_enabled=&#8221;off&#8221; background_color__hover=&#8221;#7EBEC5&#8243; background_color__hover_enabled=&#8221;#7EBEC5&#8243; use_background_color_gradient__hover=&#8221;off&#8221; use_background_color_gradient__hover_enabled=&#8221;off&#8221; background_color_gradient_start__hover=&#8221;#2b87da&#8221; background_color_gradient_start__hover_enabled=&#8221;#2b87da&#8221; background_color_gradient_end__hover=&#8221;#29c4a9&#8243; background_color_gradient_end__hover_enabled=&#8221;#29c4a9&#8243; background_color_gradient_type__hover=&#8221;linear&#8221; background_color_gradient_type__hover_enabled=&#8221;linear&#8221; background_color_gradient_direction__hover=&#8221;180deg&#8221; background_color_gradient_direction__hover_enabled=&#8221;180deg&#8221; background_color_gradient_direction_radial__hover=&#8221;center&#8221; background_color_gradient_direction_radial__hover_enabled=&#8221;center&#8221; background_color_gradient_start_position__hover=&#8221;0%&#8221; background_color_gradient_start_position__hover_enabled=&#8221;0%&#8221; background_color_gradient_end_position__hover=&#8221;100%&#8221; background_color_gradient_end_position__hover_enabled=&#8221;100%&#8221; background_color_gradient_overlays_image__hover=&#8221;off&#8221; background_color_gradient_overlays_image__hover_enabled=&#8221;off&#8221; parallax__hover=&#8221;off&#8221; parallax__hover_enabled=&#8221;off&#8221; parallax_method__hover=&#8221;off&#8221; parallax_method__hover_enabled=&#8221;off&#8221; background_size__hover=&#8221;cover&#8221; background_size__hover_enabled=&#8221;cover&#8221; background_position__hover=&#8221;center&#8221; background_position__hover_enabled=&#8221;center&#8221; background_repeat__hover=&#8221;no-repeat&#8221; background_repeat__hover_enabled=&#8221;no-repeat&#8221; background_blend__hover=&#8221;normal&#8221; background_blend__hover_enabled=&#8221;normal&#8221; allow_player_pause__hover=&#8221;off&#8221; allow_player_pause__hover_enabled=&#8221;off&#8221; background_video_pause_outside_viewport__hover=&#8221;on&#8221; background_video_pause_outside_viewport__hover_enabled=&#8221;on&#8221;][\/et_pb_fullwidth_header][\/et_pb_section][et_pb_section fb_built=&#8221;1&#8243; _builder_version=&#8221;4.15&#8243; background_enable_color=&#8221;off&#8221; custom_padding=&#8221;0px||0px||false|false&#8221; bottom_divider_color=&#8221;#ffffff&#8221; bottom_divider_height=&#8221;104px&#8221; da_disable_devices=&#8221;off|off|off&#8221; global_colors_info=&#8221;{}&#8221; da_is_popup=&#8221;off&#8221; da_exit_intent=&#8221;off&#8221; da_has_close=&#8221;on&#8221; da_alt_close=&#8221;off&#8221; da_dark_close=&#8221;off&#8221; da_not_modal=&#8221;on&#8221; da_is_singular=&#8221;off&#8221; da_with_loader=&#8221;off&#8221; da_has_shadow=&#8221;on&#8221;][et_pb_row _builder_version=&#8221;4.15&#8243; custom_margin=&#8221;27px|auto||auto||&#8221; custom_padding=&#8221;0px||22px|||&#8221; global_colors_info=&#8221;{}&#8221;][et_pb_column type=&#8221;4_4&#8243; _builder_version=&#8221;4.15&#8243; global_colors_info=&#8221;{}&#8221;][et_pb_video src=&#8221;https:\/\/www.youtube.com\/watch?v=mHKHIah4HCg&#8221; _builder_version=&#8221;4.15.1&#8243; global_colors_info=&#8221;{}&#8221;][\/et_pb_video][\/et_pb_column][\/et_pb_row][et_pb_row _builder_version=&#8221;4.15.1&#8243; _module_preset=&#8221;default&#8221; custom_padding=&#8221;0px||8px|||&#8221; global_colors_info=&#8221;{}&#8221; theme_builder_area=&#8221;post_content&#8221;][et_pb_column type=&#8221;4_4&#8243; _builder_version=&#8221;4.15.1&#8243; _module_preset=&#8221;default&#8221; global_colors_info=&#8221;{}&#8221; theme_builder_area=&#8221;post_content&#8221;][et_pb_button button_url=&#8221;https:\/\/multidimensionparis.com\/essential-videos\/&#8221; button_text=&#8221;Back &#8221; button_alignment=&#8221;center&#8221; _builder_version=&#8221;4.15.1&#8243; custom_button=&#8221;on&#8221; button_text_color=&#8221;#000000&#8243; button_icon=&#8221;&#x38;||divi||400&#8243; button_on_hover=&#8221;off&#8221; custom_margin=&#8221;||-11px||false|false&#8221; custom_padding=&#8221;0px|35px|0px|12px|true|false&#8221; global_colors_info=&#8221;{}&#8221; theme_builder_area=&#8221;post_content&#8221;][\/et_pb_button][\/et_pb_column][\/et_pb_row][et_pb_row column_structure=&#8221;1_2,1_2&#8243; _builder_version=&#8221;4.15&#8243; global_colors_info=&#8221;{}&#8221;][et_pb_column type=&#8221;1_2&#8243; _builder_version=&#8221;4.15&#8243; global_colors_info=&#8221;{}&#8221;][et_pb_accordion _builder_version=&#8221;4.15.1&#8243; toggle_text_align=&#8221;center&#8221; toggle_font_size=&#8221;20px&#8221; global_colors_info=&#8221;{}&#8221;][et_pb_accordion_item title=&#8221;TEXT IN FRENCH TO ENGLISH&#8221; open=&#8221;on&#8221; _builder_version=&#8221;4.15.1&#8243; body_font_size=&#8221;17px&#8221; background_enable_color=&#8221;off&#8221; text_orientation=&#8221;justified&#8221; border_width_all=&#8221;4px&#8221; border_color_all=&#8221;#ffffff&#8221; box_shadow_style=&#8221;preset6&#8243; global_colors_info=&#8221;{}&#8221; toggle_level=&#8221;h3&#8243; toggle_font=&#8221;|600|||||||&#8221; toggle_text_align=&#8221;center&#8221; toggle_font_size=&#8221;22px&#8221;]<strong>Les notions de temps<br \/>\n<span style=\"color: #004eff;\">The notion of time<\/span><\/strong><\/p>\n<p>Bonjour tout le monde.<br \/>\n<span style=\"color: #004eff;\">Good morning everyone.<\/span><\/p>\n<p>Aujourd\u2019hui on va apprendre les notions de temps. Vous \u00eates press\u00e9? On commence!<br \/>\n<span style=\"color: #004eff;\">Today we are going to learn about time. Are you in a hurry? Let&#8217;s start.<\/span><\/p>\n<p>Si j&#8217;ach\u00e8te le journal tous les jours, je l&#8217;ach\u00e8te au quotidien.<br \/>\n<span style=\"color: #004eff;\">If I buy the newspaper on a daily basis, I buy it every day.<\/span><\/p>\n<p>En ce moment je vais \u00e0 la piscine une fois par semaine, donc je fais de la natation \u00e0 la piscine de fa\u00e7on hebdomadaire.<br \/>\n<span style=\"color: #004eff;\">Nowadays I go to the swimming pool once a week, so I swim once a week (Hebdomadaire).<\/span><\/p>\n<p>Je prends des cours d\u2019espagnol deux fois par semaine, cela veut dire que j\u2019apprends l\u2019espagnol de fa\u00e7on bihebdomadaire.<br \/>\n<span style=\"color: #004eff;\">Twice a week I take Spanish classes, so I learn Spanish on a bi-weekly basis (Bihebdomadaire).<\/span><\/p>\n<p>J\u2019ai encore oubli\u00e9 de payer mon abonnement mensuel de transports de la r\u00e9gion d&#8217;\u00cele-de-France, c\u2019est-\u00e0-dire que je dois le payer une fois par mois et j\u2019ai oubli\u00e9.<br \/>\n<span style=\"color: #004eff;\">I forgot to pay my monthly transport pass for the Ile-de-France region again, it means that I have to pay it once a month and I forgot.<\/span><\/p>\n<p>Je vais devoir marcher jusqu\u2019au taf, heureusement que je n\u2019habite pas loin.<br \/>\n<span style=\"color: #004eff;\">I&#8217;m going to have to walk to work, luckily I don&#8217;t live far away.<\/span><\/p>\n<p>En ce moment j\u2019\u00e9tudie \u00e0 l\u2019universit\u00e9, et tous les trois mois, \u00e0 la fin du trimestre je dois passer des examens.<br \/>\n<span style=\"color: #004eff;\">At the moment I&#8217;m studying at university, and every three months, at the end of the term, I have to take exams.<\/span><\/p>\n<p>Je fais aussi un stage en entreprise qui dure un semestre. Cela signifie que je vais travailler pendant les six prochains mois.<br \/>\n<span style=\"color: #004eff;\">I&#8217;m also doing an internship in a company for one semester, so I&#8217;ll be working for 6 months.<\/span><\/p>\n<p>Chaque ann\u00e9e en \u00e9t\u00e9, la premi\u00e8re quinzaine de juillet, c&#8217;est-\u00e0-dire du 1 juillet au 15 juillet, je pars en vacances \u00e0 Bordeaux.<br \/>\n<span style=\"color: #004eff;\">Every year in the summer, in the first two weeks of July, i.e. from 1 to 15 July, I go on holiday to Bordeaux.<\/span><\/p>\n<p>C\u2019est juste apr\u00e8s la fin du semestre, une tradition annuelle. Tous les ans on fait pareille.<br \/>\n<span style=\"color: #004eff;\">It&#8217;s just after the end of the semester, an annual tradition. Every year we do the same.<\/span><\/p>\n<p><strong>MOTS CL\u00c9S:<br \/>\n<span style=\"color: #004eff;\">KEYWORDS<\/span><\/strong><\/p>\n<p>Temps &#8211; <span style=\"color: #004eff;\">Time<\/span><br \/>\n\u00catre press\u00e9 &#8211;<span style=\"color: #004eff;\"> To be in a hurry<\/span><br \/>\nAu quotidien &#8211; <span style=\"color: #004eff;\">Daily \/ Usually<\/span><br \/>\nUne fois par semaine &#8211; <span style=\"color: #004eff;\">Once a week<\/span><br \/>\nDe fa\u00e7on hebdomadaire &#8211;<span style=\"color: #004eff;\"> On a weekly basis<\/span><br \/>\nDeux fois par semaine &#8211; <span style=\"color: #004eff;\">Twice a week<\/span><\/p>\n<p>De fa\u00e7on bihebdomadaire &#8211;<span style=\"color: #004eff;\"> On a bi-weekly basis<\/span><br \/>\nAbonnement mensuel &#8211; <span style=\"color: #004eff;\">Monthly subscription<\/span><br \/>\nUne fois par mois &#8211; <span style=\"color: #004eff;\">Once a month<\/span><br \/>\nTous les trois mois &#8211; <span style=\"color: #004eff;\">Every 3 months<\/span><br \/>\nTrimestre &#8211; <span style=\"color: #004eff;\">Quarterly<\/span><br \/>\nUn semestre &#8211; <span style=\"color: #004eff;\">One semester<\/span><br \/>\nPendant 6 mois &#8211; <span style=\"color: #004eff;\">During 6 months<\/span><br \/>\nLa premi\u00e8re quinzaine &#8211; <span style=\"color: #004eff;\">The first fortnight<\/span><br \/>\nUn tradition annuelle &#8211; <span style=\"color: #004eff;\">An annual tradition<\/span>[\/et_pb_accordion_item][\/et_pb_accordion][\/et_pb_column][et_pb_column type=&#8221;1_2&#8243; _builder_version=&#8221;4.15&#8243; global_colors_info=&#8221;{}&#8221;][\/et_pb_column][\/et_pb_row][et_pb_row _builder_version=&#8221;4.15&#8243; global_colors_info=&#8221;{}&#8221;][et_pb_column type=&#8221;4_4&#8243; _builder_version=&#8221;4.15&#8243; global_colors_info=&#8221;{}&#8221;][et_pb_button button_url=&#8221;https:\/\/drive.google.com\/file\/d\/15-Gmxf0iuGZQojZt7Qq-yxHvC2vJplfn\/view&#8221; url_new_window=&#8221;on&#8221; button_text=&#8221;Download PDF file&#8221; button_alignment=&#8221;center&#8221; _builder_version=&#8221;4.15.1&#8243; custom_button=&#8221;on&#8221; button_text_color=&#8221;#000000&#8243; button_icon=&#8221;&#xe048;||divi||400&#8243; button_on_hover=&#8221;off&#8221; custom_padding=&#8221;|35px||12px|false|false&#8221; global_colors_info=&#8221;{}&#8221;][\/et_pb_button][\/et_pb_column][\/et_pb_row][\/et_pb_section][et_pb_section fb_built=&#8221;1&#8243; fullwidth=&#8221;on&#8221; _builder_version=&#8221;4.15&#8243; da_disable_devices=&#8221;off|off|off&#8221; global_colors_info=&#8221;{}&#8221; da_is_popup=&#8221;off&#8221; da_exit_intent=&#8221;off&#8221; da_has_close=&#8221;on&#8221; da_alt_close=&#8221;off&#8221; da_dark_close=&#8221;off&#8221; da_not_modal=&#8221;on&#8221; da_is_singular=&#8221;off&#8221; da_with_loader=&#8221;off&#8221; da_has_shadow=&#8221;on&#8221;][\/et_pb_section]<\/p>\n","protected":false},"excerpt":{"rendered":"<p>Les notions de temps The notion of time Bonjour tout le monde. Good morning everyone. Aujourd\u2019hui on va apprendre les notions de temps. Vous \u00eates press\u00e9? On commence! Today we are going to learn about time. Are you in a hurry? Let&#8217;s start. Si j&#8217;ach\u00e8te le journal tous les jours, je l&#8217;ach\u00e8te au quotidien. If [&hellip;]<\/p>\n","protected":false},"author":1,"featured_media":0,"parent":0,"menu_order":0,"comment_status":"closed","ping_status":"closed","template":"","meta":{"_et_pb_use_builder":"on","_et_pb_old_content":"","_et_gb_content_width":"","footnotes":""},"_links":{"self":[{"href":"https:\/\/multidimensionparis.com\/bn\/wp-json\/wp\/v2\/pages\/4622"}],"collection":[{"href":"https:\/\/multidimensionparis.com\/bn\/wp-json\/wp\/v2\/pages"}],"about":[{"href":"https:\/\/multidimensionparis.com\/bn\/wp-json\/wp\/v2\/types\/page"}],"author":[{"embeddable":true,"href":"https:\/\/multidimensionparis.com\/bn\/wp-json\/wp\/v2\/users\/1"}],"replies":[{"embeddable":true,"href":"https:\/\/multidimensionparis.com\/bn\/wp-json\/wp\/v2\/comments?post=4622"}],"version-history":[{"count":5,"href":"https:\/\/multidimensionparis.com\/bn\/wp-json\/wp\/v2\/pages\/4622\/revisions"}],"predecessor-version":[{"id":5022,"href":"https:\/\/multidimensionparis.com\/bn\/wp-json\/wp\/v2\/pages\/4622\/revisions\/5022"}],"wp:attachment":[{"href":"https:\/\/multidimensionparis.com\/bn\/wp-json\/wp\/v2\/media?parent=4622"}],"curies":[{"name":"wp","href":"https:\/\/api.w.org\/{rel}","templated":true}]}}