{"id":4717,"date":"2022-04-26T20:17:38","date_gmt":"2022-04-26T20:17:38","guid":{"rendered":"https:\/\/multidimensionparis.com\/?page_id=4717"},"modified":"2022-06-09T10:21:31","modified_gmt":"2022-06-09T10:21:31","slug":"french-common-expressions","status":"publish","type":"page","link":"https:\/\/multidimensionparis.com\/bn\/french-common-expressions\/","title":{"rendered":"French Common Expressions"},"content":{"rendered":"<p>[et_pb_section fb_built=&#8221;1&#8243; fullwidth=&#8221;on&#8221; admin_label=&#8221;Header&#8221; _builder_version=&#8221;4.15&#8243; background_color=&#8221;#5a0c1c&#8221; background_image=&#8221;https:\/\/multidimensionparis.com\/wp-content\/uploads\/2020\/04\/day_care_bg_02.png&#8221; parallax=&#8221;on&#8221; parallax_method=&#8221;off&#8221; custom_margin=&#8221;||&#8221; custom_padding=&#8221;||0px||false|false&#8221; bottom_divider_height=&#8221;2vw&#8221; bottom_divider_height_last_edited=&#8221;off|desktop&#8221; da_disable_devices=&#8221;off|off|off&#8221; global_colors_info=&#8221;{}&#8221; da_is_popup=&#8221;off&#8221; da_exit_intent=&#8221;off&#8221; da_has_close=&#8221;on&#8221; da_alt_close=&#8221;off&#8221; da_dark_close=&#8221;off&#8221; da_not_modal=&#8221;on&#8221; da_is_singular=&#8221;off&#8221; da_with_loader=&#8221;off&#8221; da_has_shadow=&#8221;on&#8221;][et_pb_fullwidth_header title=&#8221;LEARN FRENCH AT EASE&#8221; subhead=&#8221;Through animation videos&#8221; text_orientation=&#8221;center&#8221; button_one_text=&#8221;Join our language programme &#8221; button_one_url=&#8221;@ET-DC@eyJkeW5hbWljIjp0cnVlLCJjb250ZW50IjoicG9zdF9saW5rX3VybF9wYWdlIiwic2V0dGluZ3MiOnsicG9zdF9pZCI6IjQyNyJ9fQ==@&#8221; button_two_text=&#8221;thematic videos&#8221; button_two_url=&#8221;@ET-DC@eyJkeW5hbWljIjp0cnVlLCJjb250ZW50IjoicG9zdF9saW5rX3VybF9wYWdlIiwic2V0dGluZ3MiOnsicG9zdF9pZCI6IjM3NjMifX0=@&#8221; content_max_width=&#8221;650px&#8221; _builder_version=&#8221;4.15.1&#8243; _dynamic_attributes=&#8221;button_one_url,button_two_url&#8221; title_font=&#8221;|700|||||||&#8221; title_font_size=&#8221;44px&#8221; content_font=&#8221;Muli||||||||&#8221; content_font_size=&#8221;18px&#8221; content_line_height=&#8221;1.8em&#8221; subhead_font=&#8221;||||||||&#8221; subhead_font_size=&#8221;28px&#8221; subhead_line_height=&#8221;1.4em&#8221; background_color=&#8221;rgba(126,190,197,0)&#8221; custom_button_one=&#8221;on&#8221; button_one_text_size=&#8221;16px&#8221; button_one_text_color=&#8221;#000000&#8243; button_one_bg_color=&#8221;#1fd7e0&#8243; button_one_border_width=&#8221;9px&#8221; button_one_border_color=&#8221;rgba(0,0,0,0)&#8221; button_one_border_radius=&#8221;50px&#8221; button_one_letter_spacing=&#8221;4px&#8221; button_one_font=&#8221;|800||on|||||&#8221; button_one_use_icon=&#8221;off&#8221; custom_button_two=&#8221;on&#8221; button_two_text_size=&#8221;16px&#8221; button_two_text_color=&#8221;#000000&#8243; button_two_bg_color=&#8221;#d6d6d6&#8243; button_two_border_width=&#8221;5px&#8221; button_two_border_color=&#8221;#ffffff&#8221; button_two_border_radius=&#8221;48px&#8221; button_two_letter_spacing=&#8221;4px&#8221; button_two_font=&#8221;|900||on|||||&#8221; button_two_use_icon=&#8221;off&#8221; min_height=&#8221;468px&#8221; custom_margin=&#8221;||-79px||false|false&#8221; custom_margin_tablet=&#8221;&#8221; custom_margin_phone=&#8221;&#8221; custom_margin_last_edited=&#8221;on|phone&#8221; custom_padding=&#8221;6vw||6vw||true|false&#8221; custom_padding_tablet=&#8221;||10vw||false|false&#8221; custom_padding_phone=&#8221;1vw||16vw||false|false&#8221; custom_padding_last_edited=&#8221;on|phone&#8221; animation_style=&#8221;zoom&#8221; animation_intensity_zoom=&#8221;5%&#8221; title_font_size_tablet=&#8221;60px&#8221; title_font_size_phone=&#8221;30px&#8221; title_font_size_last_edited=&#8221;on|phone&#8221; content_font_size_tablet=&#8221;&#8221; content_font_size_phone=&#8221;16px&#8221; content_font_size_last_edited=&#8221;on|phone&#8221; custom_css_header_container=&#8221;width: 100%;&#8221; title_text_shadow_style=&#8221;preset4&#8243; title_text_shadow_color=&#8221;rgba(0,0,0,0.12)&#8221; button_one_text_shadow_style=&#8221;preset4&#8243; button_one_text_shadow_vertical_length=&#8221;0.09em&#8221; box_shadow_style=&#8221;preset6&#8243; box_shadow_style_button_one=&#8221;preset6&#8243; box_shadow_horizontal_button_one=&#8221;-5px&#8221; box_shadow_blur_button_one=&#8221;24px&#8221; box_shadow_spread_button_one=&#8221;6px&#8221; box_shadow_color_button_one=&#8221;#ffffff&#8221; button_one_letter_spacing_hover=&#8221;4px&#8221; button_two_letter_spacing_hover=&#8221;4px&#8221; global_colors_info=&#8221;{}&#8221; button_one_text_size__hover_enabled=&#8221;off&#8221; button_two_text_size__hover_enabled=&#8221;off&#8221; button_one_text_color__hover_enabled=&#8221;off&#8221; button_two_text_color__hover_enabled=&#8221;off&#8221; button_one_border_width__hover_enabled=&#8221;off&#8221; button_two_border_width__hover_enabled=&#8221;off&#8221; button_one_border_color__hover_enabled=&#8221;off&#8221; button_two_border_color__hover_enabled=&#8221;off&#8221; button_one_border_radius__hover_enabled=&#8221;off&#8221; button_two_border_radius__hover_enabled=&#8221;off&#8221; button_one_letter_spacing__hover_enabled=&#8221;on&#8221; button_one_letter_spacing__hover=&#8221;4px&#8221; button_two_letter_spacing__hover_enabled=&#8221;on&#8221; button_two_letter_spacing__hover=&#8221;4px&#8221; button_one_bg_color__hover_enabled=&#8221;off&#8221; button_two_bg_color__hover_enabled=&#8221;off&#8221; background_color__hover=&#8221;#7EBEC5&#8243; background_color__hover_enabled=&#8221;#7EBEC5&#8243; use_background_color_gradient__hover=&#8221;off&#8221; use_background_color_gradient__hover_enabled=&#8221;off&#8221; background_color_gradient_start__hover=&#8221;#2b87da&#8221; background_color_gradient_start__hover_enabled=&#8221;#2b87da&#8221; background_color_gradient_end__hover=&#8221;#29c4a9&#8243; background_color_gradient_end__hover_enabled=&#8221;#29c4a9&#8243; background_color_gradient_type__hover=&#8221;linear&#8221; background_color_gradient_type__hover_enabled=&#8221;linear&#8221; background_color_gradient_direction__hover=&#8221;180deg&#8221; background_color_gradient_direction__hover_enabled=&#8221;180deg&#8221; background_color_gradient_direction_radial__hover=&#8221;center&#8221; background_color_gradient_direction_radial__hover_enabled=&#8221;center&#8221; background_color_gradient_start_position__hover=&#8221;0%&#8221; background_color_gradient_start_position__hover_enabled=&#8221;0%&#8221; background_color_gradient_end_position__hover=&#8221;100%&#8221; background_color_gradient_end_position__hover_enabled=&#8221;100%&#8221; background_color_gradient_overlays_image__hover=&#8221;off&#8221; background_color_gradient_overlays_image__hover_enabled=&#8221;off&#8221; parallax__hover=&#8221;off&#8221; parallax__hover_enabled=&#8221;off&#8221; parallax_method__hover=&#8221;off&#8221; parallax_method__hover_enabled=&#8221;off&#8221; background_size__hover=&#8221;cover&#8221; background_size__hover_enabled=&#8221;cover&#8221; background_position__hover=&#8221;center&#8221; background_position__hover_enabled=&#8221;center&#8221; background_repeat__hover=&#8221;no-repeat&#8221; background_repeat__hover_enabled=&#8221;no-repeat&#8221; background_blend__hover=&#8221;normal&#8221; background_blend__hover_enabled=&#8221;normal&#8221; allow_player_pause__hover=&#8221;off&#8221; allow_player_pause__hover_enabled=&#8221;off&#8221; background_video_pause_outside_viewport__hover=&#8221;on&#8221; background_video_pause_outside_viewport__hover_enabled=&#8221;on&#8221;][\/et_pb_fullwidth_header][\/et_pb_section][et_pb_section fb_built=&#8221;1&#8243; _builder_version=&#8221;4.15&#8243; background_enable_color=&#8221;off&#8221; custom_padding=&#8221;0px||0px||false|false&#8221; bottom_divider_color=&#8221;#ffffff&#8221; bottom_divider_height=&#8221;104px&#8221; da_disable_devices=&#8221;off|off|off&#8221; global_colors_info=&#8221;{}&#8221; da_is_popup=&#8221;off&#8221; da_exit_intent=&#8221;off&#8221; da_has_close=&#8221;on&#8221; da_alt_close=&#8221;off&#8221; da_dark_close=&#8221;off&#8221; da_not_modal=&#8221;on&#8221; da_is_singular=&#8221;off&#8221; da_with_loader=&#8221;off&#8221; da_has_shadow=&#8221;on&#8221;][et_pb_row _builder_version=&#8221;4.15&#8243; custom_margin=&#8221;27px|auto|22px|auto||&#8221; custom_padding=&#8221;0px||2px|||&#8221; global_colors_info=&#8221;{}&#8221;][et_pb_column type=&#8221;4_4&#8243; _builder_version=&#8221;4.15&#8243; global_colors_info=&#8221;{}&#8221;][et_pb_video src=&#8221;https:\/\/www.youtube.com\/watch?v=RALXxaiCkyg&#8221; _builder_version=&#8221;4.15.1&#8243; global_colors_info=&#8221;{}&#8221;][\/et_pb_video][\/et_pb_column][\/et_pb_row][et_pb_row _builder_version=&#8221;4.15.1&#8243; _module_preset=&#8221;default&#8221; custom_padding=&#8221;0px||8px|||&#8221; global_colors_info=&#8221;{}&#8221; theme_builder_area=&#8221;post_content&#8221;][et_pb_column type=&#8221;4_4&#8243; _builder_version=&#8221;4.15.1&#8243; _module_preset=&#8221;default&#8221; global_colors_info=&#8221;{}&#8221; theme_builder_area=&#8221;post_content&#8221;][et_pb_button button_url=&#8221;https:\/\/multidimensionparis.com\/essential-videos\/&#8221; button_text=&#8221;Back &#8221; button_alignment=&#8221;center&#8221; _builder_version=&#8221;4.15.1&#8243; custom_button=&#8221;on&#8221; button_text_color=&#8221;#000000&#8243; button_icon=&#8221;&#x38;||divi||400&#8243; button_on_hover=&#8221;off&#8221; custom_margin=&#8221;||-11px||false|false&#8221; custom_padding=&#8221;0px|35px|0px|12px|true|false&#8221; global_colors_info=&#8221;{}&#8221; theme_builder_area=&#8221;post_content&#8221;][\/et_pb_button][\/et_pb_column][\/et_pb_row][et_pb_row column_structure=&#8221;1_2,1_2&#8243; _builder_version=&#8221;4.15&#8243; global_colors_info=&#8221;{}&#8221;][et_pb_column type=&#8221;1_2&#8243; _builder_version=&#8221;4.15&#8243; global_colors_info=&#8221;{}&#8221;][et_pb_accordion _builder_version=&#8221;4.15.1&#8243; toggle_text_align=&#8221;center&#8221; toggle_font_size=&#8221;20px&#8221; global_colors_info=&#8221;{}&#8221;][et_pb_accordion_item title=&#8221;TEXT IN FRENCH TO ENGLISH&#8221; open=&#8221;on&#8221; _builder_version=&#8221;4.15.1&#8243; body_font_size=&#8221;17px&#8221; background_enable_color=&#8221;off&#8221; text_orientation=&#8221;justified&#8221; border_width_all=&#8221;4px&#8221; border_color_all=&#8221;#ffffff&#8221; box_shadow_style=&#8221;preset6&#8243; global_colors_info=&#8221;{}&#8221; toggle_level=&#8221;h3&#8243; toggle_font=&#8221;|600|||||||&#8221; toggle_text_align=&#8221;center&#8221; toggle_font_size=&#8221;22px&#8221;]<strong>EXPRESSIONS COURANTES<br \/>\n<span style=\"color: #004eff;\">COMMONLY USED EXPRESSIONS<\/span><\/strong><\/p>\n<p>Dans la vie quotidienne, nous utilisons des expressions courantes pour exprimer notre compr\u00e9hension, notre humeur et nos sentiments. Dans cet \u00e9pisode de &#8220;LFAE&#8221;, nous vous donnerons quelques conseils \u00e0<br \/>\nsuivre.<\/p>\n<p style=\"color: #004eff;\">In everyday life, we use common expressions to express our understanding, moods and feelings. In this episode of &#8220;LFAE&#8221;, we will give you some tips to follow.<\/p>\n<p>Bonjour! &#8211; <span style=\"color: #004eff;\">Good morning!<\/span>.<br \/>\nBon apr\u00e8s-midi! &#8211; <span style=\"color: #004eff;\">Good afternoon!<\/span><br \/>\nBonsoir! &#8211; <span style=\"color: #004eff;\">Good evening!<\/span><br \/>\nBonne nuit! &#8211; <span style=\"color: #004eff;\">Good night!<\/span><br \/>\nAu revoir! &#8211; <span style=\"color: #004eff;\">Bye!<\/span><br \/>\nA plus!- <span style=\"color: #004eff;\">See you! \/ See you soon!<\/span><br \/>\nOui! &#8211; <span style=\"color: #004eff;\">Yes!<\/span><br \/>\nNon! &#8211; <span style=\"color: #004eff;\">No!<\/span><br \/>\nD\u2019accord! &#8211; <span style=\"color: #004eff;\">Agreed!<\/span><br \/>\nOkay &#8211; <span style=\"color: #004eff;\">Agreed!<\/span><br \/>\nSans probl\u00e8me &#8211; <span style=\"color: #004eff;\">Agreed! \/ No problem!<\/span><br \/>\nC&#8217;est tout. &#8211; <span style=\"color: #004eff;\">That\u2019s it.<\/span><br \/>\nC\u2019est tout? &#8211;<span style=\"color: #004eff;\"> That\u2019s it? That\u2019s all?<\/span><br \/>\nSinon &#8211;<span style=\"color: #004eff;\"> Otherwise<\/span><\/p>\n<p>D\u00e9sol\u00e9 &#8211; <span style=\"color: #004eff;\">Sorry<\/span><br \/>\nBeaucoup &#8211; <span style=\"color: #004eff;\">A lot<\/span><br \/>\nPeu &#8211; <span style=\"color: #004eff;\">Less<\/span><br \/>\nMerci &#8211; <span style=\"color: #004eff;\">Thanks<\/span><br \/>\nExcusez-moi! &#8211; <span style=\"color: #004eff;\">Excuse me!<\/span><\/p>\n<p>Qui &#8211; <span style=\"color: #004eff;\">Who<\/span><br \/>\nQuoi &#8211; <span style=\"color: #004eff;\">What<\/span><br \/>\nO\u00f9 &#8211;<span style=\"color: #004eff;\"> Where<\/span><\/p>\n<p>On peut utiliser ces expressions comme une phrase en ajoutant \u201cC\u2019est \u201c devant chaque mot.<br \/>\n<span style=\"color: #004eff;\">You can use these expressions as a sentence by adding \u201cC\u2019est\u201d before each word.<\/span><br \/>\nC\u2019est qui? &#8211; <span style=\"color: #004eff;\">Who is this?<\/span><br \/>\nC\u2019est quoi? &#8211;<span style=\"color: #004eff;\"> What is this?<\/span><br \/>\nC\u2019est o\u00f9? &#8211;<span style=\"color: #004eff;\"> Where is this?<\/span><\/p>\n<p>Quand &#8211; <span style=\"color: #004eff;\">When<\/span><br \/>\nComment &#8211; <span style=\"color: #004eff;\">How<\/span><br \/>\nComment \u00e7a ? &#8211; <span style=\"color: #004eff;\">How can it be?<\/span><br \/>\nPourquoi &#8211;<span style=\"color: #004eff;\"> Why<\/span><br \/>\nPour &#8211;<span style=\"color: #004eff;\"> For<\/span><br \/>\nLequel &#8211; <span style=\"color: #004eff;\">Which<\/span><br \/>\nLaquelle &#8211; <span style=\"color: #004eff;\">Which<\/span><br \/>\nLesquelles &#8211;<span style=\"color: #004eff;\"> Which<\/span><br \/>\nLesquels &#8211; <span style=\"color: #004eff;\">Which<\/span><br \/>\nCependant &#8211; <span style=\"color: #004eff;\">However<\/span><br \/>\nQuand m\u00eame &#8211;<span style=\"color: #004eff;\"> Anyway<\/span><br \/>\nMalgr\u00e9 tout &#8211;<span style=\"color: #004eff;\"> In spite of<\/span><\/p>\n<p>De toute fa\u00e7on &#8211; <span style=\"color: #004eff;\">Anyway \/ In any case<\/span><br \/>\nA mon avis &#8211;<span style=\"color: #004eff;\"> In my opinion<\/span><br \/>\nImpeccable &#8211; <span style=\"color: #004eff;\">Impeccable\/ Perfect<\/span><br \/>\nT\u2019inqui\u00e8tes pas &#8211; <span style=\"color: #004eff;\">Don\u2019t worry<\/span><br \/>\n\u00c7a y est! &#8211; <span style=\"color: #004eff;\">That\u2019s it! \/ Here we go!<\/span><br \/>\n\u00c7a va &#8211; <span style=\"color: #004eff;\">That\u2019s good<\/span><br \/>\n\u00c7a va pas. &#8211;<span style=\"color: #004eff;\"> That\u2019s not good.<\/span><br \/>\nAh bon ! &#8211;<span style=\"color: #004eff;\"> Is it!<\/span><br \/>\nPas vrai ! &#8211;<span style=\"color: #004eff;\"> Not true!<\/span><br \/>\nOh l\u00e0 l\u00e0! &#8211; <span style=\"color: #004eff;\">Look!<\/span><br \/>\nIncroyable ! &#8211; <span style=\"color: #004eff;\">Incredible!<\/span><br \/>\nC\u2019est \u00e9vident! &#8211;<span style=\"color: #004eff;\"> It&#8217;s evident!<\/span><br \/>\n\u00c9videmment! &#8211;<span style=\"color: #004eff;\"> Evidently!<\/span><\/p>\n<p>Bon ! &#8211; <span style=\"color: #004eff;\">Good! \/ All right!<\/span><br \/>\nBon, je suis fatigu\u00e9, bonne nuit. &#8211;<span style=\"color: #004eff;\"> All right, I\u2019m tired, good night.<\/span><br \/>\nAh! &#8211; Oh!<\/span><br \/>\nAh, finalement tu as fait tes devoirs! &#8211; <span style=\"color: #004eff;\">Oh, finally you\u2019ve done your homework!<\/span><br \/>\nOh ! &#8211; <span style=\"color: #004eff;\">Oh!<\/span><br \/>\nOh, finis ton repas! &#8211; <span style=\"color: #004eff;\">Oh, finish your meal!<\/span><br \/>\nA\u00efe ! &#8211; <span style=\"color: #004eff;\">Ouch!<\/span><br \/>\nA\u00efe, \u00e7a pique! &#8211;<span style=\"color: #004eff;\"> Ouch, it stings!<\/span><br \/>\nEuh! &#8211;<span style=\"color: #004eff;\"> Uh!<\/span><br \/>\nBof! &#8211;<span style=\"color: #004eff;\"> Blah!<\/span><br \/>\nC\u2019est b\u00eate! &#8211; <span style=\"color: #004eff;\">It\u2019s stupid \/ It\u2019s dumb.<\/span><br \/>\nC\u2019est foutu! &#8211;<span style=\"color: #004eff;\"> It\u2019s over! \/ It\u2019s ruined!<\/span><\/p>\n<p>Dans de nombreux cas, les non francophones ne comprennent pas les insultes dont ils sont victimes.<\/p>\n<p><span style=\"color: #004eff;\">In many cases, non-French speakers do not understand the insults they are subjected to.<\/span><\/p>\n<p>D&#8217;autre part, il est aussi n\u00e9cessaire de conna\u00eetre ces mots pour \u00e9viter de les utiliser inconsciemment et pour ne pas blesser les sentiments des autres.<\/p>\n<p><span style=\"color: #004eff;\">On the other hand, it is also necessary to know these words in order to avoid using them unconsciously and to avoid hurting the feelings of others.<\/span><\/p>\n<p>Un con<br \/>\nVieux con<br \/>\nUne connasse<br \/>\nGrosse conne<br \/>\nVas te faire enculer<br \/>\nVas te faire foutre<br \/>\nQuel bordel<br \/>\nPutain<br \/>\nOh putain<br \/>\nSalopard<br \/>\nSalop<br \/>\nConnard<br \/>\nEsp\u00e8ce de cr\u00e9tin<br \/>\nFils de pute<br \/>\nTa gueule<br \/>\nEncul\u00e9 de ta race<br \/>\nNique ta m\u00e8re<\/p>\n<p>Grosse merde<br \/>\nP\u00e9tasse<br \/>\nBolosse \/ Bolos[\/et_pb_accordion_item][\/et_pb_accordion][\/et_pb_column][et_pb_column type=&#8221;1_2&#8243; _builder_version=&#8221;4.15&#8243; global_colors_info=&#8221;{}&#8221;][\/et_pb_column][\/et_pb_row][et_pb_row _builder_version=&#8221;4.15&#8243; global_colors_info=&#8221;{}&#8221;][et_pb_column type=&#8221;4_4&#8243; _builder_version=&#8221;4.15&#8243; global_colors_info=&#8221;{}&#8221;][et_pb_button button_url=&#8221;https:\/\/drive.google.com\/file\/d\/1stfF7MtdypOkK3oaQCuseQfROgc2p2ub\/view&#8221; url_new_window=&#8221;on&#8221; button_text=&#8221;Download PDF file&#8221; button_alignment=&#8221;center&#8221; _builder_version=&#8221;4.15.1&#8243; custom_button=&#8221;on&#8221; button_text_color=&#8221;#000000&#8243; button_icon=&#8221;&#xe048;||divi||400&#8243; button_on_hover=&#8221;off&#8221; custom_padding=&#8221;|35px||12px|false|false&#8221; global_colors_info=&#8221;{}&#8221;][\/et_pb_button][\/et_pb_column][\/et_pb_row][\/et_pb_section][et_pb_section fb_built=&#8221;1&#8243; fullwidth=&#8221;on&#8221; _builder_version=&#8221;4.15&#8243; da_disable_devices=&#8221;off|off|off&#8221; global_colors_info=&#8221;{}&#8221; da_is_popup=&#8221;off&#8221; da_exit_intent=&#8221;off&#8221; da_has_close=&#8221;on&#8221; da_alt_close=&#8221;off&#8221; da_dark_close=&#8221;off&#8221; da_not_modal=&#8221;on&#8221; da_is_singular=&#8221;off&#8221; da_with_loader=&#8221;off&#8221; da_has_shadow=&#8221;on&#8221;][\/et_pb_section]<\/p>\n","protected":false},"excerpt":{"rendered":"<p>EXPRESSIONS COURANTES COMMONLY USED EXPRESSIONS Dans la vie quotidienne, nous utilisons des expressions courantes pour exprimer notre compr\u00e9hension, notre humeur et nos sentiments. Dans cet \u00e9pisode de &#8220;LFAE&#8221;, nous vous donnerons quelques conseils \u00e0 suivre. In everyday life, we use common expressions to express our understanding, moods and feelings. In this episode of &#8220;LFAE&#8221;, we [&hellip;]<\/p>\n","protected":false},"author":1,"featured_media":0,"parent":0,"menu_order":0,"comment_status":"closed","ping_status":"closed","template":"","meta":{"_et_pb_use_builder":"on","_et_pb_old_content":"","_et_gb_content_width":"","footnotes":""},"_links":{"self":[{"href":"https:\/\/multidimensionparis.com\/bn\/wp-json\/wp\/v2\/pages\/4717"}],"collection":[{"href":"https:\/\/multidimensionparis.com\/bn\/wp-json\/wp\/v2\/pages"}],"about":[{"href":"https:\/\/multidimensionparis.com\/bn\/wp-json\/wp\/v2\/types\/page"}],"author":[{"embeddable":true,"href":"https:\/\/multidimensionparis.com\/bn\/wp-json\/wp\/v2\/users\/1"}],"replies":[{"embeddable":true,"href":"https:\/\/multidimensionparis.com\/bn\/wp-json\/wp\/v2\/comments?post=4717"}],"version-history":[{"count":4,"href":"https:\/\/multidimensionparis.com\/bn\/wp-json\/wp\/v2\/pages\/4717\/revisions"}],"predecessor-version":[{"id":5024,"href":"https:\/\/multidimensionparis.com\/bn\/wp-json\/wp\/v2\/pages\/4717\/revisions\/5024"}],"wp:attachment":[{"href":"https:\/\/multidimensionparis.com\/bn\/wp-json\/wp\/v2\/media?parent=4717"}],"curies":[{"name":"wp","href":"https:\/\/api.w.org\/{rel}","templated":true}]}}