{"id":4729,"date":"2022-04-26T20:35:27","date_gmt":"2022-04-26T20:35:27","guid":{"rendered":"https:\/\/multidimensionparis.com\/?page_id=4729"},"modified":"2022-06-09T10:19:24","modified_gmt":"2022-06-09T10:19:24","slug":"hour-time","status":"publish","type":"page","link":"https:\/\/multidimensionparis.com\/bn\/hour-time\/","title":{"rendered":"Hour &#038; Time"},"content":{"rendered":"<p>[et_pb_section fb_built=&#8221;1&#8243; fullwidth=&#8221;on&#8221; admin_label=&#8221;Header&#8221; _builder_version=&#8221;4.15&#8243; background_color=&#8221;#5a0c1c&#8221; background_image=&#8221;https:\/\/multidimensionparis.com\/wp-content\/uploads\/2020\/04\/day_care_bg_02.png&#8221; parallax=&#8221;on&#8221; parallax_method=&#8221;off&#8221; custom_margin=&#8221;||&#8221; custom_padding=&#8221;||0px||false|false&#8221; bottom_divider_height=&#8221;2vw&#8221; bottom_divider_height_last_edited=&#8221;off|desktop&#8221; da_disable_devices=&#8221;off|off|off&#8221; global_colors_info=&#8221;{}&#8221; da_is_popup=&#8221;off&#8221; da_exit_intent=&#8221;off&#8221; da_has_close=&#8221;on&#8221; da_alt_close=&#8221;off&#8221; da_dark_close=&#8221;off&#8221; da_not_modal=&#8221;on&#8221; da_is_singular=&#8221;off&#8221; da_with_loader=&#8221;off&#8221; da_has_shadow=&#8221;on&#8221;][et_pb_fullwidth_header title=&#8221;LEARN FRENCH AT EASE&#8221; subhead=&#8221;Through animation videos&#8221; text_orientation=&#8221;center&#8221; button_one_text=&#8221;Join our language programme &#8221; button_one_url=&#8221;@ET-DC@eyJkeW5hbWljIjp0cnVlLCJjb250ZW50IjoicG9zdF9saW5rX3VybF9wYWdlIiwic2V0dGluZ3MiOnsicG9zdF9pZCI6IjQyNyJ9fQ==@&#8221; button_two_text=&#8221;thematic videos&#8221; button_two_url=&#8221;@ET-DC@eyJkeW5hbWljIjp0cnVlLCJjb250ZW50IjoicG9zdF9saW5rX3VybF9wYWdlIiwic2V0dGluZ3MiOnsicG9zdF9pZCI6IjM3NjMifX0=@&#8221; content_max_width=&#8221;650px&#8221; _builder_version=&#8221;4.15.1&#8243; _dynamic_attributes=&#8221;button_one_url,button_two_url&#8221; title_font=&#8221;|700|||||||&#8221; title_font_size=&#8221;44px&#8221; content_font=&#8221;Muli||||||||&#8221; content_font_size=&#8221;18px&#8221; content_line_height=&#8221;1.8em&#8221; subhead_font=&#8221;||||||||&#8221; subhead_font_size=&#8221;28px&#8221; subhead_line_height=&#8221;1.4em&#8221; background_color=&#8221;rgba(126,190,197,0)&#8221; custom_button_one=&#8221;on&#8221; button_one_text_size=&#8221;16px&#8221; button_one_text_color=&#8221;#000000&#8243; button_one_bg_color=&#8221;#1fd7e0&#8243; button_one_border_width=&#8221;9px&#8221; button_one_border_color=&#8221;rgba(0,0,0,0)&#8221; button_one_border_radius=&#8221;50px&#8221; button_one_letter_spacing=&#8221;4px&#8221; button_one_font=&#8221;|800||on|||||&#8221; button_one_use_icon=&#8221;off&#8221; custom_button_two=&#8221;on&#8221; button_two_text_size=&#8221;16px&#8221; button_two_text_color=&#8221;#000000&#8243; button_two_bg_color=&#8221;#d6d6d6&#8243; button_two_border_width=&#8221;5px&#8221; button_two_border_color=&#8221;#ffffff&#8221; button_two_border_radius=&#8221;48px&#8221; button_two_letter_spacing=&#8221;4px&#8221; button_two_font=&#8221;|900||on|||||&#8221; button_two_use_icon=&#8221;off&#8221; min_height=&#8221;468px&#8221; custom_margin=&#8221;||-79px||false|false&#8221; custom_margin_tablet=&#8221;&#8221; custom_margin_phone=&#8221;&#8221; custom_margin_last_edited=&#8221;on|phone&#8221; custom_padding=&#8221;6vw||6vw||true|false&#8221; custom_padding_tablet=&#8221;||10vw||false|false&#8221; custom_padding_phone=&#8221;1vw||16vw||false|false&#8221; custom_padding_last_edited=&#8221;on|phone&#8221; animation_style=&#8221;zoom&#8221; animation_intensity_zoom=&#8221;5%&#8221; title_font_size_tablet=&#8221;60px&#8221; title_font_size_phone=&#8221;30px&#8221; title_font_size_last_edited=&#8221;on|phone&#8221; content_font_size_tablet=&#8221;&#8221; content_font_size_phone=&#8221;16px&#8221; content_font_size_last_edited=&#8221;on|phone&#8221; custom_css_header_container=&#8221;width: 100%;&#8221; title_text_shadow_style=&#8221;preset4&#8243; title_text_shadow_color=&#8221;rgba(0,0,0,0.12)&#8221; button_one_text_shadow_style=&#8221;preset4&#8243; button_one_text_shadow_vertical_length=&#8221;0.09em&#8221; box_shadow_style=&#8221;preset6&#8243; box_shadow_style_button_one=&#8221;preset6&#8243; box_shadow_horizontal_button_one=&#8221;-5px&#8221; box_shadow_blur_button_one=&#8221;24px&#8221; box_shadow_spread_button_one=&#8221;6px&#8221; box_shadow_color_button_one=&#8221;#ffffff&#8221; button_one_letter_spacing_hover=&#8221;4px&#8221; button_two_letter_spacing_hover=&#8221;4px&#8221; global_colors_info=&#8221;{}&#8221; button_one_text_size__hover_enabled=&#8221;off&#8221; button_two_text_size__hover_enabled=&#8221;off&#8221; button_one_text_color__hover_enabled=&#8221;off&#8221; button_two_text_color__hover_enabled=&#8221;off&#8221; button_one_border_width__hover_enabled=&#8221;off&#8221; button_two_border_width__hover_enabled=&#8221;off&#8221; button_one_border_color__hover_enabled=&#8221;off&#8221; button_two_border_color__hover_enabled=&#8221;off&#8221; button_one_border_radius__hover_enabled=&#8221;off&#8221; button_two_border_radius__hover_enabled=&#8221;off&#8221; button_one_letter_spacing__hover_enabled=&#8221;on&#8221; button_one_letter_spacing__hover=&#8221;4px&#8221; button_two_letter_spacing__hover_enabled=&#8221;on&#8221; button_two_letter_spacing__hover=&#8221;4px&#8221; button_one_bg_color__hover_enabled=&#8221;off&#8221; button_two_bg_color__hover_enabled=&#8221;off&#8221; background_color__hover=&#8221;#7EBEC5&#8243; background_color__hover_enabled=&#8221;#7EBEC5&#8243; use_background_color_gradient__hover=&#8221;off&#8221; use_background_color_gradient__hover_enabled=&#8221;off&#8221; background_color_gradient_start__hover=&#8221;#2b87da&#8221; background_color_gradient_start__hover_enabled=&#8221;#2b87da&#8221; background_color_gradient_end__hover=&#8221;#29c4a9&#8243; background_color_gradient_end__hover_enabled=&#8221;#29c4a9&#8243; background_color_gradient_type__hover=&#8221;linear&#8221; background_color_gradient_type__hover_enabled=&#8221;linear&#8221; background_color_gradient_direction__hover=&#8221;180deg&#8221; background_color_gradient_direction__hover_enabled=&#8221;180deg&#8221; background_color_gradient_direction_radial__hover=&#8221;center&#8221; background_color_gradient_direction_radial__hover_enabled=&#8221;center&#8221; background_color_gradient_start_position__hover=&#8221;0%&#8221; background_color_gradient_start_position__hover_enabled=&#8221;0%&#8221; background_color_gradient_end_position__hover=&#8221;100%&#8221; background_color_gradient_end_position__hover_enabled=&#8221;100%&#8221; background_color_gradient_overlays_image__hover=&#8221;off&#8221; background_color_gradient_overlays_image__hover_enabled=&#8221;off&#8221; parallax__hover=&#8221;off&#8221; parallax__hover_enabled=&#8221;off&#8221; parallax_method__hover=&#8221;off&#8221; parallax_method__hover_enabled=&#8221;off&#8221; background_size__hover=&#8221;cover&#8221; background_size__hover_enabled=&#8221;cover&#8221; background_position__hover=&#8221;center&#8221; background_position__hover_enabled=&#8221;center&#8221; background_repeat__hover=&#8221;no-repeat&#8221; background_repeat__hover_enabled=&#8221;no-repeat&#8221; background_blend__hover=&#8221;normal&#8221; background_blend__hover_enabled=&#8221;normal&#8221; allow_player_pause__hover=&#8221;off&#8221; allow_player_pause__hover_enabled=&#8221;off&#8221; background_video_pause_outside_viewport__hover=&#8221;on&#8221; background_video_pause_outside_viewport__hover_enabled=&#8221;on&#8221;][\/et_pb_fullwidth_header][\/et_pb_section][et_pb_section fb_built=&#8221;1&#8243; _builder_version=&#8221;4.15&#8243; background_enable_color=&#8221;off&#8221; custom_padding=&#8221;0px||0px||false|false&#8221; bottom_divider_color=&#8221;#ffffff&#8221; bottom_divider_height=&#8221;104px&#8221; da_disable_devices=&#8221;off|off|off&#8221; global_colors_info=&#8221;{}&#8221; da_is_popup=&#8221;off&#8221; da_exit_intent=&#8221;off&#8221; da_has_close=&#8221;on&#8221; da_alt_close=&#8221;off&#8221; da_dark_close=&#8221;off&#8221; da_not_modal=&#8221;on&#8221; da_is_singular=&#8221;off&#8221; da_with_loader=&#8221;off&#8221; da_has_shadow=&#8221;on&#8221;][et_pb_row _builder_version=&#8221;4.15&#8243; custom_margin=&#8221;27px|auto||auto||&#8221; custom_padding=&#8221;0px|||||&#8221; global_colors_info=&#8221;{}&#8221;][et_pb_column type=&#8221;4_4&#8243; _builder_version=&#8221;4.15&#8243; global_colors_info=&#8221;{}&#8221;][et_pb_video src=&#8221;https:\/\/www.youtube.com\/watch?v=D-9MhjAbiYY&#8221; _builder_version=&#8221;4.15.1&#8243; global_colors_info=&#8221;{}&#8221;][\/et_pb_video][\/et_pb_column][\/et_pb_row][et_pb_row _builder_version=&#8221;4.15.1&#8243; _module_preset=&#8221;default&#8221; custom_padding=&#8221;0px||8px|||&#8221; global_colors_info=&#8221;{}&#8221; theme_builder_area=&#8221;post_content&#8221;][et_pb_column type=&#8221;4_4&#8243; _builder_version=&#8221;4.15.1&#8243; _module_preset=&#8221;default&#8221; global_colors_info=&#8221;{}&#8221; theme_builder_area=&#8221;post_content&#8221;][et_pb_button button_url=&#8221;https:\/\/multidimensionparis.com\/essential-videos\/&#8221; button_text=&#8221;Back &#8221; button_alignment=&#8221;center&#8221; _builder_version=&#8221;4.15.1&#8243; custom_button=&#8221;on&#8221; button_text_color=&#8221;#000000&#8243; button_icon=&#8221;&#x38;||divi||400&#8243; button_on_hover=&#8221;off&#8221; custom_margin=&#8221;||-11px||false|false&#8221; custom_padding=&#8221;0px|35px|0px|12px|true|false&#8221; global_colors_info=&#8221;{}&#8221; theme_builder_area=&#8221;post_content&#8221;][\/et_pb_button][\/et_pb_column][\/et_pb_row][et_pb_row column_structure=&#8221;1_2,1_2&#8243; _builder_version=&#8221;4.15&#8243; global_colors_info=&#8221;{}&#8221;][et_pb_column type=&#8221;1_2&#8243; _builder_version=&#8221;4.15&#8243; global_colors_info=&#8221;{}&#8221;][et_pb_accordion _builder_version=&#8221;4.15.1&#8243; toggle_text_align=&#8221;center&#8221; toggle_font_size=&#8221;20px&#8221; global_colors_info=&#8221;{}&#8221;][et_pb_accordion_item title=&#8221;TEXT IN FRENCH TO ENGLISH&#8221; open=&#8221;on&#8221; _builder_version=&#8221;4.15.1&#8243; body_font_size=&#8221;17px&#8221; background_enable_color=&#8221;off&#8221; text_orientation=&#8221;justified&#8221; border_width_all=&#8221;4px&#8221; border_color_all=&#8221;#ffffff&#8221; box_shadow_style=&#8221;preset6&#8243; global_colors_info=&#8221;{}&#8221; toggle_level=&#8221;h3&#8243; toggle_font=&#8221;|600|||||||&#8221; toggle_text_align=&#8221;center&#8221; toggle_font_size=&#8221;22px&#8221;]<strong>L\u2019HEURE<br \/>\n<span style=\"color: #004eff;\">HOUR \/ TIME<\/span><\/strong><\/p>\n<p>Madame demande l\u2019heure \u00e0 Monsieur. suivre.<\/p>\n<p style=\"color: #004eff;\">The Lady asks the gentleman for the time.<\/p>\n<p><strong>Madame:<\/strong><br \/>\nBonjour monsieur, quelle heure est-il ?<br \/>\n<span style=\"color: #004eff;\">Hello sir, what time is it?<\/span><\/p>\n<p>Monsieur n\u2019est pas s\u00fbr de savoir comment dire l\u2019heure.<br \/>\n<span style=\"color: #004eff;\">The gentleman is not sure how to tell the time.<\/span><\/p>\n<p><strong>Monsieur \/ Gentleman :<\/strong><br \/>\nBonjour monsieur, quelle heure est-il ?<br \/>\n<span style=\"color: #004eff;\">Hello sir, what time is it?<\/span><\/p>\n<p><strong>Professeur :<\/strong><br \/>\nBonjour! Aujourd\u2019hui on ne va pas perdre de temps. Vous allez apprendre comment dire l\u2019heure correctement. La ponctualit\u00e9 est tr\u00e8s importante en France. Il faut toujours arriver \u00e0 l\u2019heure \u00e0 vos<br \/>\nrendez-vous.<\/p>\n<p><strong>Professor :<\/strong><br \/>\n<span style=\"color: #004eff;\">Hello! We&#8217;re not going to waste time today. You will learn how to tell the time correctly. Punctuality is very important in France. You must always be on time for your appointments.<\/span><\/p>\n<p>Quelle heure est-il? Il est quelle heure ?<br \/>\n<span style=\"color: #004eff;\">What time is it?<\/span><\/p>\n<p>Format horaire de 24 heures : <span style=\"color: #004eff;\">24-Hour Time Format<\/span><\/p>\n<p>01:00 Une heure &#8211; <span style=\"color: #004eff;\">One o\u2019clock in the morning (AM)<\/span><br \/>\n02:00 Deux heures &#8211;<span style=\"color: #004eff;\"> Two o&#8217;clock in the morning (AM)<\/span><br \/>\n03:00 Trois heures &#8211; <span style=\"color: #004eff;\">Three o\u2019clock in the morning (AM)<\/span><br \/>\n04:00 Quatre heures &#8211; <span style=\"color: #004eff;\">Four o\u2019clock in the morning (AM)<\/span><br \/>\n05:00 Cinq heures &#8211; <span style=\"color: #004eff;\">Five o\u2019clock in the morning (AM)<\/span><br \/>\n06:00 Six heures &#8211; <span style=\"color: #004eff;\">Six o\u2019clock in the morning (AM)<\/span><br \/>\n07:00 Sept heures &#8211; <span style=\"color: #004eff;\">Seven o\u2019clock in the morning (AM)<\/span><br \/>\n08:00 Huit heures &#8211; <span style=\"color: #004eff;\">Eight o\u2019clock in the morning (AM)<\/span><br \/>\n09:00 Neuf heures &#8211; <span style=\"color: #004eff;\">Nine o\u2019clock in the morning (AM)<\/span><br \/>\n10:00 Dix heures &#8211; <span style=\"color: #004eff;\">Ten o\u2019clock in the morning (AM)<\/span><br \/>\n11:00 Onze heures &#8211; <span style=\"color: #004eff;\">Eleven o\u2019clock in the morning (AM)<\/span><br \/>\n12:00 Midi &#8211; <span style=\"color: #004eff;\">Noon<\/span><br \/>\n13:00 Treize heures &#8211; <span style=\"color: #004eff;\">One o&#8217;clock in the afternoon (PM)<\/span><br \/>\n14:00 Quatorze heures &#8211; <span style=\"color: #004eff;\">Two o&#8217;clock in the afternoon (PM)<\/span><br \/>\n15:00 Quinze heures &#8211; <span style=\"color: #004eff;\">Three o&#8217;clock in the afternoon (PM)<\/span><br \/>\n16:00 Seize heures &#8211;<span style=\"color: #004eff;\"> Four o&#8217;clock in the afternoon (PM)<\/span><br \/>\n17:00 Dix-sept heures &#8211;<span style=\"color: #004eff;\"> Five o&#8217;clock in the afternoon (PM)<\/span><br \/>\n18:00 Dix-huit heures &#8211;<span style=\"color: #004eff;\"> Six o&#8217;clock in the afternoon (PM)<\/span><\/p>\n<p>19:00 Dix-neuf heures &#8211; <span style=\"color: #004eff;\">Seven in the evening (PM)<\/span><br \/>\n20:00 Vingt heures &#8211;<span style=\"color: #004eff;\"> Eight in the evening (PM)<\/span><br \/>\n21:00 Vingt et une heures &#8211; <span style=\"color: #004eff;\">Nine in the evening (PM)<\/span><br \/>\n22:00 Vingt-deux heures &#8211;<span style=\"color: #004eff;\"> Ten in the evening (PM)<\/span><br \/>\n23:00 Vingt-trois heures &#8211; <span style=\"color: #004eff;\">Eleven in the evening (PM)<\/span><br \/>\n24:00 Minuit &#8211; <span style=\"color: #004eff;\">Midnight<\/span><\/p>\n<p>10 heures 15 ou 10 heures et quart &#8211; <span style=\"color: #004eff;\">Quarter past ten<\/span><br \/>\n10 heures 30 ou 10 heures et demi &#8211; <span style=\"color: #004eff;\">Half past ten<\/span><br \/>\n10 heures 35 ou 11 heures moins vingt-cinq &#8211; <span style=\"color: #004eff;\">Ten thirty five<\/span><br \/>\n10 heures 40 ou 11 heures moins vingt &#8211;<span style=\"color: #004eff;\"> Twenty to eleven<\/span><\/p>\n<p>10 heures 45 ou 11 heures moins le quart &#8211; <span style=\"color: #004eff;\">Quarter to eleven<\/span><br \/>\n10 heures 50 ou 11 heures moins dix &#8211; <span style=\"color: #004eff;\">Ten to eleven<\/span><br \/>\n10 heures 55 ou 11 heures moins cinq &#8211; <span style=\"color: #004eff;\">Five to eleven<\/span><br \/>\n11 heures pile &#8211; <span style=\"color: #004eff;\">Eleven o&#8217;clock<\/span><\/p>\n<p>Pour toutes les heures, il faut utiliser la m\u00eame m\u00e9thode.<br \/>\n<span style=\"color: #004eff;\">For all hours, the same method should be used.<\/span><\/p>\n<p>Le jour commence \u00e0 00:00, et se termine par 23:59. La notation 24:00<br \/>\nest utilis\u00e9e pour indiquer la fin d\u2019un jour.<\/p>\n<p><span style=\"color: #004eff;\">The day starts at 00:00 and ends at 23:59. The notation 24:00 is used to indicate the end of a day.<\/span><\/p>\n<p>En th\u00e9orie, le matin commence \u00e0 minuit, et c\u2019est la raison pour laquelle on doit se saluer avec un &#8220;bonjour&#8221; \u00e0 partir de cette heure-ci.<\/p>\n<p><span style=\"color: #004eff;\">Theoretically, the morning starts at midnight and therefore you shouldsay &#8220;good morning&#8221; from that time onwards.<\/span><\/p>\n<p>Il faut noter que nous utilisons aussi \u201cle petit matin\u201d pour exprimer la dur\u00e9e de temps entre 1 heure et 5 heures.<\/p>\n<p><span style=\"color: #004eff;\">Note that we also use &#8220;petit matin&#8221; i.e. \u2018early morning\u2019 to express the time between 1am and 5am.<\/span><\/p>\n<p>L&#8217;apr\u00e8s-midi commence \u00e0 midi, c&#8217;est-\u00e0-dire \u00e0 12 heures.<br \/>\n<span style=\"color: #004eff;\">The afternoon starts at 12 o&#8217;clock.<\/span><\/p>\n<p>Le soir commence \u00e0 partir de 18 heures jusqu\u2019\u00e0 21 ou 22 heures.<br \/>\n<span style=\"color: #004eff;\">Evening starts from 18:00 hours until 21:00 or 22:00 hours.<\/span><\/p>\n<p>La nuit commence \u00e0 21 heures et va jusqu&#8217;\u00e0 minuit ou plus.<\/p>\n<p><span style=\"color: #004eff;\">The night starts at 9 p.m. and lasts until midnight or later.<\/span><\/p>\n<p>En fran\u00e7ais, \u2018la nuit\u2019 est plut\u00f4t vu comme une dur\u00e9e.<br \/>\n<span style=\"color: #004eff;\">In French, \u2018night is considered to be more of a duration.<\/span><\/p>\n<p>Donc, il est courant de dire 11 heures du soir au lieu de la nuit.<br \/>\n<span style=\"color: #004eff;\">It is therefore common to say 11 o&#8217;clock in the evening instead of 11 o&#8217;clock at night.<\/span><\/p>\n<p>3 heures du matin ou 3 heures du petit matin &#8211; <span style=\"color: #004eff;\">3 o&#8217;clock in the morning<\/span><br \/>\n3 heures de l\u2019apr\u00e8s-midi soit 15 heures &#8211; <span style=\"color: #004eff;\">3 o&#8217;clock in the afternoon<\/span><br \/>\n8 heures du soir ou 20 heures &#8211; <span style=\"color: #004eff;\">8 o&#8217;clock in the evening<\/span><\/p>\n<p>Autres indicateurs de temps<br \/>\n<span style=\"color: #004eff;\">Other time indicators<\/span><\/p>\n<p>Monsieur: Vers quelle heure es-tu disponible?<br \/>\n<span style=\"color: #004eff;\">Gentleman : What time are you available?<\/span><\/p>\n<p>Madame: On peut se voir entre 20 heures et 22 heures.<br \/>\n<span style=\"color: #004eff;\">Lady: We can meet between 8 and 10 o&#8217;clock in the evening.<\/span><\/p>\n<p>Monsieur: G\u00e9nial ! Moi je suis libre \u00e0 partir de 19 heures mais jusqu\u2019\u00e0 21 heures. Je partirai donc \u00e0 21 heures.<br \/>\n<span style=\"color: #004eff;\">Gentleman : Great! I am free from 7 pm but until 9 pm. I will leave at 9 pm.<\/span><\/p>\n<p>Action dans le temps<br \/>\n<span style=\"color: #004eff;\">Actions within a certain time<\/span><\/p>\n<p>Monsieur: Combien de temps \u00e7a va te prendre pour finir cet exercice ?<br \/>\n<span style=\"color: #004eff;\">Gentleman : How long will it take you to finish this exercise?<\/span><\/p>\n<p>Madame: Environ 25 minutes. Peut-\u00eatre 1 heure environ.<br \/>\n<span style=\"color: #004eff;\">Lady: About 25 minutes. Maybe an hour or so.<\/span><\/p>\n<p>Monsieur: A quelle heure as-tu mis le g\u00e2teau dans le four ?<br \/>\n<span style=\"color: #004eff;\">Gentleman : What time did you put the cake in the oven?<\/span><\/p>\n<p>Madame: \u201cIl y a un quart d\u2019heure (il y a 15 minutes)\u201d<br \/>\n<span style=\"color: #004eff;\">Lady: About 15 minutes ago.<\/span><\/p>\n<p>Monsieur: \u201cOn se retrouve dans une demi-heure (dans 30 minutes)<br \/>\ndevant le magasin.<br \/>\n<span style=\"color: #004eff;\">Gentleman : I&#8217;ll meet you in half an hour in front of the shop.<br \/>\n<\/span><\/p>\n<p>Madame: Je suis en retard d\u2019au moins 10 minutes.<br \/>\n<span style=\"color: #004eff;\">Lady: I&#8217;m at least 10 minutes late.<\/span><\/p>\n<p>Monsieur : Le cabinet m\u00e9dical est ouvert de 10 heures \u00e0 17 heures.<br \/>\n<span style=\"color: #004eff;\">Gentleman : The doctor&#8217;s office is open from 10 am to 5 pm.<\/span><\/p>\n<p>Monsieur : Les \u00e9missions de t\u00e9l\u00e9vision fran\u00e7aises sont diffus\u00e9es en<br \/>\ndirect entre 5 heures et minuit.<br \/>\n<span style=\"color: #004eff;\">Gentleman : French television programmes are broadcast live between 5 am and midnight.<\/span><\/p>\n<p>Monsieur : Le service de bus nocturne circule de 11 heures du soir<br \/>\njusqu\u2019\u00e0 5 heures du petit matin.<br \/>\n<span style=\"color: #004eff;\">Gentleman : The night bus service runs from 11 pm to 5 am.<\/span><\/p>\n<p><strong>.MOTS IMPORTANTS &#8211; IMPORTANT WORDS.<\/strong><br \/>\nL&#8217;heure &#8211; <span style=\"color: #004eff;\">Hour \/ Time<\/span><br \/>\nPerdre du temps &#8211; <span style=\"color: #004eff;\">Losing time<\/span><br \/>\nPonctualit\u00e9 &#8211; <span style=\"color: #004eff;\">Punctuality<\/span><br \/>\nArriver \u00e0 l&#8217;heure &#8211; <span style=\"color: #004eff;\">Arrived on time<\/span><br \/>\nJour &#8211; <span style=\"color: #004eff;\">Day<\/span><br \/>\nMinuit &#8211; <span style=\"color: #004eff;\">Midnight<\/span><br \/>\nMatin &#8211; <span style=\"color: #004eff;\">Morning<\/span><br \/>\nSe saluer &#8211; <span style=\"color: #004eff;\">To greet each other<\/span><br \/>\nLe petit matin &#8211;<span style=\"color: #004eff;\"> Early morning<\/span><br \/>\nL&#8217;apr\u00e8s-midi &#8211; <span style=\"color: #004eff;\">Afternoon<\/span><br \/>\nLe soir &#8211; <span style=\"color: #004eff;\">Evening<\/span><br \/>\nLa nuit &#8211;<span style=\"color: #004eff;\"> Night<\/span><br \/>\nJe suis libre &#8211;<span style=\"color: #004eff;\"> I am free<\/span><br \/>\nDiffusion &#8211;<span style=\"color: #004eff;\"> Broadcasting (e.g. news, a tv show, etc.)<\/span>[\/et_pb_accordion_item][\/et_pb_accordion][\/et_pb_column][et_pb_column type=&#8221;1_2&#8243; _builder_version=&#8221;4.15&#8243; global_colors_info=&#8221;{}&#8221;][\/et_pb_column][\/et_pb_row][et_pb_row _builder_version=&#8221;4.15&#8243; global_colors_info=&#8221;{}&#8221;][et_pb_column type=&#8221;4_4&#8243; _builder_version=&#8221;4.15&#8243; global_colors_info=&#8221;{}&#8221;][et_pb_button button_url=&#8221;https:\/\/drive.google.com\/file\/d\/1e-55ptInKkdADU7TNbup8vVAfq0gxfuc\/view&#8221; url_new_window=&#8221;on&#8221; button_text=&#8221;Download PDF file&#8221; button_alignment=&#8221;center&#8221; _builder_version=&#8221;4.15.1&#8243; custom_button=&#8221;on&#8221; button_text_color=&#8221;#000000&#8243; button_icon=&#8221;&#xe048;||divi||400&#8243; button_on_hover=&#8221;off&#8221; custom_padding=&#8221;|35px||12px|false|false&#8221; global_colors_info=&#8221;{}&#8221;][\/et_pb_button][\/et_pb_column][\/et_pb_row][\/et_pb_section][et_pb_section fb_built=&#8221;1&#8243; fullwidth=&#8221;on&#8221; _builder_version=&#8221;4.15&#8243; da_disable_devices=&#8221;off|off|off&#8221; global_colors_info=&#8221;{}&#8221; da_is_popup=&#8221;off&#8221; da_exit_intent=&#8221;off&#8221; da_has_close=&#8221;on&#8221; da_alt_close=&#8221;off&#8221; da_dark_close=&#8221;off&#8221; da_not_modal=&#8221;on&#8221; da_is_singular=&#8221;off&#8221; da_with_loader=&#8221;off&#8221; da_has_shadow=&#8221;on&#8221;][\/et_pb_section]<\/p>\n","protected":false},"excerpt":{"rendered":"<p>L\u2019HEURE HOUR \/ TIME Madame demande l\u2019heure \u00e0 Monsieur. suivre. The Lady asks the gentleman for the time. Madame: Bonjour monsieur, quelle heure est-il ? Hello sir, what time is it? Monsieur n\u2019est pas s\u00fbr de savoir comment dire l\u2019heure. The gentleman is not sure how to tell the time. Monsieur \/ Gentleman : Bonjour [&hellip;]<\/p>\n","protected":false},"author":1,"featured_media":0,"parent":0,"menu_order":0,"comment_status":"closed","ping_status":"closed","template":"","meta":{"_et_pb_use_builder":"on","_et_pb_old_content":"","_et_gb_content_width":"","footnotes":""},"_links":{"self":[{"href":"https:\/\/multidimensionparis.com\/bn\/wp-json\/wp\/v2\/pages\/4729"}],"collection":[{"href":"https:\/\/multidimensionparis.com\/bn\/wp-json\/wp\/v2\/pages"}],"about":[{"href":"https:\/\/multidimensionparis.com\/bn\/wp-json\/wp\/v2\/types\/page"}],"author":[{"embeddable":true,"href":"https:\/\/multidimensionparis.com\/bn\/wp-json\/wp\/v2\/users\/1"}],"replies":[{"embeddable":true,"href":"https:\/\/multidimensionparis.com\/bn\/wp-json\/wp\/v2\/comments?post=4729"}],"version-history":[{"count":4,"href":"https:\/\/multidimensionparis.com\/bn\/wp-json\/wp\/v2\/pages\/4729\/revisions"}],"predecessor-version":[{"id":5018,"href":"https:\/\/multidimensionparis.com\/bn\/wp-json\/wp\/v2\/pages\/4729\/revisions\/5018"}],"wp:attachment":[{"href":"https:\/\/multidimensionparis.com\/bn\/wp-json\/wp\/v2\/media?parent=4729"}],"curies":[{"name":"wp","href":"https:\/\/api.w.org\/{rel}","templated":true}]}}