{"id":4773,"date":"2022-04-29T04:29:57","date_gmt":"2022-04-29T04:29:57","guid":{"rendered":"https:\/\/multidimensionparis.com\/?page_id=4773"},"modified":"2022-06-09T10:17:23","modified_gmt":"2022-06-09T10:17:23","slug":"the-definite-articles","status":"publish","type":"page","link":"https:\/\/multidimensionparis.com\/bn\/the-definite-articles\/","title":{"rendered":"The definite articles"},"content":{"rendered":"<p>[et_pb_section fb_built=&#8221;1&#8243; fullwidth=&#8221;on&#8221; admin_label=&#8221;Header&#8221; _builder_version=&#8221;4.15&#8243; background_color=&#8221;#5a0c1c&#8221; background_image=&#8221;https:\/\/multidimensionparis.com\/wp-content\/uploads\/2020\/04\/day_care_bg_02.png&#8221; parallax=&#8221;on&#8221; parallax_method=&#8221;off&#8221; custom_margin=&#8221;||&#8221; custom_padding=&#8221;||0px||false|false&#8221; bottom_divider_height=&#8221;2vw&#8221; bottom_divider_height_last_edited=&#8221;off|desktop&#8221; da_disable_devices=&#8221;off|off|off&#8221; global_colors_info=&#8221;{}&#8221; da_is_popup=&#8221;off&#8221; da_exit_intent=&#8221;off&#8221; da_has_close=&#8221;on&#8221; da_alt_close=&#8221;off&#8221; da_dark_close=&#8221;off&#8221; da_not_modal=&#8221;on&#8221; da_is_singular=&#8221;off&#8221; da_with_loader=&#8221;off&#8221; da_has_shadow=&#8221;on&#8221;][et_pb_fullwidth_header title=&#8221;LEARN FRENCH AT EASE&#8221; subhead=&#8221;Through animation videos&#8221; text_orientation=&#8221;center&#8221; button_one_text=&#8221;Join our language programme &#8221; button_one_url=&#8221;@ET-DC@eyJkeW5hbWljIjp0cnVlLCJjb250ZW50IjoicG9zdF9saW5rX3VybF9wYWdlIiwic2V0dGluZ3MiOnsicG9zdF9pZCI6IjQyNyJ9fQ==@&#8221; button_two_text=&#8221;thematic videos&#8221; button_two_url=&#8221;@ET-DC@eyJkeW5hbWljIjp0cnVlLCJjb250ZW50IjoicG9zdF9saW5rX3VybF9wYWdlIiwic2V0dGluZ3MiOnsicG9zdF9pZCI6IjM3NjMifX0=@&#8221; content_max_width=&#8221;650px&#8221; _builder_version=&#8221;4.15.1&#8243; _dynamic_attributes=&#8221;button_one_url,button_two_url&#8221; title_font=&#8221;|700|||||||&#8221; title_font_size=&#8221;44px&#8221; content_font=&#8221;Muli||||||||&#8221; content_font_size=&#8221;18px&#8221; content_line_height=&#8221;1.8em&#8221; subhead_font=&#8221;||||||||&#8221; subhead_font_size=&#8221;28px&#8221; subhead_line_height=&#8221;1.4em&#8221; background_color=&#8221;rgba(126,190,197,0)&#8221; custom_button_one=&#8221;on&#8221; button_one_text_size=&#8221;16px&#8221; button_one_text_color=&#8221;#000000&#8243; button_one_bg_color=&#8221;#1fd7e0&#8243; button_one_border_width=&#8221;9px&#8221; button_one_border_color=&#8221;rgba(0,0,0,0)&#8221; button_one_border_radius=&#8221;50px&#8221; button_one_letter_spacing=&#8221;4px&#8221; button_one_font=&#8221;|800||on|||||&#8221; button_one_use_icon=&#8221;off&#8221; custom_button_two=&#8221;on&#8221; button_two_text_size=&#8221;16px&#8221; button_two_text_color=&#8221;#000000&#8243; button_two_bg_color=&#8221;#d6d6d6&#8243; button_two_border_width=&#8221;5px&#8221; button_two_border_color=&#8221;#ffffff&#8221; button_two_border_radius=&#8221;48px&#8221; button_two_letter_spacing=&#8221;4px&#8221; button_two_font=&#8221;|900||on|||||&#8221; button_two_use_icon=&#8221;off&#8221; min_height=&#8221;468px&#8221; custom_margin=&#8221;||-79px||false|false&#8221; custom_margin_tablet=&#8221;&#8221; custom_margin_phone=&#8221;&#8221; custom_margin_last_edited=&#8221;on|phone&#8221; custom_padding=&#8221;6vw||6vw||true|false&#8221; custom_padding_tablet=&#8221;||10vw||false|false&#8221; custom_padding_phone=&#8221;1vw||16vw||false|false&#8221; custom_padding_last_edited=&#8221;on|phone&#8221; animation_style=&#8221;zoom&#8221; animation_intensity_zoom=&#8221;5%&#8221; title_font_size_tablet=&#8221;60px&#8221; title_font_size_phone=&#8221;30px&#8221; title_font_size_last_edited=&#8221;on|phone&#8221; content_font_size_tablet=&#8221;&#8221; content_font_size_phone=&#8221;16px&#8221; content_font_size_last_edited=&#8221;on|phone&#8221; custom_css_header_container=&#8221;width: 100%;&#8221; title_text_shadow_style=&#8221;preset4&#8243; title_text_shadow_color=&#8221;rgba(0,0,0,0.12)&#8221; button_one_text_shadow_style=&#8221;preset4&#8243; button_one_text_shadow_vertical_length=&#8221;0.09em&#8221; box_shadow_style=&#8221;preset6&#8243; box_shadow_style_button_one=&#8221;preset6&#8243; box_shadow_horizontal_button_one=&#8221;-5px&#8221; box_shadow_blur_button_one=&#8221;24px&#8221; box_shadow_spread_button_one=&#8221;6px&#8221; box_shadow_color_button_one=&#8221;#ffffff&#8221; button_one_letter_spacing_hover=&#8221;4px&#8221; button_two_letter_spacing_hover=&#8221;4px&#8221; global_colors_info=&#8221;{}&#8221; button_one_text_size__hover_enabled=&#8221;off&#8221; button_two_text_size__hover_enabled=&#8221;off&#8221; button_one_text_color__hover_enabled=&#8221;off&#8221; button_two_text_color__hover_enabled=&#8221;off&#8221; button_one_border_width__hover_enabled=&#8221;off&#8221; button_two_border_width__hover_enabled=&#8221;off&#8221; button_one_border_color__hover_enabled=&#8221;off&#8221; button_two_border_color__hover_enabled=&#8221;off&#8221; button_one_border_radius__hover_enabled=&#8221;off&#8221; button_two_border_radius__hover_enabled=&#8221;off&#8221; button_one_letter_spacing__hover_enabled=&#8221;on&#8221; button_one_letter_spacing__hover=&#8221;4px&#8221; button_two_letter_spacing__hover_enabled=&#8221;on&#8221; button_two_letter_spacing__hover=&#8221;4px&#8221; button_one_bg_color__hover_enabled=&#8221;off&#8221; button_two_bg_color__hover_enabled=&#8221;off&#8221; background_color__hover=&#8221;#7EBEC5&#8243; background_color__hover_enabled=&#8221;#7EBEC5&#8243; use_background_color_gradient__hover=&#8221;off&#8221; use_background_color_gradient__hover_enabled=&#8221;off&#8221; background_color_gradient_start__hover=&#8221;#2b87da&#8221; background_color_gradient_start__hover_enabled=&#8221;#2b87da&#8221; background_color_gradient_end__hover=&#8221;#29c4a9&#8243; background_color_gradient_end__hover_enabled=&#8221;#29c4a9&#8243; background_color_gradient_type__hover=&#8221;linear&#8221; background_color_gradient_type__hover_enabled=&#8221;linear&#8221; background_color_gradient_direction__hover=&#8221;180deg&#8221; background_color_gradient_direction__hover_enabled=&#8221;180deg&#8221; background_color_gradient_direction_radial__hover=&#8221;center&#8221; background_color_gradient_direction_radial__hover_enabled=&#8221;center&#8221; background_color_gradient_start_position__hover=&#8221;0%&#8221; background_color_gradient_start_position__hover_enabled=&#8221;0%&#8221; background_color_gradient_end_position__hover=&#8221;100%&#8221; background_color_gradient_end_position__hover_enabled=&#8221;100%&#8221; background_color_gradient_overlays_image__hover=&#8221;off&#8221; background_color_gradient_overlays_image__hover_enabled=&#8221;off&#8221; parallax__hover=&#8221;off&#8221; parallax__hover_enabled=&#8221;off&#8221; parallax_method__hover=&#8221;off&#8221; parallax_method__hover_enabled=&#8221;off&#8221; background_size__hover=&#8221;cover&#8221; background_size__hover_enabled=&#8221;cover&#8221; background_position__hover=&#8221;center&#8221; background_position__hover_enabled=&#8221;center&#8221; background_repeat__hover=&#8221;no-repeat&#8221; background_repeat__hover_enabled=&#8221;no-repeat&#8221; background_blend__hover=&#8221;normal&#8221; background_blend__hover_enabled=&#8221;normal&#8221; allow_player_pause__hover=&#8221;off&#8221; allow_player_pause__hover_enabled=&#8221;off&#8221; background_video_pause_outside_viewport__hover=&#8221;on&#8221; background_video_pause_outside_viewport__hover_enabled=&#8221;on&#8221;][\/et_pb_fullwidth_header][\/et_pb_section][et_pb_section fb_built=&#8221;1&#8243; _builder_version=&#8221;4.15&#8243; background_enable_color=&#8221;off&#8221; custom_padding=&#8221;0px||0px||false|false&#8221; bottom_divider_color=&#8221;#ffffff&#8221; bottom_divider_height=&#8221;104px&#8221; da_disable_devices=&#8221;off|off|off&#8221; global_colors_info=&#8221;{}&#8221; da_is_popup=&#8221;off&#8221; da_exit_intent=&#8221;off&#8221; da_has_close=&#8221;on&#8221; da_alt_close=&#8221;off&#8221; da_dark_close=&#8221;off&#8221; da_not_modal=&#8221;on&#8221; da_is_singular=&#8221;off&#8221; da_with_loader=&#8221;off&#8221; da_has_shadow=&#8221;on&#8221;][et_pb_row _builder_version=&#8221;4.15&#8243; custom_margin=&#8221;27px|auto||auto||&#8221; custom_padding=&#8221;0px|||||&#8221; global_colors_info=&#8221;{}&#8221;][et_pb_column type=&#8221;4_4&#8243; _builder_version=&#8221;4.15&#8243; global_colors_info=&#8221;{}&#8221;][et_pb_video src=&#8221;https:\/\/www.youtube.com\/watch?v=TxDGHIHGHt8&#8243; _builder_version=&#8221;4.15.1&#8243; global_colors_info=&#8221;{}&#8221;][\/et_pb_video][\/et_pb_column][\/et_pb_row][et_pb_row _builder_version=&#8221;4.15.1&#8243; _module_preset=&#8221;default&#8221; custom_padding=&#8221;0px||8px|||&#8221; global_colors_info=&#8221;{}&#8221; theme_builder_area=&#8221;post_content&#8221;][et_pb_column type=&#8221;4_4&#8243; _builder_version=&#8221;4.15.1&#8243; _module_preset=&#8221;default&#8221; global_colors_info=&#8221;{}&#8221; theme_builder_area=&#8221;post_content&#8221;][et_pb_button button_url=&#8221;https:\/\/multidimensionparis.com\/essential-videos\/&#8221; button_text=&#8221;Back &#8221; button_alignment=&#8221;center&#8221; _builder_version=&#8221;4.15.1&#8243; custom_button=&#8221;on&#8221; button_text_color=&#8221;#000000&#8243; button_icon=&#8221;&#x38;||divi||400&#8243; button_on_hover=&#8221;off&#8221; custom_margin=&#8221;||-11px||false|false&#8221; custom_padding=&#8221;0px|35px|0px|12px|true|false&#8221; global_colors_info=&#8221;{}&#8221; theme_builder_area=&#8221;post_content&#8221;][\/et_pb_button][\/et_pb_column][\/et_pb_row][et_pb_row column_structure=&#8221;1_2,1_2&#8243; _builder_version=&#8221;4.15&#8243; global_colors_info=&#8221;{}&#8221;][et_pb_column type=&#8221;1_2&#8243; _builder_version=&#8221;4.15&#8243; global_colors_info=&#8221;{}&#8221;][et_pb_accordion _builder_version=&#8221;4.15.1&#8243; toggle_text_align=&#8221;center&#8221; toggle_font_size=&#8221;20px&#8221; global_colors_info=&#8221;{}&#8221;][et_pb_accordion_item title=&#8221;TEXT IN FRENCH TO ENGLISH&#8221; open=&#8221;on&#8221; _builder_version=&#8221;4.15.1&#8243; body_font_size=&#8221;17px&#8221; background_enable_color=&#8221;off&#8221; text_orientation=&#8221;justified&#8221; border_width_all=&#8221;4px&#8221; border_color_all=&#8221;#ffffff&#8221; box_shadow_style=&#8221;preset6&#8243; global_colors_info=&#8221;{}&#8221; toggle_level=&#8221;h3&#8243; toggle_font=&#8221;|600|||||||&#8221; toggle_text_align=&#8221;center&#8221; toggle_font_size=&#8221;22px&#8221;]Les articles d\u00e9finis II version avanc\u00e9e<br \/>\n<span style=\"color: #004eff;\">The definite articles II advanced version.<\/span><\/p>\n<p>Monsieur:<br \/>\nLes articles d\u00e9finis, version avanc\u00e9e.<br \/>\nBonjour! Dans cet \u00e9pisode de \u00ab Learn French at ease \u00bb nous allons r\u00e9viser les articles d\u00e9finis. Vous vous rappelez? Je vous conseille de regarder avant de commencer la vid\u00e9o \u201cLes articles\u201d. Sinon on y va !<\/p>\n<p>The gentleman:<br \/>\nThe definite articles, advanced version.<br \/>\n<span style=\"color: #004eff;\">Hello! In this episode of &#8220;Learn French at ease&#8221; we are going to review the definite articles. Do you remember? I advise you to watch the video &#8220;Les articles&#8221; before starting. Otherwise, let&#8217;s advance!<\/span><\/p>\n<p>Les articles peuvent \u00eatre au singulier ou au pluriel.<br \/>\nMontrez-moi la personne que vous connaissez. Singulier<br \/>\nMontrez-moi les personnes que vous connaissez. Pluriel<\/p>\n<p><span style=\"color: #004eff;\">Articles can be singular or plural.<br \/>\nShow me the person you know. Singular<br \/>\nShow me the people you know. Plural<\/span><\/p>\n<p>On a \u00e9tudi\u00e9 les articles d\u00e9finis:<br \/>\nLE &#8211; masculin singulier<br \/>\nLA &#8211; f\u00e9minin singulier<br \/>\nL\u2019 &#8211; devant un nom masculin ou f\u00e9minin commen\u00e7ant par une voyelle<br \/>\nLES &#8211; pluriel masculin ou f\u00e9minin<\/p>\n<p><span style=\"color: #004eff;\">We have studied the definite articles:<br \/>\nLE &#8211; masculine singular<br \/>\nLA &#8211; feminine singular<br \/>\nL&#8217; &#8211; before a male or female noun beginning with a vowel<br \/>\nLES &#8211; plural masculine or feminine<\/span><\/p>\n<p>Par exemple:<br \/>\nLe papa, c\u2019est un homme, masculin, on a utilis\u00e9 l\u2019article masculin d\u00e9fini,<br \/>\nLE.<br \/>\nLa maman, c\u2019est une femme, f\u00e9minin, on a utilis\u00e9 l\u2019article f\u00e9minin d\u00e9fini,<br \/>\nLA.<br \/>\n<span style=\"color: #004eff;\">For example:<br \/>\nDaddy is a man, male, the masculine definite article, LE is used. Mum is a woman, female, the feminine definite article, LA is used.<\/span><\/p>\n<p>L\u2019arbre, comme \u201carbre\u201d commence par la voyelle \u201ca\u201d il faut utiliser L\u2019.<br \/>\n<span style=\"color: #004eff;\">L\u2019arbre (The tree), as &#8220;arbre&#8221; begins with the vowel &#8220;a&#8221;, use L&#8217;.<\/span><\/p>\n<p>Attention : Quand un nom commence par un H et est suivi d\u2019une<br \/>\nvoyelle, on utilisera quand m\u00eame L\u2019.<br \/>\nEx : L\u2019horloge, commence par un H et comme la lettre suivante est la<br \/>\nvoyelle \u201cO\u201d, on utilise L\u2019.<\/p>\n<p><span style=\"color: #004eff;\">Caution: When a noun begins with H and is followed by a vowel, we will<br \/>\nuse L&#8217;.<br \/>\nEx : L\u2019horloge (The clock) starts with H and as the next letter is the vowel &#8220;O&#8221;, we use L&#8217;.<\/span><\/p>\n<p>Les amis = beaucoup d\u2019amis, masculin pluriel. En fran\u00e7ais, LES, s\u2019utilisepour le f\u00e9minin pluriel et le masculin pluriel. Les amis et les amies.<\/p>\n<p><span style=\"color: #004eff;\">Les amis = many friends, masculine plural. In French, LES is used for<br \/>\nthe feminine plural and the masculine plural. Les amis and les amies.<\/span><\/p>\n<p>Important pour l\u2019accord de LES :<br \/>\nSi LES fait r\u00e9f\u00e9rence \u00e0 des personnes, des objets ou des animaux<br \/>\nmasculins et f\u00e9minins dans la m\u00eame phrase, on doit accorder au<br \/>\nmasculin.<\/p>\n<p><span style=\"color: #004eff;\">Important for the agreement of LES :<br \/>\nIf LES refers to male and female persons, objects or animals in the same sentence, it should be awarded to masculine gender.<\/span><\/p>\n<p>Ex : J\u2019ai un fr\u00e8re (masculin) et une s\u0153ur (f\u00e9minin). Ils sont parfaits.<br \/>\nParfaits est accord\u00e9 au masculin pluriel car le masculin l\u2019emporte.<br \/>\nS\u2019il n\u2019y avait que des s\u0153urs dans la phrase on dirait : Elles sont<br \/>\nparfaites.<\/p>\n<p><span style=\"color: #004eff;\">Ex: I have a brother (male) and a sister (female). They are perfect<br \/>\n(parfaits).<br \/>\nPerfect (Parfait) is given in the masculine plural because the masculine<br \/>\ntakes precedence.<br \/>\nIf there were only sisters in the sentence we would say: They are perfect<br \/>\n(parfaites).<\/span><br \/>\n<\/br><\/p>\n<p><style>#sp-ea-4780 .spcollapsing { height: 0; overflow: hidden; transition-property: height;transition-duration: 300ms;}#sp-ea-4780.sp-easy-accordion>.sp-ea-single {margin-bottom: 10px; border: 1px solid #e2e2e2; }#sp-ea-4780.sp-easy-accordion>.sp-ea-single>.ea-header a {color: #444;}#sp-ea-4780.sp-easy-accordion>.sp-ea-single>.sp-collapse>.ea-body {background: #fff; color: #444;}#sp-ea-4780.sp-easy-accordion>.sp-ea-single {background: #eee;}#sp-ea-4780.sp-easy-accordion>.sp-ea-single>.ea-header a .ea-expand-icon { float: left; color: #444;font-size: 16px;}<\/style><div id=\"sp_easy_accordion-1777314741\"><div id=\"sp-ea-4780\" class=\"sp-ea-one sp-easy-accordion\" data-ex-icon=\"minus\" data-col-icon=\"plus\"  data-ea-active=\"ea-click\"  data-ea-mode=\"vertical\" data-preloader=\"\" data-scroll-active-item=\"\" data-offset-to-scroll=\"0\"><div class=\"ea-card  sp-ea-single\"><h3 class=\"ea-header\"><a class=\"collapsed\" id=\"ea-header-47800\" data-sptoggle=\"spcollapse\" data-sptarget=\"#collapse47800\" aria-controls=\"collapse47800\" href=\"javascript:void(0)\"  aria-expanded=\"false\" tabindex=\"0\"><i class=\"ea-expand-icon ea-icon-expand-plus\"><\/i> IMPORTANT WORDS.<\/a><\/h3><div class=\"sp-collapse spcollapse spcollapse\" id=\"collapse47800\" data-parent=\"#sp-ea-4780\" role=\"region\" aria-labelledby=\"ea-header-47800\"><div class=\"ea-body\"><p>Articles d\u00e9finis - Definite articles<br \/>\nAvanc\u00e9e - Advanced<br \/>\nR\u00e9viser - Revise \/ Review<br \/>\nJe vous conseille - I advise you<br \/>\nSingulier - Singular<br \/>\nPluriel - Plural<br \/>\nSinon - Otherwise<br \/>\nLa personne - The person<br \/>\nConna\u00eetre (Connaissez) - Know<br \/>\nMontrer (Montrez) - Show \/ Demonstrate<br \/>\nMasculin - Masculine<br \/>\nF\u00e9minin - F\u00e9minine<br \/>\nVoyelle - Vowel<br \/>\nArbre - Tree<br \/>\nHorloge - Clock<br \/>\nFr\u00e8re - Brother<br \/>\nS\u0153ur - Sister<br \/>\nAccorder - Award \/ Authorize<br \/>\nPhrase - Sentence<\/p>\n<\/div><\/div><\/div><\/div><\/div>[\/et_pb_accordion_item][\/et_pb_accordion][\/et_pb_column][et_pb_column type=&#8221;1_2&#8243; _builder_version=&#8221;4.15&#8243; global_colors_info=&#8221;{}&#8221;][\/et_pb_column][\/et_pb_row][et_pb_row _builder_version=&#8221;4.15&#8243; global_colors_info=&#8221;{}&#8221;][et_pb_column type=&#8221;4_4&#8243; _builder_version=&#8221;4.15&#8243; global_colors_info=&#8221;{}&#8221;][et_pb_button button_url=&#8221;https:\/\/drive.google.com\/file\/d\/1DsjDSBWlkvk9gc4Gn6Flpvi4wX_wVz-u\/view&#8221; url_new_window=&#8221;on&#8221; button_text=&#8221;Download PDF file&#8221; button_alignment=&#8221;center&#8221; _builder_version=&#8221;4.15.1&#8243; custom_button=&#8221;on&#8221; button_text_color=&#8221;#000000&#8243; button_icon=&#8221;&#xe048;||divi||400&#8243; button_on_hover=&#8221;off&#8221; custom_padding=&#8221;|35px||12px|false|false&#8221; global_colors_info=&#8221;{}&#8221;][\/et_pb_button][\/et_pb_column][\/et_pb_row][\/et_pb_section][et_pb_section fb_built=&#8221;1&#8243; fullwidth=&#8221;on&#8221; _builder_version=&#8221;4.15&#8243; da_disable_devices=&#8221;off|off|off&#8221; global_colors_info=&#8221;{}&#8221; da_is_popup=&#8221;off&#8221; da_exit_intent=&#8221;off&#8221; da_has_close=&#8221;on&#8221; da_alt_close=&#8221;off&#8221; da_dark_close=&#8221;off&#8221; da_not_modal=&#8221;on&#8221; da_is_singular=&#8221;off&#8221; da_with_loader=&#8221;off&#8221; da_has_shadow=&#8221;on&#8221;][\/et_pb_section]<\/p>\n","protected":false},"excerpt":{"rendered":"<p>Les articles d\u00e9finis II version avanc\u00e9e The definite articles II advanced version. Monsieur: Les articles d\u00e9finis, version avanc\u00e9e. Bonjour! Dans cet \u00e9pisode de \u00ab Learn French at ease \u00bb nous allons r\u00e9viser les articles d\u00e9finis. Vous vous rappelez? Je vous conseille de regarder avant de commencer la vid\u00e9o \u201cLes articles\u201d. Sinon on y va ! [&hellip;]<\/p>\n","protected":false},"author":1,"featured_media":0,"parent":0,"menu_order":0,"comment_status":"closed","ping_status":"closed","template":"","meta":{"_et_pb_use_builder":"on","_et_pb_old_content":"","_et_gb_content_width":"","footnotes":""},"_links":{"self":[{"href":"https:\/\/multidimensionparis.com\/bn\/wp-json\/wp\/v2\/pages\/4773"}],"collection":[{"href":"https:\/\/multidimensionparis.com\/bn\/wp-json\/wp\/v2\/pages"}],"about":[{"href":"https:\/\/multidimensionparis.com\/bn\/wp-json\/wp\/v2\/types\/page"}],"author":[{"embeddable":true,"href":"https:\/\/multidimensionparis.com\/bn\/wp-json\/wp\/v2\/users\/1"}],"replies":[{"embeddable":true,"href":"https:\/\/multidimensionparis.com\/bn\/wp-json\/wp\/v2\/comments?post=4773"}],"version-history":[{"count":6,"href":"https:\/\/multidimensionparis.com\/bn\/wp-json\/wp\/v2\/pages\/4773\/revisions"}],"predecessor-version":[{"id":5014,"href":"https:\/\/multidimensionparis.com\/bn\/wp-json\/wp\/v2\/pages\/4773\/revisions\/5014"}],"wp:attachment":[{"href":"https:\/\/multidimensionparis.com\/bn\/wp-json\/wp\/v2\/media?parent=4773"}],"curies":[{"name":"wp","href":"https:\/\/api.w.org\/{rel}","templated":true}]}}