{"id":4794,"date":"2022-04-29T04:54:07","date_gmt":"2022-04-29T04:54:07","guid":{"rendered":"https:\/\/multidimensionparis.com\/?page_id=4794"},"modified":"2022-06-09T10:23:46","modified_gmt":"2022-06-09T10:23:46","slug":"future-tense","status":"publish","type":"page","link":"https:\/\/multidimensionparis.com\/bn\/future-tense\/","title":{"rendered":"Future Tense"},"content":{"rendered":"<p>[et_pb_section fb_built=&#8221;1&#8243; fullwidth=&#8221;on&#8221; admin_label=&#8221;Header&#8221; _builder_version=&#8221;4.15&#8243; background_color=&#8221;#5a0c1c&#8221; background_image=&#8221;https:\/\/multidimensionparis.com\/wp-content\/uploads\/2020\/04\/day_care_bg_02.png&#8221; parallax=&#8221;on&#8221; parallax_method=&#8221;off&#8221; custom_margin=&#8221;||&#8221; custom_padding=&#8221;||0px||false|false&#8221; bottom_divider_height=&#8221;2vw&#8221; bottom_divider_height_last_edited=&#8221;off|desktop&#8221; da_disable_devices=&#8221;off|off|off&#8221; global_colors_info=&#8221;{}&#8221; da_is_popup=&#8221;off&#8221; da_exit_intent=&#8221;off&#8221; da_has_close=&#8221;on&#8221; da_alt_close=&#8221;off&#8221; da_dark_close=&#8221;off&#8221; da_not_modal=&#8221;on&#8221; da_is_singular=&#8221;off&#8221; da_with_loader=&#8221;off&#8221; da_has_shadow=&#8221;on&#8221;][et_pb_fullwidth_header title=&#8221;LEARN FRENCH AT EASE&#8221; subhead=&#8221;Through animation videos&#8221; text_orientation=&#8221;center&#8221; button_one_text=&#8221;Join our language programme &#8221; button_one_url=&#8221;@ET-DC@eyJkeW5hbWljIjp0cnVlLCJjb250ZW50IjoicG9zdF9saW5rX3VybF9wYWdlIiwic2V0dGluZ3MiOnsicG9zdF9pZCI6IjQyNyJ9fQ==@&#8221; button_two_text=&#8221;thematic videos&#8221; button_two_url=&#8221;@ET-DC@eyJkeW5hbWljIjp0cnVlLCJjb250ZW50IjoicG9zdF9saW5rX3VybF9wYWdlIiwic2V0dGluZ3MiOnsicG9zdF9pZCI6IjM3NjMifX0=@&#8221; content_max_width=&#8221;650px&#8221; _builder_version=&#8221;4.15.1&#8243; _dynamic_attributes=&#8221;button_one_url,button_two_url&#8221; title_font=&#8221;|700|||||||&#8221; title_font_size=&#8221;44px&#8221; content_font=&#8221;Muli||||||||&#8221; content_font_size=&#8221;18px&#8221; content_line_height=&#8221;1.8em&#8221; subhead_font=&#8221;||||||||&#8221; subhead_font_size=&#8221;28px&#8221; subhead_line_height=&#8221;1.4em&#8221; background_color=&#8221;rgba(126,190,197,0)&#8221; custom_button_one=&#8221;on&#8221; button_one_text_size=&#8221;16px&#8221; button_one_text_color=&#8221;#000000&#8243; button_one_bg_color=&#8221;#1fd7e0&#8243; button_one_border_width=&#8221;9px&#8221; button_one_border_color=&#8221;rgba(0,0,0,0)&#8221; button_one_border_radius=&#8221;50px&#8221; button_one_letter_spacing=&#8221;4px&#8221; button_one_font=&#8221;|800||on|||||&#8221; button_one_use_icon=&#8221;off&#8221; custom_button_two=&#8221;on&#8221; button_two_text_size=&#8221;16px&#8221; button_two_text_color=&#8221;#000000&#8243; button_two_bg_color=&#8221;#d6d6d6&#8243; button_two_border_width=&#8221;5px&#8221; button_two_border_color=&#8221;#ffffff&#8221; button_two_border_radius=&#8221;48px&#8221; button_two_letter_spacing=&#8221;4px&#8221; button_two_font=&#8221;|900||on|||||&#8221; button_two_use_icon=&#8221;off&#8221; min_height=&#8221;468px&#8221; custom_margin=&#8221;||-79px||false|false&#8221; custom_margin_tablet=&#8221;&#8221; custom_margin_phone=&#8221;&#8221; custom_margin_last_edited=&#8221;on|phone&#8221; custom_padding=&#8221;6vw||6vw||true|false&#8221; custom_padding_tablet=&#8221;||10vw||false|false&#8221; custom_padding_phone=&#8221;1vw||16vw||false|false&#8221; custom_padding_last_edited=&#8221;on|phone&#8221; animation_style=&#8221;zoom&#8221; animation_intensity_zoom=&#8221;5%&#8221; title_font_size_tablet=&#8221;60px&#8221; title_font_size_phone=&#8221;30px&#8221; title_font_size_last_edited=&#8221;on|phone&#8221; content_font_size_tablet=&#8221;&#8221; content_font_size_phone=&#8221;16px&#8221; content_font_size_last_edited=&#8221;on|phone&#8221; custom_css_header_container=&#8221;width: 100%;&#8221; title_text_shadow_style=&#8221;preset4&#8243; title_text_shadow_color=&#8221;rgba(0,0,0,0.12)&#8221; button_one_text_shadow_style=&#8221;preset4&#8243; button_one_text_shadow_vertical_length=&#8221;0.09em&#8221; box_shadow_style=&#8221;preset6&#8243; box_shadow_style_button_one=&#8221;preset6&#8243; box_shadow_horizontal_button_one=&#8221;-5px&#8221; box_shadow_blur_button_one=&#8221;24px&#8221; box_shadow_spread_button_one=&#8221;6px&#8221; box_shadow_color_button_one=&#8221;#ffffff&#8221; button_one_letter_spacing_hover=&#8221;4px&#8221; button_two_letter_spacing_hover=&#8221;4px&#8221; global_colors_info=&#8221;{}&#8221; button_one_text_size__hover_enabled=&#8221;off&#8221; button_two_text_size__hover_enabled=&#8221;off&#8221; button_one_text_color__hover_enabled=&#8221;off&#8221; button_two_text_color__hover_enabled=&#8221;off&#8221; button_one_border_width__hover_enabled=&#8221;off&#8221; button_two_border_width__hover_enabled=&#8221;off&#8221; button_one_border_color__hover_enabled=&#8221;off&#8221; button_two_border_color__hover_enabled=&#8221;off&#8221; button_one_border_radius__hover_enabled=&#8221;off&#8221; button_two_border_radius__hover_enabled=&#8221;off&#8221; button_one_letter_spacing__hover_enabled=&#8221;on&#8221; button_one_letter_spacing__hover=&#8221;4px&#8221; button_two_letter_spacing__hover_enabled=&#8221;on&#8221; button_two_letter_spacing__hover=&#8221;4px&#8221; button_one_bg_color__hover_enabled=&#8221;off&#8221; button_two_bg_color__hover_enabled=&#8221;off&#8221; background_color__hover=&#8221;#7EBEC5&#8243; background_color__hover_enabled=&#8221;#7EBEC5&#8243; use_background_color_gradient__hover=&#8221;off&#8221; use_background_color_gradient__hover_enabled=&#8221;off&#8221; background_color_gradient_start__hover=&#8221;#2b87da&#8221; background_color_gradient_start__hover_enabled=&#8221;#2b87da&#8221; background_color_gradient_end__hover=&#8221;#29c4a9&#8243; background_color_gradient_end__hover_enabled=&#8221;#29c4a9&#8243; background_color_gradient_type__hover=&#8221;linear&#8221; background_color_gradient_type__hover_enabled=&#8221;linear&#8221; background_color_gradient_direction__hover=&#8221;180deg&#8221; background_color_gradient_direction__hover_enabled=&#8221;180deg&#8221; background_color_gradient_direction_radial__hover=&#8221;center&#8221; background_color_gradient_direction_radial__hover_enabled=&#8221;center&#8221; background_color_gradient_start_position__hover=&#8221;0%&#8221; background_color_gradient_start_position__hover_enabled=&#8221;0%&#8221; background_color_gradient_end_position__hover=&#8221;100%&#8221; background_color_gradient_end_position__hover_enabled=&#8221;100%&#8221; background_color_gradient_overlays_image__hover=&#8221;off&#8221; background_color_gradient_overlays_image__hover_enabled=&#8221;off&#8221; parallax__hover=&#8221;off&#8221; parallax__hover_enabled=&#8221;off&#8221; parallax_method__hover=&#8221;off&#8221; parallax_method__hover_enabled=&#8221;off&#8221; background_size__hover=&#8221;cover&#8221; background_size__hover_enabled=&#8221;cover&#8221; background_position__hover=&#8221;center&#8221; background_position__hover_enabled=&#8221;center&#8221; background_repeat__hover=&#8221;no-repeat&#8221; background_repeat__hover_enabled=&#8221;no-repeat&#8221; background_blend__hover=&#8221;normal&#8221; background_blend__hover_enabled=&#8221;normal&#8221; allow_player_pause__hover=&#8221;off&#8221; allow_player_pause__hover_enabled=&#8221;off&#8221; background_video_pause_outside_viewport__hover=&#8221;on&#8221; background_video_pause_outside_viewport__hover_enabled=&#8221;on&#8221;][\/et_pb_fullwidth_header][\/et_pb_section][et_pb_section fb_built=&#8221;1&#8243; _builder_version=&#8221;4.15&#8243; background_enable_color=&#8221;off&#8221; custom_padding=&#8221;0px||0px||false|false&#8221; bottom_divider_color=&#8221;#ffffff&#8221; bottom_divider_height=&#8221;104px&#8221; da_disable_devices=&#8221;off|off|off&#8221; global_colors_info=&#8221;{}&#8221; da_is_popup=&#8221;off&#8221; da_exit_intent=&#8221;off&#8221; da_has_close=&#8221;on&#8221; da_alt_close=&#8221;off&#8221; da_dark_close=&#8221;off&#8221; da_not_modal=&#8221;on&#8221; da_is_singular=&#8221;off&#8221; da_with_loader=&#8221;off&#8221; da_has_shadow=&#8221;on&#8221;][et_pb_row _builder_version=&#8221;4.15&#8243; custom_margin=&#8221;27px|auto||auto||&#8221; custom_padding=&#8221;0px|||||&#8221; global_colors_info=&#8221;{}&#8221;][et_pb_column type=&#8221;4_4&#8243; _builder_version=&#8221;4.15&#8243; global_colors_info=&#8221;{}&#8221;][et_pb_video src=&#8221;https:\/\/www.youtube.com\/watch?v=1bArZFgXDZU&#8221; _builder_version=&#8221;4.15.1&#8243; global_colors_info=&#8221;{}&#8221;][\/et_pb_video][\/et_pb_column][\/et_pb_row][et_pb_row _builder_version=&#8221;4.15.1&#8243; _module_preset=&#8221;default&#8221; custom_padding=&#8221;0px||8px|||&#8221; global_colors_info=&#8221;{}&#8221; theme_builder_area=&#8221;post_content&#8221;][et_pb_column type=&#8221;4_4&#8243; _builder_version=&#8221;4.15.1&#8243; _module_preset=&#8221;default&#8221; global_colors_info=&#8221;{}&#8221; theme_builder_area=&#8221;post_content&#8221;][et_pb_button button_url=&#8221;https:\/\/multidimensionparis.com\/essential-videos\/&#8221; button_text=&#8221;Back &#8221; button_alignment=&#8221;center&#8221; _builder_version=&#8221;4.15.1&#8243; custom_button=&#8221;on&#8221; button_text_color=&#8221;#000000&#8243; button_icon=&#8221;&#x38;||divi||400&#8243; button_on_hover=&#8221;off&#8221; custom_margin=&#8221;||-11px||false|false&#8221; custom_padding=&#8221;0px|35px|0px|12px|true|false&#8221; global_colors_info=&#8221;{}&#8221; theme_builder_area=&#8221;post_content&#8221;][\/et_pb_button][\/et_pb_column][\/et_pb_row][et_pb_row column_structure=&#8221;1_2,1_2&#8243; _builder_version=&#8221;4.15&#8243; global_colors_info=&#8221;{}&#8221;][et_pb_column type=&#8221;1_2&#8243; _builder_version=&#8221;4.15&#8243; global_colors_info=&#8221;{}&#8221;][et_pb_accordion _builder_version=&#8221;4.15.1&#8243; toggle_text_align=&#8221;center&#8221; toggle_font_size=&#8221;20px&#8221; global_colors_info=&#8221;{}&#8221;][et_pb_accordion_item title=&#8221;TEXT IN FRENCH TO ENGLISH&#8221; open=&#8221;on&#8221; _builder_version=&#8221;4.15.1&#8243; body_font_size=&#8221;17px&#8221; background_enable_color=&#8221;off&#8221; text_orientation=&#8221;justified&#8221; border_width_all=&#8221;4px&#8221; border_color_all=&#8221;#ffffff&#8221; box_shadow_style=&#8221;preset6&#8243; global_colors_info=&#8221;{}&#8221; toggle_level=&#8221;h3&#8243; toggle_font=&#8221;|600|||||||&#8221; toggle_text_align=&#8221;center&#8221; toggle_font_size=&#8221;22px&#8221;]<strong>FUTUR SIMPLE<br \/>\n<span style=\"color: #004eff;\">FUTURE TENSE<\/span><\/strong><\/p>\n<p>PROFESSEUR:<br \/>\nBonjour, dans cet \u00e9pisode de Learn French at ease nous allons parler du temps futur. On commence!<\/p>\n<p><span style=\"color: #004eff;\">TEACHER:<br \/>\nHello, in this episode of Learn French at ease we are going to talk about the future tense. Let&#8217;s start!<\/span><\/p>\n<p><b>TITRE : QUAND EMPLOYER LE FUTUR<br \/>\n<span style=\"color: #004eff;\">TITLE : WHEN TO USE THE FUTURE TENSE<\/span><\/b><\/p>\n<p>PROFESSEUR:<br \/>\nEn fran\u00e7ais, on utilise le futur pour exprimer des actions ou des\u00e9v\u00e9nements dans l\u2019avenir, Par exemple: D\u2019abord je mangerai au restaurant et apr\u00e8s j\u2019irai au cin\u00e9ma.<\/p>\n<p><span style=\"color: #004eff;\">TEACHER:<br \/>\nIn French, we use the future tense to express actions or events in the future, For example: First I&#8217;ll eat at the restaurant and then I&#8217;ll go to the cinema.<\/span><\/p>\n<p>pour parler d\u2019une supposition dans le futur.<br \/>\nPar exemple: C\u2019est s\u00fbr qu\u2019il ne fera pas de devoirs.<\/p>\n<p><span style=\"color: #004eff;\">to talk about a supposition in the future.<br \/>\nFor example: It is certain that he will not do any homework.<\/span><\/p>\n<p>En plus, on peut employer le futur simple pour former une phrase<br \/>\nconditionelle. Par exemple: Si tu viens \u00e0 la maison je te ferai \u00e0 manger.<\/p>\n<p><span style=\"color: #004eff;\">In addition, the future simple tense can be used to form a conditional<br \/>\nsentence. For example: If you come home I&#8217;ll cook for you.<\/span><\/p>\n<p><b>TITRE : CONJUGAISON AU FUTUR SIMPLE<br \/>\n<span style=\"color: #004eff;\">TITLE : CONJUGATION IN FUTURE SIMPLE<\/span><\/b><\/p>\n<p>PROFESSEUR:<br \/>\nAu futur simple, toutes les terminaisons sont les m\u00eames dans tous les groupes.<\/p>\n<p><span style=\"color: #004eff;\">In the future simple tense, all endings are the same in all groups.<\/span><\/p>\n<p>On ajoute \u00e0 l\u2019infinitif les terminaisons ai, as, a, ons, ez, ont pour les<br \/>\nverbes r\u00e9gulier du premier et du deuxi\u00e8me groupe, sauf pour quelques exceptions:<br \/>\nPar exemple : Dormir<\/p>\n<p><center>Je dormirai (-ai)<br \/>\nTu dormiras (-as)<br \/>\nIl \/ Elle \/ On dormira (-a)<br \/>\nNous dormirons (-ons)<br \/>\nVous dormirez (-ez)<br \/>\nIls \/ Elles dormiront (-ont)<br \/>\n<\/center><\/p>\n<p><span style=\"color: #004eff;\">We add endings ai, as, a, ons, ez, ont to the infinitive for regular verbs of the first and second groups, with some exceptions:<br \/>\nFor example : to sleep<\/p>\n<p><center><span style=\"color: #004eff;\">I will sleep<br \/>\nYou will sleep<br \/>\nHe \/ She will sleep<br \/>\nWe will sleep<br \/>\nYou will sleep<br \/>\nThey will sleep<\/span><\/center><\/span><\/p>\n<p>Pour les verbes irr\u00e9guliers qui se terminent par \u2013e \u00e0 l\u2019infinitif, onsupprime le \u2013e et on ajoute la terminaison du futur simple : Ex. : Prendre : je prendr-ai ; Ecrire : j\u2019\u00e9crir-ai ; Mettre : je mettr-ai<\/p>\n<p><span style=\"color: #004eff;\">For irregular verbs ending in -e in the infinitive, the -e is removed and the future simple ending is added:<br \/>\nE.g. To take: je prendr-ai; To write: j&#8217;\u00e9crir-ai; To put: je mettr-ai <\/span><\/p>\n<p>Voici quelques verbes irr\u00e9guliers tr\u00e8s utilis\u00e9s :<br \/>\n\u00catre : Je serai &#8211; Tu seras &#8211; Il\/Elle sera &#8211; Nous serons &#8211; Vous serez &#8211;<br \/>\nIls\/Elles seront<br \/>\nAvoir : J\u2019aurai &#8211; Tu auras &#8211; Il\/Elle aura &#8211; Nous aurons &#8211; Vous aurez -Ils\/Elles auront<\/p>\n<p><span style=\"color: #004eff;\">Here are some irregular verbs that are used a lot:<br \/>\nTo be: I will be &#8211; You will be &#8211; He\/She will be &#8211; We will be &#8211; You will be<br \/>\n&#8211; They will be<br \/>\nTo have : I will have &#8211; You will have &#8211; He\/She will have &#8211; We will have<br \/>\n&#8211; You will have &#8211; They will have <\/span><\/p>\n<p>Pouvoir, Faire, Dire, Aller, Recevoir, Venir, Savoir, Tenir, Devoir<br \/>\n<span style=\"color: #004eff;\">To be able, To do, To say, To go, To receive, To come, To know, To hold, To have<\/span><\/p>\n<p>Formation du futur proche :<br \/>\nForme du verbe aller au pr\u00e9sent + un verbe \u00e0 l\u2019infinitif :<br \/>\nAller au pr\u00e9sent : Je vais &#8211; Tu vas &#8211; Il\/Elle va &#8211; Nous allons &#8211; Vous allez &#8211;<br \/>\nIls\/Elles vont<\/p>\n<p><span style=\"color: #004eff;\"> Formation of the near future:<br \/>\nForm of the verb to go in the present tense + a verb in the infinitive : To go in the present tense : I am going &#8211; You are going &#8211; He\/She is going &#8211; We are going &#8211; You are going &#8211; They are going.<\/span><\/p>\n<p>Exemples :<br \/>\nCe midi, je vais louer un v\u00e9lo.<br \/>\nNous allons prendre un bus.<br \/>\nIls vont manger au restaurant.<\/p>\n<p><span style=\"color: #004eff;\">Examples:<br \/>\nThis lunchtime, I&#8217;m going to rent a bike.<br \/>\nWe are going to take a bus.<br \/>\nThey are going to eat at a restaurant<\/span>[\/et_pb_accordion_item][\/et_pb_accordion][\/et_pb_column][et_pb_column type=&#8221;1_2&#8243; _builder_version=&#8221;4.15&#8243; global_colors_info=&#8221;{}&#8221;][\/et_pb_column][\/et_pb_row][et_pb_row _builder_version=&#8221;4.15&#8243; global_colors_info=&#8221;{}&#8221;][et_pb_column type=&#8221;4_4&#8243; _builder_version=&#8221;4.15&#8243; global_colors_info=&#8221;{}&#8221;][et_pb_button button_url=&#8221;https:\/\/drive.google.com\/file\/d\/1JBohGdMOYpIkS44DIze7lPWmC5cueevU\/view&#8221; url_new_window=&#8221;on&#8221; button_text=&#8221;Download PDF file&#8221; button_alignment=&#8221;center&#8221; _builder_version=&#8221;4.15.1&#8243; custom_button=&#8221;on&#8221; button_text_color=&#8221;#000000&#8243; button_icon=&#8221;&#xe048;||divi||400&#8243; button_on_hover=&#8221;off&#8221; custom_padding=&#8221;|35px||12px|false|false&#8221; global_colors_info=&#8221;{}&#8221;][\/et_pb_button][\/et_pb_column][\/et_pb_row][\/et_pb_section][et_pb_section fb_built=&#8221;1&#8243; fullwidth=&#8221;on&#8221; _builder_version=&#8221;4.15&#8243; da_disable_devices=&#8221;off|off|off&#8221; global_colors_info=&#8221;{}&#8221; da_is_popup=&#8221;off&#8221; da_exit_intent=&#8221;off&#8221; da_has_close=&#8221;on&#8221; da_alt_close=&#8221;off&#8221; da_dark_close=&#8221;off&#8221; da_not_modal=&#8221;on&#8221; da_is_singular=&#8221;off&#8221; da_with_loader=&#8221;off&#8221; da_has_shadow=&#8221;on&#8221;][\/et_pb_section]<\/p>\n","protected":false},"excerpt":{"rendered":"<p>FUTUR SIMPLE FUTURE TENSE PROFESSEUR: Bonjour, dans cet \u00e9pisode de Learn French at ease nous allons parler du temps futur. On commence! TEACHER: Hello, in this episode of Learn French at ease we are going to talk about the future tense. Let&#8217;s start! TITRE : QUAND EMPLOYER LE FUTUR TITLE : WHEN TO USE THE [&hellip;]<\/p>\n","protected":false},"author":1,"featured_media":0,"parent":0,"menu_order":0,"comment_status":"closed","ping_status":"closed","template":"","meta":{"_et_pb_use_builder":"on","_et_pb_old_content":"","_et_gb_content_width":"","footnotes":""},"_links":{"self":[{"href":"https:\/\/multidimensionparis.com\/bn\/wp-json\/wp\/v2\/pages\/4794"}],"collection":[{"href":"https:\/\/multidimensionparis.com\/bn\/wp-json\/wp\/v2\/pages"}],"about":[{"href":"https:\/\/multidimensionparis.com\/bn\/wp-json\/wp\/v2\/types\/page"}],"author":[{"embeddable":true,"href":"https:\/\/multidimensionparis.com\/bn\/wp-json\/wp\/v2\/users\/1"}],"replies":[{"embeddable":true,"href":"https:\/\/multidimensionparis.com\/bn\/wp-json\/wp\/v2\/comments?post=4794"}],"version-history":[{"count":3,"href":"https:\/\/multidimensionparis.com\/bn\/wp-json\/wp\/v2\/pages\/4794\/revisions"}],"predecessor-version":[{"id":5030,"href":"https:\/\/multidimensionparis.com\/bn\/wp-json\/wp\/v2\/pages\/4794\/revisions\/5030"}],"wp:attachment":[{"href":"https:\/\/multidimensionparis.com\/bn\/wp-json\/wp\/v2\/media?parent=4794"}],"curies":[{"name":"wp","href":"https:\/\/api.w.org\/{rel}","templated":true}]}}