{"id":4883,"date":"2022-05-03T19:23:47","date_gmt":"2022-05-03T19:23:47","guid":{"rendered":"https:\/\/multidimensionparis.com\/?page_id=4883"},"modified":"2022-06-09T10:24:54","modified_gmt":"2022-06-09T10:24:54","slug":"polite-expression-2","status":"publish","type":"page","link":"https:\/\/multidimensionparis.com\/bn\/polite-expression-2\/","title":{"rendered":"Polite Expression &#8211; 2"},"content":{"rendered":"<p>[et_pb_section fb_built=&#8221;1&#8243; fullwidth=&#8221;on&#8221; admin_label=&#8221;Header&#8221; _builder_version=&#8221;4.15&#8243; background_color=&#8221;#5a0c1c&#8221; background_image=&#8221;https:\/\/multidimensionparis.com\/wp-content\/uploads\/2020\/04\/day_care_bg_02.png&#8221; parallax=&#8221;on&#8221; parallax_method=&#8221;off&#8221; custom_margin=&#8221;||&#8221; custom_padding=&#8221;||0px||false|false&#8221; bottom_divider_height=&#8221;2vw&#8221; bottom_divider_height_last_edited=&#8221;off|desktop&#8221; da_disable_devices=&#8221;off|off|off&#8221; global_colors_info=&#8221;{}&#8221; da_is_popup=&#8221;off&#8221; da_exit_intent=&#8221;off&#8221; da_has_close=&#8221;on&#8221; da_alt_close=&#8221;off&#8221; da_dark_close=&#8221;off&#8221; da_not_modal=&#8221;on&#8221; da_is_singular=&#8221;off&#8221; da_with_loader=&#8221;off&#8221; da_has_shadow=&#8221;on&#8221;][et_pb_fullwidth_header title=&#8221;LEARN FRENCH AT EASE&#8221; subhead=&#8221;Through animation videos&#8221; text_orientation=&#8221;center&#8221; button_one_text=&#8221;Join our language programme &#8221; button_one_url=&#8221;@ET-DC@eyJkeW5hbWljIjp0cnVlLCJjb250ZW50IjoicG9zdF9saW5rX3VybF9wYWdlIiwic2V0dGluZ3MiOnsicG9zdF9pZCI6IjQyNyJ9fQ==@&#8221; button_two_text=&#8221;thematic videos&#8221; button_two_url=&#8221;@ET-DC@eyJkeW5hbWljIjp0cnVlLCJjb250ZW50IjoicG9zdF9saW5rX3VybF9wYWdlIiwic2V0dGluZ3MiOnsicG9zdF9pZCI6IjM3NjMifX0=@&#8221; content_max_width=&#8221;650px&#8221; _builder_version=&#8221;4.15&#8243; _dynamic_attributes=&#8221;button_one_url,button_two_url&#8221; title_font=&#8221;|700|||||||&#8221; title_font_size=&#8221;44px&#8221; content_font=&#8221;Muli||||||||&#8221; content_font_size=&#8221;18px&#8221; content_line_height=&#8221;1.8em&#8221; subhead_font=&#8221;||||||||&#8221; subhead_font_size=&#8221;28px&#8221; subhead_line_height=&#8221;1.4em&#8221; background_color=&#8221;rgba(126,190,197,0)&#8221; custom_button_one=&#8221;on&#8221; button_one_text_size=&#8221;16px&#8221; button_one_text_color=&#8221;#000000&#8243; button_one_bg_color=&#8221;#1fd7e0&#8243; button_one_border_width=&#8221;9px&#8221; button_one_border_color=&#8221;rgba(0,0,0,0)&#8221; button_one_border_radius=&#8221;50px&#8221; button_one_letter_spacing=&#8221;4px&#8221; button_one_font=&#8221;|800||on|||||&#8221; button_one_use_icon=&#8221;off&#8221; custom_button_two=&#8221;on&#8221; button_two_text_size=&#8221;16px&#8221; button_two_text_color=&#8221;#000000&#8243; button_two_bg_color=&#8221;#d6d6d6&#8243; button_two_border_width=&#8221;5px&#8221; button_two_border_color=&#8221;#ffffff&#8221; button_two_border_radius=&#8221;48px&#8221; button_two_letter_spacing=&#8221;4px&#8221; button_two_font=&#8221;|900||on|||||&#8221; button_two_use_icon=&#8221;off&#8221; min_height=&#8221;468px&#8221; custom_margin=&#8221;||-28px||false|false&#8221; custom_margin_tablet=&#8221;&#8221; custom_margin_phone=&#8221;&#8221; custom_margin_last_edited=&#8221;on|phone&#8221; custom_padding=&#8221;6vw||6vw||true|false&#8221; custom_padding_tablet=&#8221;||10vw||false|false&#8221; custom_padding_phone=&#8221;1vw||16vw||false|false&#8221; custom_padding_last_edited=&#8221;on|phone&#8221; animation_style=&#8221;zoom&#8221; animation_intensity_zoom=&#8221;5%&#8221; title_font_size_tablet=&#8221;60px&#8221; title_font_size_phone=&#8221;30px&#8221; title_font_size_last_edited=&#8221;on|phone&#8221; content_font_size_tablet=&#8221;&#8221; content_font_size_phone=&#8221;16px&#8221; content_font_size_last_edited=&#8221;on|phone&#8221; custom_css_header_container=&#8221;width: 100%;&#8221; title_text_shadow_style=&#8221;preset4&#8243; title_text_shadow_color=&#8221;rgba(0,0,0,0.12)&#8221; button_one_text_shadow_style=&#8221;preset4&#8243; button_one_text_shadow_vertical_length=&#8221;0.09em&#8221; box_shadow_style=&#8221;preset6&#8243; box_shadow_style_button_one=&#8221;preset6&#8243; box_shadow_horizontal_button_one=&#8221;-5px&#8221; box_shadow_blur_button_one=&#8221;24px&#8221; box_shadow_spread_button_one=&#8221;6px&#8221; box_shadow_color_button_one=&#8221;#ffffff&#8221; button_one_letter_spacing_hover=&#8221;4px&#8221; button_two_letter_spacing_hover=&#8221;4px&#8221; global_colors_info=&#8221;{}&#8221; button_one_text_size__hover_enabled=&#8221;off&#8221; button_two_text_size__hover_enabled=&#8221;off&#8221; button_one_text_color__hover_enabled=&#8221;off&#8221; button_two_text_color__hover_enabled=&#8221;off&#8221; button_one_border_width__hover_enabled=&#8221;off&#8221; button_two_border_width__hover_enabled=&#8221;off&#8221; button_one_border_color__hover_enabled=&#8221;off&#8221; button_two_border_color__hover_enabled=&#8221;off&#8221; button_one_border_radius__hover_enabled=&#8221;off&#8221; button_two_border_radius__hover_enabled=&#8221;off&#8221; button_one_letter_spacing__hover_enabled=&#8221;on&#8221; button_one_letter_spacing__hover=&#8221;4px&#8221; button_two_letter_spacing__hover_enabled=&#8221;on&#8221; button_two_letter_spacing__hover=&#8221;4px&#8221; button_one_bg_color__hover_enabled=&#8221;off&#8221; button_two_bg_color__hover_enabled=&#8221;off&#8221; background_color__hover=&#8221;#7EBEC5&#8243; background_color__hover_enabled=&#8221;#7EBEC5&#8243; use_background_color_gradient__hover=&#8221;off&#8221; use_background_color_gradient__hover_enabled=&#8221;off&#8221; background_color_gradient_start__hover=&#8221;#2b87da&#8221; background_color_gradient_start__hover_enabled=&#8221;#2b87da&#8221; background_color_gradient_end__hover=&#8221;#29c4a9&#8243; background_color_gradient_end__hover_enabled=&#8221;#29c4a9&#8243; background_color_gradient_type__hover=&#8221;linear&#8221; background_color_gradient_type__hover_enabled=&#8221;linear&#8221; background_color_gradient_direction__hover=&#8221;180deg&#8221; background_color_gradient_direction__hover_enabled=&#8221;180deg&#8221; background_color_gradient_direction_radial__hover=&#8221;center&#8221; background_color_gradient_direction_radial__hover_enabled=&#8221;center&#8221; background_color_gradient_start_position__hover=&#8221;0%&#8221; background_color_gradient_start_position__hover_enabled=&#8221;0%&#8221; background_color_gradient_end_position__hover=&#8221;100%&#8221; background_color_gradient_end_position__hover_enabled=&#8221;100%&#8221; background_color_gradient_overlays_image__hover=&#8221;off&#8221; background_color_gradient_overlays_image__hover_enabled=&#8221;off&#8221; parallax__hover=&#8221;off&#8221; parallax__hover_enabled=&#8221;off&#8221; parallax_method__hover=&#8221;off&#8221; parallax_method__hover_enabled=&#8221;off&#8221; background_size__hover=&#8221;cover&#8221; background_size__hover_enabled=&#8221;cover&#8221; background_position__hover=&#8221;center&#8221; background_position__hover_enabled=&#8221;center&#8221; background_repeat__hover=&#8221;no-repeat&#8221; background_repeat__hover_enabled=&#8221;no-repeat&#8221; background_blend__hover=&#8221;normal&#8221; background_blend__hover_enabled=&#8221;normal&#8221; allow_player_pause__hover=&#8221;off&#8221; allow_player_pause__hover_enabled=&#8221;off&#8221; background_video_pause_outside_viewport__hover=&#8221;on&#8221; background_video_pause_outside_viewport__hover_enabled=&#8221;on&#8221;][\/et_pb_fullwidth_header][\/et_pb_section][et_pb_section fb_built=&#8221;1&#8243; _builder_version=&#8221;4.15&#8243; background_enable_color=&#8221;off&#8221; custom_padding=&#8221;0px||0px||false|false&#8221; bottom_divider_color=&#8221;#ffffff&#8221; bottom_divider_height=&#8221;104px&#8221; da_disable_devices=&#8221;off|off|off&#8221; global_colors_info=&#8221;{}&#8221; da_is_popup=&#8221;off&#8221; da_exit_intent=&#8221;off&#8221; da_has_close=&#8221;on&#8221; da_alt_close=&#8221;off&#8221; da_dark_close=&#8221;off&#8221; da_not_modal=&#8221;on&#8221; da_is_singular=&#8221;off&#8221; da_with_loader=&#8221;off&#8221; da_has_shadow=&#8221;on&#8221;][et_pb_row _builder_version=&#8221;4.15&#8243; custom_margin=&#8221;27px|auto||auto||&#8221; custom_padding=&#8221;0px|||||&#8221; global_colors_info=&#8221;{}&#8221;][et_pb_column type=&#8221;4_4&#8243; _builder_version=&#8221;4.15&#8243; global_colors_info=&#8221;{}&#8221;][et_pb_video src=&#8221;https:\/\/www.youtube.com\/watch?v=YVDFuQbqwgY&#8221; _builder_version=&#8221;4.15.1&#8243; global_colors_info=&#8221;{}&#8221;][\/et_pb_video][\/et_pb_column][\/et_pb_row][et_pb_row _builder_version=&#8221;4.15.1&#8243; _module_preset=&#8221;default&#8221; custom_padding=&#8221;0px||8px|||&#8221; global_colors_info=&#8221;{}&#8221; theme_builder_area=&#8221;post_content&#8221;][et_pb_column type=&#8221;4_4&#8243; _builder_version=&#8221;4.15.1&#8243; _module_preset=&#8221;default&#8221; global_colors_info=&#8221;{}&#8221; theme_builder_area=&#8221;post_content&#8221;][et_pb_button button_url=&#8221;https:\/\/multidimensionparis.com\/essential-videos\/&#8221; button_text=&#8221;Back &#8221; button_alignment=&#8221;center&#8221; _builder_version=&#8221;4.15.1&#8243; custom_button=&#8221;on&#8221; button_text_color=&#8221;#000000&#8243; button_icon=&#8221;&#x38;||divi||400&#8243; button_on_hover=&#8221;off&#8221; custom_margin=&#8221;||-11px||false|false&#8221; custom_padding=&#8221;0px|35px|0px|12px|true|false&#8221; global_colors_info=&#8221;{}&#8221; theme_builder_area=&#8221;post_content&#8221;][\/et_pb_button][\/et_pb_column][\/et_pb_row][et_pb_row column_structure=&#8221;1_2,1_2&#8243; _builder_version=&#8221;4.15&#8243; global_colors_info=&#8221;{}&#8221;][et_pb_column type=&#8221;1_2&#8243; _builder_version=&#8221;4.15&#8243; global_colors_info=&#8221;{}&#8221;][et_pb_accordion _builder_version=&#8221;4.15.1&#8243; toggle_text_align=&#8221;center&#8221; toggle_font_size=&#8221;20px&#8221; global_colors_info=&#8221;{}&#8221;][et_pb_accordion_item title=&#8221;TEXT IN FRENCH TO ENGLISH&#8221; open=&#8221;on&#8221; _builder_version=&#8221;4.15.1&#8243; body_font_size=&#8221;16px&#8221; background_enable_color=&#8221;off&#8221; text_orientation=&#8221;justified&#8221; border_width_all=&#8221;4px&#8221; border_color_all=&#8221;#ffffff&#8221; box_shadow_style=&#8221;preset6&#8243; global_colors_info=&#8221;{}&#8221; toggle_level=&#8221;h3&#8243; toggle_font=&#8221;|600|||||||&#8221; toggle_text_align=&#8221;center&#8221; toggle_font_size=&#8221;22px&#8221;]<\/p>\n<p>EXPRESSIONS DE POLITESSE (2)<br \/>FAIRE UNE DEMANDE<\/p>\n<p><spanp style=\"color: #004eff;\">EXPRESSIONS OF COURTESY (2)<br \/>MAKE A REQUEST<\/spanp><\/p>\n<p>PROFESSEUR:<br \/>Bonjour, dans cet \u00e9pisode de \u2018Learn French at ease\u2019 nous allons parler des expressions de politesse pour demander un renseignement. On<br \/>commence!<\/p>\n<p><spanp style=\"color: #004eff;\">PROFESSOR:<br \/>Hello, in this episode of &#8216;Learn French at ease&#8217; we&#8217;re going to talk abou expressions of courtesy when making a request. Let&#8217;s start!<\/spanp><\/p>\n<p>TITRE : EXPRESSIONS POUR FAIRE UNE DEMANDE<br \/><spanp style=\"color: #004eff;\">TITLE : EXPRESSIONS TO MAKE A REQUEST<\/spanp><\/p>\n<p>PROFESSEUR \/<spanp style=\"color: #004eff;\"> PROFESSOR :<\/spanp><\/p>\n<p>Les expressions de politesse sont utilis\u00e9es pour montrer du respect<br \/>envers la personne \u00e0 laquelle on s\u2019adresse.<\/p>\n<p><spanp style=\"color: #004eff;\">Expressions of courtesy are used to show respect to the person you are addressing.<\/spanp><\/p>\n<p>Quand on souhaite demander quelque chose \u00e0 une personne, on introduit la conversation avec \u201cExcusez-moi\u201d ou \u201cExcuse-moi\u201d si on conna\u00eet la personne.<\/p>\n<p><spanp style=\"color: #004eff;\">When you want to ask someone something, you introduce conversation with &#8220;Excusez-moi&#8221; or &#8220;Excuse-moi&#8221; if you know the person.<\/spanp><\/p>\n<p>On peut aussi dire &#8220;s&#8217;il vous pla\u00eet&#8221; ou \u201cs&#8217;il te pla\u00eet\u201d pour terminer la phrase.<\/p>\n<p><spanp style=\"color: #004eff;\">You can also say &#8220;s\u2019il vous pla\u00eet&#8221; or &#8220;s\u2019il te pla\u00eet&#8221; to finish the sentence.<\/spanp><\/p>\n<p>Si on re\u00e7oit une r\u00e9ponse affirmative, il faut remercier la personne pour sa gentillesse en disant \u201cmerci\u201d ou \u201cmerci beaucoup\u201d. On peut ajouter \u00ab Bonne journ\u00e9e \u00bb ou \u00ab Bonne soir\u00e9e \u00bb en fonction de l&#8217;heure de la journ\u00e9e.<\/p>\n<p><spanp style=\"color: #004eff;\">If you receive a positive response, you should thank the person for his\/her kindness by saying &#8220;merci&#8221; or &#8220;merci beaucoup&#8221;. You can add &#8220;Bonne journ\u00e9e&#8221; or &#8220;Bonne soir\u00e9e&#8221; depending on the time of day.<\/spanp><\/p>\n<p>EXEMPLE &#8211; 1<\/p>\n<p>Monsieur D marche dans la rue et croise Madame A.<br \/><spanp style=\"color: #004eff;\">M. is walking down the street and crosses MME.<\/spanp><\/p>\n<p>M.<br \/>Excusez-moi, madame, avez-vous l\u2019heure?<br \/><spanp style=\"color: #004eff;\">Excuse me, madam, do you have the time?<\/spanp><\/p>\n<p>MME<br \/>Il est dix heures et quart.<br \/><spanp style=\"color: #004eff;\">It&#8217;s a quarter past ten.<\/spanp><\/p>\n<p>M<br \/>Merci, bonne journ\u00e9e.<br \/><spanp style=\"color: #004eff;\">Thank you, have a nice day.<\/spanp><\/p>\n<p>MME<br \/>Vous de m\u00eame.<br \/><spanp style=\"color: #004eff;\">TYou too.<\/spanp><\/p>\n<p>EXEMPLE &#8211; 2<\/p>\n<p>M. marche dans la rue et croise MME.<br \/><spanp style=\"color: #004eff;\">M is walking down the street and crosses MME.<\/spanp><\/p>\n<p>M.<br \/>Bonjour Madame. Pourriez-vous m&#8217;indiquer la direction de la gare, s\u2019il vous pla\u00eet ?<\/p>\n<p><span style=\"color: #004eff;\">Good morning, Madam. Can you please tell me the direction of the station ?<\/span><\/p>\n<p>MME<br \/>Bonjour, allez tout droit, puis prenez la deuxi\u00e8me route \u00e0 droite.<\/p>\n<p><span style=\"color: #004eff;\">Good morning, go straight on, then take the second road on the right.<\/span><\/p>\n<p>M<br \/>Merci beaucoup.<br \/><span style=\"color: #004eff;\">Thank you very much.<\/span><\/p>\n<p>MME<br \/>De rien.<br \/><span style=\"color: #004eff;\">You&#8217;re welcome.<\/span><\/p>\n<p>EXEMPLE &#8211; 3<\/p>\n<p>Emilie lit sur une table d&#8217;\u00e9tude. Thomas est devant la porte.<br \/><span style=\"color: #004eff;\">Emilie (or Emily in English) is reading on a study table. Thomas is at the door.<\/span><\/p>\n<p>THOMAS<br \/>Excuse-moi, Emilie, quelle heure est-il?<br \/><span style=\"color: #004eff;\">Excuse me, Emilie, what time is it?<\/span><\/p>\n<p>EMILIE<br \/>Il est dix heures et quart.<br \/><span style=\"color: #004eff;\">It&#8217;s a quarter past ten.<\/span><\/p>\n<p>THOMAS<br \/>Merci.<br \/><span style=\"color: #004eff;\">Thank you.<\/span><\/p>\n<p>EMILIE<br \/>De rien.<br \/><span style=\"color: #004eff;\">You&#8217;re welcome.<\/span><\/p>\n<p>EXEMPLE &#8211; 4<\/p>\n<p>Emilie lit sur une table d&#8217;\u00e9tude. Thomas est devant la porte.<br \/><span style=\"color: #004eff;\">Emilie (Emily) is reading on a study table. Thomas is at the door.<\/span><\/p>\n<p>THOMAS<br \/>Excuse-moi, Emilie, peux-tu m&#8217;aider \u00e0 la cuisine, s\u2019il te pla\u00eet ?<br \/><span style=\"color: #004eff;\">Excuse me, Emilie, can you help me in the kitchen, please?<\/span><\/p>\n<p>EMILIE<br \/>Oui, bien s\u00fbr.<br \/><span style=\"color: #004eff;\">Yes, of course.<\/span><\/p>\n<p>THOMAS<br \/>Merci.<br \/><span style=\"color: #004eff;\">Thank you.<\/span><\/p>\n<p>EMILIE<br \/>J\u2019arrive dans cinq minutes.<br \/><span style=\"color: #004eff;\">I&#8217;ll be there in five minutes.<\/span><\/p>\n<p>THOMAS<br \/>Pas de probl\u00e8me. Prends ton temps.<br \/><span style=\"color: #004eff;\">No problem. Take your time.<\/span><\/p>\n<p>VOIX OFF:<br \/>En cas de r\u00e9ponse n\u00e9gative \u00e0 une demande de renseignements<br \/>adress\u00e9e \u00e0 quelqu&#8217;un, nous devrions \u00e9galement mettre fin \u00e0 la<br \/>conversation de mani\u00e8re polie.<\/p>\n<p><span style=\"color: #004eff;\">VOICE OVER:<br \/>If we get a negative response to an inquiry from someone, we should<br \/>also end the conversation in a polite way.<\/span><\/p>\n<p>EXEMPLE &#8211; 5<\/p>\n<p>M. marche dans la rue et croise MME.<br \/><span style=\"color: #004eff;\">M. is walking down the street and crosses MME.<\/span><\/p>\n<p>M<br \/>Bonjour Madame. Pourriez-vous m&#8217;indiquer la direction de la gare, s\u2019il vous pla\u00eet ?<\/p>\n<p><span style=\"color: #004eff;\">M<br \/>Good morning, Madam. Can you please tell me the direction of the station?<\/span><\/p>\n<p>MME<br \/>Non, je ne connais pas. Excusez-moi, monsieur.<br \/><span style=\"color: #004eff;\">No, I don&#8217;t know. Sorry, sir.<\/span><\/p>\n<p>M<br \/>Ce n\u2019est pas grave. Bonne journ\u00e9e.<br \/><span style=\"color: #004eff;\">That&#8217;s all right. Have a nice day.<\/span><\/p>\n<p>MME<br \/>Vous de m\u00eame.<br \/><span style=\"color: #004eff;\">You too.<\/span><\/p>\n<p>EXEMPLE &#8211; 6<\/p>\n<p>Emilie lit sur une table d&#8217;\u00e9tude. Thomas est devant la porte.<br \/><span style=\"color: #004eff;\">Emilie (Emily) is reading on a study table. Thomas is at the door.<\/span><\/p>\n<p>THOMAS<br \/>Excuse-moi, Emilie, peux-tu m&#8217;aider \u00e0 la cuisine, s\u2019il te pla\u00eet ?<br \/><span style=\"color: #004eff;\">Excuse me, Emily, can you help me in the kitchen, please?<\/span><\/p>\n<p>EMILIE<br \/>Non, j&#8217;ai une r\u00e9union en ligne pr\u00e9vue. Je suis d\u00e9sol\u00e9.<br \/><span style=\"color: #004eff;\">No, I have an online meeting scheduled. I&#8217;m sorry.<\/span><\/p>\n<p>THOMAS<br \/>Pas de soucis. Je m&#8217;en sortirai seul.<br \/><span style=\"color: #004eff;\">No worries. I&#8217;ll manage on my own.<\/span><\/p>\n<p>EMILIE<br \/>Merci pour ta compr\u00e9hension.<br \/><span style=\"color: #004eff;\">Thank you for understanding.<\/span><\/p>\n<p>\u00e0 lire et \u00e0 retenir :<span style=\"color: #004eff;\"> read and remember<\/span><br \/>\u25cf D\u00e9sol\u00e9 &#8211; <span style=\"color: #004eff;\">Sorry<\/span><br \/>\u25cf Excusez-moi &#8211; <span style=\"color: #004eff;\">Excuse me<\/span><br \/>\u25cf Pardon ( pardonnez-moi) &#8211;<span style=\"color: #004eff;\"> Pardon (forgive me)<\/span><br \/>\u25cf Pardonnez-moi pour cela. &#8211; <span style=\"color: #004eff;\">Forgive me for this.<\/span><br \/>\u25cf Je suis vraiment d\u00e9sol\u00e9! &#8211;<span style=\"color: #004eff;\"> I am so sorry!<\/span><br \/>\u25cf Je suis tr\u00e8s \/ profond\u00e9ment \/ terriblement d\u00e9sol\u00e9 &#8211; <span style=\"color: #004eff;\">I am very \/ deeply \/ terribly sorry<\/span><br \/>\u25cf Ce n\u2019\u00e9tait pas mon intention de &#8230; &#8211; <span style=\"color: #004eff;\">It was not my intention to.<\/span><br \/>\u25cf C\u2019\u00e9tait stupide \/ J\u2019ai \u00e9t\u00e9 n\u00e9gligent \/ irr\u00e9fl\u00e9chi &#8211;<span style=\"color: #004eff;\"> It was stupid \/ I was careless \/ thoughtless<\/span><br \/>\u25cf Il n&#8217;y aucune excuse pour&#8230; &#8211; <span style=\"color: #004eff;\">There is no excuse for&#8230;<\/span><br \/>\u25cf C\u2019est de ma faute. &#8211;<span style=\"color: #004eff;\"> It was my fault.<\/span><br \/>\u25cf C\u2019\u00e9tait tout de ma faute . &#8211;<span style=\"color: #004eff;\"> It was all my fault.<\/span><br \/>\u25cf S\u2019il vous pla\u00eet, pardonnez-moi pour&#8230; <span style=\"color: #004eff;\">Please forgive me for .<\/span><br \/>\u25cf S\u2019il vous pla\u00eet, acceptez mes excuses pour&#8230; <span style=\"color: #004eff;\">Please accept my apology for.<\/span><br \/>\u25cf Veuillez accepter nos sinc\u00e8res excuses. &#8211; <span style=\"color: #004eff;\">Please accept our sincere apology.<\/span><br \/>\u25cf Veuillez excuser mon ignorance. &#8211; <span style=\"color: #004eff;\">Please excuse my ignorance.<\/span><br \/>\u25cf Ne soyez pas en col\u00e8re contre moi. &#8211;<span style=\"color: #004eff;\"> Please do not be angry at me<\/span><\/p>\n<p>\u25cf Je m\u2019excuse pour&#8230; &#8211; <span style=\"color: #004eff;\">I apologize for&#8230;<\/span><br \/>\u25cf J\u2019aimerais m&#8217; excuser pour&#8230; &#8211; <span style=\"color: #004eff;\">I would like to apologize for&#8230;<\/span><br \/>\u25cf Je dois m\u2019excuser pour&#8230; &#8211;<span style=\"color: #004eff;\"> I must apologize for&#8230;<\/span><br \/>\u25cf Je suis tellement d\u00e9sol\u00e9 pour&#8230; <span style=\"color: #004eff;\">&#8211; I am so sorry for&#8230;<\/span><br \/>\u25cf Je n\u2019aurais pas du&#8230; &#8211;<span style=\"color: #004eff;\"> I shouldn&#8217;t have..<\/span><br \/>\u25cf Je suis sinc\u00e8rement&#8230; &#8211;<span style=\"color: #004eff;\"> I am sincerely&#8230;<\/span><\/p>\n<p>[\/et_pb_accordion_item][\/et_pb_accordion][\/et_pb_column][et_pb_column type=&#8221;1_2&#8243; _builder_version=&#8221;4.15&#8243; global_colors_info=&#8221;{}&#8221;][\/et_pb_column][\/et_pb_row][et_pb_row _builder_version=&#8221;4.15&#8243; global_colors_info=&#8221;{}&#8221;][et_pb_column type=&#8221;4_4&#8243; _builder_version=&#8221;4.15&#8243; global_colors_info=&#8221;{}&#8221;][et_pb_button button_url=&#8221;https:\/\/drive.google.com\/file\/d\/1ChTVZS4VB5Uhpy5dA-8VsZYzOIj_PNVd\/view&#8221; url_new_window=&#8221;on&#8221; button_text=&#8221;Download PDF file&#8221; button_alignment=&#8221;center&#8221; _builder_version=&#8221;4.15.1&#8243; custom_button=&#8221;on&#8221; button_text_color=&#8221;#000000&#8243; button_icon=&#8221;&#xe048;||divi||400&#8243; button_on_hover=&#8221;off&#8221; custom_padding=&#8221;|35px||12px|false|false&#8221; global_colors_info=&#8221;{}&#8221;][\/et_pb_button][\/et_pb_column][\/et_pb_row][\/et_pb_section][et_pb_section fb_built=&#8221;1&#8243; fullwidth=&#8221;on&#8221; _builder_version=&#8221;4.15&#8243; da_disable_devices=&#8221;off|off|off&#8221; global_colors_info=&#8221;{}&#8221; da_is_popup=&#8221;off&#8221; da_exit_intent=&#8221;off&#8221; da_has_close=&#8221;on&#8221; da_alt_close=&#8221;off&#8221; da_dark_close=&#8221;off&#8221; da_not_modal=&#8221;on&#8221; da_is_singular=&#8221;off&#8221; da_with_loader=&#8221;off&#8221; da_has_shadow=&#8221;on&#8221;][\/et_pb_section]<\/p>\n","protected":false},"excerpt":{"rendered":"<p>EXPRESSIONS DE POLITESSE (2)FAIRE UNE DEMANDE EXPRESSIONS OF COURTESY (2)MAKE A REQUEST PROFESSEUR:Bonjour, dans cet \u00e9pisode de \u2018Learn French at ease\u2019 nous allons parler des expressions de politesse pour demander un renseignement. Oncommence! PROFESSOR:Hello, in this episode of &#8216;Learn French at ease&#8217; we&#8217;re going to talk abou expressions of courtesy when making a request. Let&#8217;s [&hellip;]<\/p>\n","protected":false},"author":1,"featured_media":0,"parent":0,"menu_order":0,"comment_status":"closed","ping_status":"closed","template":"","meta":{"_et_pb_use_builder":"on","_et_pb_old_content":"","_et_gb_content_width":"","footnotes":""},"_links":{"self":[{"href":"https:\/\/multidimensionparis.com\/bn\/wp-json\/wp\/v2\/pages\/4883"}],"collection":[{"href":"https:\/\/multidimensionparis.com\/bn\/wp-json\/wp\/v2\/pages"}],"about":[{"href":"https:\/\/multidimensionparis.com\/bn\/wp-json\/wp\/v2\/types\/page"}],"author":[{"embeddable":true,"href":"https:\/\/multidimensionparis.com\/bn\/wp-json\/wp\/v2\/users\/1"}],"replies":[{"embeddable":true,"href":"https:\/\/multidimensionparis.com\/bn\/wp-json\/wp\/v2\/comments?post=4883"}],"version-history":[{"count":5,"href":"https:\/\/multidimensionparis.com\/bn\/wp-json\/wp\/v2\/pages\/4883\/revisions"}],"predecessor-version":[{"id":5034,"href":"https:\/\/multidimensionparis.com\/bn\/wp-json\/wp\/v2\/pages\/4883\/revisions\/5034"}],"wp:attachment":[{"href":"https:\/\/multidimensionparis.com\/bn\/wp-json\/wp\/v2\/media?parent=4883"}],"curies":[{"name":"wp","href":"https:\/\/api.w.org\/{rel}","templated":true}]}}